{"id":8257,"date":"2024-11-19T11:12:27","date_gmt":"2024-11-19T11:12:27","guid":{"rendered":"https:\/\/www.villabissiniga.com\/faqs\/"},"modified":"2024-12-16T11:31:34","modified_gmt":"2024-12-16T11:31:34","slug":"faqs","status":"publish","type":"page","link":"https:\/\/www.villabissiniga.com\/de\/faqs\/","title":{"rendered":"Faqs"},"content":{"rendered":"<div class=\"wpb-content-wrapper\"><p>[vc_section css=&#8221;.vc_custom_1729191340525{margin-top: 5% !important;}&#8221;][vc_row css=&#8221;.vc_custom_1729236916209{margin-bottom: 10% !important;}&#8221;][vc_column][vc_column_text css=&#8221;&#8221;]Willkommen in der Villa Bissiniga, Ihrem Zuhause fern von Zuhause, an den wundersch\u00f6nen Ufern des Gardasees. Wir haben eine Liste von h\u00e4ufig gestellten Fragen zusammengestellt, um Ihnen bei der Planung Ihres perfekten Aufenthalts bei uns zu helfen. Wenn Sie die gesuchte Antwort nicht finden, z\u00f6gern Sie nicht, uns zu kontaktieren.[\/vc_column_text][vc_tta_accordion][vc_tta_section title=&#8221;Was macht Villa Bissiniga einzigartig?&#8221; tab_id=&#8221;1729234785815-9adabd2b-232f&#8221;][vc_column_text css=&#8221;.vc_custom_1729842064052{margin-top: 5% !important;margin-bottom: 5% !important;padding-right: 5% !important;padding-left: 5% !important;}&#8221;]Villa Bissiniga ist ein historisches Geb\u00e4ude mit einem reichen Erbe und atemberaubenden Ausblicken auf die Uferpromenade der Bucht von Sal\u00f2 am Gardasee. Als familiengef\u00fchrtes Unternehmen sind wir stolz auf unseren personalisierten Service, das Gourmet-Fr\u00fchst\u00fcck und unser Engagement f\u00fcr Nachhaltigkeit.[\/vc_column_text][\/vc_tta_section][vc_tta_section title=&#8221;Gibt es WLAN?&#8221; tab_id=&#8221;1729234785829-302fcf1f-8ea4&#8243;][vc_column_text css=&#8221;.vc_custom_1729842130325{margin-top: 5% !important;margin-bottom: 5% !important;padding-right: 5% !important;padding-left: 5% !important;}&#8221;]Ja, wir bieten allen G\u00e4sten in der gesamten Anlage kostenloses Highspeed-WLAN[\/vc_column_text][\/vc_tta_section][vc_tta_section title=&#8221;Sind die Zimmer mit einer Klimaanlage ausgestattet?&#8221; tab_id=&#8221;1729234978773-606797bd-d99a&#8221;][vc_column_text css=&#8221;.vc_custom_1729842210486{margin-top: 5% !important;margin-bottom: 5% !important;padding-right: 5% !important;padding-left: 5% !important;}&#8221;]Absolut! Alle unsere Zimmer sind mit modernen, energieeffizienten Klimaanlagen ausgestattet.[\/vc_column_text][\/vc_tta_section][vc_tta_section title=&#8221;Was ist im Gourmet-Fr\u00fchst\u00fcck enthalten?&#8221; tab_id=&#8221;1729234977781-def1fb8a-b175&#8243;][vc_column_text css=&#8221;.vc_custom_1729842265662{margin-top: 5% !important;margin-bottom: 5% !important;padding-right: 5% !important;padding-left: 5% !important;}&#8221;]Unser Gourmet-Fr\u00fchst\u00fccksbuffet ist f\u00fcr viele G\u00e4ste ein Highlight. Wir servieren eine k\u00f6stliche Mischung aus lokalen Spezialit\u00e4ten und internationalen Lieblingsgerichten, die mit frischen, lokal bezogenen Zutaten zubereitet werden. Vegane und glutenfreie Optionen sind auf Anfrage erh\u00e4ltlich[\/vc_column_text][\/vc_tta_section][vc_tta_section title=&#8221;Stehen Parkpl\u00e4tze zur Verf\u00fcgung?&#8221; tab_id=&#8221;1729234976603-695910b0-8aad&#8221;][vc_column_text css=&#8221;.vc_custom_1729842301934{margin-top: 5% !important;margin-bottom: 5% !important;padding-right: 5% !important;padding-left: 5% !important;}&#8221;]Ja, wir bieten unseren G\u00e4sten kostenfreie Parkpl\u00e4tze vor Ort. Bitte lassen Sie uns im Voraus wissen, ob Sie mit dem Auto anreisen.[\/vc_column_text][\/vc_tta_section][vc_tta_section title=&#8221;Ist die Villa Bissiniga rollstuhlgerecht?&#8221; tab_id=&#8221;1729234975184-b0db7bed-6cf8&#8243;][vc_column_text css=&#8221;.vc_custom_1729842342726{margin-top: 5% !important;margin-bottom: 5% !important;padding-right: 5% !important;padding-left: 5% !important;}&#8221;]Nein, kontaktieren Sie uns bitte, um Ihre speziellen Bed\u00fcrfnisse zu besprechen, und wir werden unser Bestes tun, um Ihnen entgegenzukommen.[\/vc_column_text][\/vc_tta_section][vc_tta_section title=&#8221;Welche Sehensw\u00fcrdigkeiten in der N\u00e4he von Villa Bissiniga sollte man sich nicht entgehen lassen?&#8221; tab_id=&#8221;1729234973230-ab7a79da-1f5f&#8221;][vc_column_text css=&#8221;.vc_custom_1729842581303{margin-top: 5% !important;margin-bottom: 5% !important;padding-right: 5% !important;padding-left: 5% !important;}&#8221;]Sal\u00f2 bietet eine breite Palette an Attraktionen, darunter:<\/p>\n<ul>\n<li>Die Altstadt mit ihrer wundersch\u00f6nen Promenade<\/li>\n<li>Der Dom von Sal\u00f2<\/li>\n<li>MuSa (Museum von Sal\u00f2)<\/li>\n<li>Verschiedene Wassersportarten auf dem Gardasee<\/li>\n<\/ul>\n<p><strong>Entdecke weitere lokale Attraktionen<\/strong>[\/vc_column_text][\/vc_tta_section][vc_tta_section title=&#8221;Wie kann ich mich in Sal\u00f2 und in der Gegend des Gardasees fortbewegen?&#8221; tab_id=&#8221;1729234967173-b8b1a237-7208&#8243;][vc_column_text css=&#8221;.vc_custom_1729843046912{margin-top: 5% !important;margin-bottom: 5% !important;padding-right: 5% !important;padding-left: 5% !important;}&#8221;]Es gibt verschiedene Transportm\u00f6glichkeiten:<\/p>\n<ul>\n<li>Zu Fu\u00df (das Zentrum von Sal\u00f2 ist einfach zu Fuss erkundbar)<\/li>\n<li>Lokale Busse<\/li>\n<li>F\u00e4hrdienste auf dem Gardasee<\/li>\n<li>Taxidienste<\/li>\n<li>Fahrradverleih (im Hotel buchbar)<\/li>\n<\/ul>\n<p>Wir freuen uns, Ihnen bei der Planung Ihrer Reise zu helfen und k\u00f6nnen auf Anfrage den Transport organisieren.[\/vc_column_text][\/vc_tta_section][vc_tta_section title=&#8221;Welche saisonalen Aktivit\u00e4ten sind verf\u00fcgbar?&#8221; tab_id=&#8221;1729236000562-f2fb134e-1771&#8243;][vc_column_text css=&#8221;.vc_custom_1729843236274{margin-top: 5% !important;margin-bottom: 5% !important;padding-right: 5% !important;padding-left: 5% !important;}&#8221;]<\/p>\n<ul>\n<li><strong>Fr\u00fchling\/Sommer:<\/strong> Wassersport, Wandern, Radfahren, Open-Air-Konzerte.<\/li>\n<li><strong>Herbst: Weinverkostungen<\/strong>, Gastronomiefestivals, Panoramafahrten<\/li>\n<li><strong>Winter<\/strong>: Weihnachtsm\u00e4rkte, Indoor-Spa-Behandlungen, Tagesausfl\u00fcge zu nahegelegenen Skigebieten<\/li>\n<\/ul>\n<p>[\/vc_column_text][\/vc_tta_section][vc_tta_section title=&#8221;Gibt es gute Restaurants, die Sie empfehlen?&#8221; tab_id=&#8221;1729235999746-a6de892e-18dd&#8221;][vc_column_text css=&#8221;.vc_custom_1729843302526{margin-top: 5% !important;margin-bottom: 5% !important;padding-left: 5% !important;}&#8221;]Sal\u00f2 bietet zahlreiche ausgezeichnete Restaurants. Unser Personal kann Ihnen auf Ihre Vorlieben abgestimmte Empfehlungen geben, egal ob Sie traditionelle italienische K\u00fcche, gehobene Restaurants oder familienfreundliche Optionen suchen. Wir freuen uns, Ihnen bei der Planung Ihres Restaurantbesuchs zu helfen und k\u00f6nnen auf Anfrage den Transport organisieren.[\/vc_column_text][\/vc_tta_section][vc_tta_section title=&#8221;Buchungsverfahren &#8211; wie kann ich eine Reservierung vornehmen? Was sind Ihre Stornierungsbedingungen? &#8221; tab_id=&#8221;1729235998958-61265327-5ab5&#8243;][vc_column_text css=&#8221;.vc_custom_1729843369948{margin-bottom: 5% !important;padding-right: 5% !important;padding-left: 5% !important;}&#8221;]Sie k\u00f6nnen direkt \u00fcber unsere Website, telefonisch oder \u00fcber die g\u00e4ngigsten Buchungsplattformen buchen. F\u00fcr die besten Tarife und Sonderangebote empfehlen wir, direkt bei uns zu buchen.<\/p>\n<h4><a href=\"https:\/\/www.villabissiniga.com\/it\/room-list\/\">Jetzt buchen<\/a><\/h4>\n<p>[\/vc_column_text][\/vc_tta_section][vc_tta_section title=&#8221;Sind Haustiere erlaubt?&#8221; tab_id=&#8221;1729235993053-d4da9973-e423&#8243;][vc_column_text css=&#8221;.vc_custom_1729843442953{margin-top: 5% !important;margin-bottom: 5% !important;padding-right: 5% !important;padding-left: 5% !important;}&#8221;]Gut erzogene Haustiere sind in einigen Zimmern erlaubt. Bitte informieren Sie uns bei der Buchung, da eine kleine Geb\u00fchr anf\u00e4llt und wir nur eine begrenzte Anzahl von haustierfreundlichen Zimmern haben.[\/vc_column_text][\/vc_tta_section][vc_tta_section title=&#8221;Welche Zahlungsarten sind m\u00f6glich?&#8221; tab_id=&#8221;1729235992185-cae3508a-1202&#8243;][vc_column_text css=&#8221;.vc_custom_1729843496420{margin-top: 5% !important;margin-bottom: 5% !important;padding-right: 5% !important;padding-left: 5% !important;}&#8221;]Wir akzeptieren alle g\u00e4ngigen Kreditkarten, Debitkarten und Barzahlungen in Euro.[\/vc_column_text][\/vc_tta_section][vc_tta_section title=&#8221;Wie sind die Check-in und Check-out Zeiten?&#8221; tab_id=&#8221;1729235991253-2f8008ed-1676&#8243;][vc_column_text css=&#8221;.vc_custom_1729843565584{margin-top: 5% !important;margin-bottom: 5% !important;padding-right: 5% !important;padding-left: 5% !important;}&#8221;]<\/p>\n<ul>\n<li>Check-in: ab 15:00<\/li>\n<li>Check-out: bis 11:00<\/li>\n<\/ul>\n<p>Ein fr\u00fcher Check-in oder sp\u00e4ter Check-out kann auf Anfrage und je nach Verf\u00fcgbarkeit m\u00f6glich sein.[\/vc_column_text][\/vc_tta_section][vc_tta_section title=&#8221;Bietet Ihr die Organisation von Flughafentransfers an?&#8221; tab_id=&#8221;1729235990507-87b5c60b-c266&#8243;][vc_column_text css=&#8221;.vc_custom_1729843636675{margin-top: 5% !important;margin-bottom: 5% !important;padding-right: 5% !important;padding-left: 5% !important;}&#8221;]Ja, wir k\u00f6nnen Flughafentransfers von den nahegelegenen Flugh\u00e4fen, einschlie\u00dflich Verona, Mailand und Venedig, organisieren. Bitte geben Sie Ihre Flugdaten bei der Buchung an oder kontaktieren Sie uns im Voraus, um diesen Service zu arrangieren.<\/p>\n<h4><a href=\"https:\/\/www.villabissiniga.com\/de\/kontaktiere-uns\/\">Kontaktiert uns jetzt!<\/a><\/h4>\n<p>[\/vc_column_text][\/vc_tta_section][\/vc_tta_accordion][\/vc_column][\/vc_row][\/vc_section]<\/p>\n<\/div>","protected":false},"excerpt":{"rendered":"<p>[vc_section css=&#8221;.vc_custom_1729191340525{margin-top: 5% !important;}&#8221;][vc_row css=&#8221;.vc_custom_1729236916209{margin-bottom: 10% !important;}&#8221;][vc_column][vc_column_text css=&#8221;&#8221;]Willkommen in der Villa Bissiniga, Ihrem Zuhause fern von Zuhause, an den wundersch\u00f6nen Ufern des Gardasees. Wir haben eine Liste von h\u00e4ufig gestellten Fragen zusammengestellt, um Ihnen bei der Planung Ihres perfekten Aufenthalts bei uns zu helfen. Wenn Sie die gesuchte Antwort nicht finden, z\u00f6gern Sie nicht, uns [&hellip;]<\/p>\n","protected":false},"author":2,"featured_media":0,"parent":0,"menu_order":0,"comment_status":"closed","ping_status":"closed","template":"","meta":{"footnotes":""},"class_list":["post-8257","page","type-page","status-publish","hentry"],"yoast_head":"<!-- This site is optimized with the Yoast SEO plugin v23.6 - https:\/\/yoast.com\/wordpress\/plugins\/seo\/ -->\n<title>Faqs - Agriturismo Villa Bissiniga I Sal\u00f2 del Garda<\/title>\n<meta name=\"description\" content=\"Es ist schwer, unser Relais Farmhouse mit einer kurzen Beschreibung gerecht zu werden. Wenn Sie ein einzigartiges und entspannendes Erlebnis am Gardasee suchen, besuchen Sie uns jetzt\" \/>\n<meta name=\"robots\" content=\"index, follow, max-snippet:-1, max-image-preview:large, max-video-preview:-1\" \/>\n<link rel=\"canonical\" href=\"https:\/\/www.villabissiniga.com\/de\/faqs\/\" \/>\n<meta property=\"og:locale\" content=\"de_DE\" \/>\n<meta property=\"og:type\" content=\"article\" \/>\n<meta property=\"og:title\" content=\"Faqs - Agriturismo Villa Bissiniga I Sal\u00f2 del Garda\" \/>\n<meta property=\"og:description\" content=\"Es ist schwer, unser Relais Farmhouse mit einer kurzen Beschreibung gerecht zu werden. Wenn Sie ein einzigartiges und entspannendes Erlebnis am Gardasee suchen, besuchen Sie uns jetzt\" \/>\n<meta property=\"og:url\" content=\"https:\/\/www.villabissiniga.com\/de\/faqs\/\" \/>\n<meta property=\"og:site_name\" content=\"Agriturismo Villa Bissiniga I Sal\u00f2 del Garda\" \/>\n<meta property=\"article:publisher\" content=\"https:\/\/www.facebook.com\/AgriturismoVillaBissiniga\/\" \/>\n<meta property=\"article:modified_time\" content=\"2024-12-16T11:31:34+00:00\" \/>\n<meta name=\"twitter:card\" content=\"summary_large_image\" \/>\n<meta name=\"twitter:label1\" content=\"Gesch\u00e4tzte Lesezeit\" \/>\n\t<meta name=\"twitter:data1\" content=\"4\u00a0Minuten\" \/>\n<script type=\"application\/ld+json\" class=\"yoast-schema-graph\">{\"@context\":\"https:\/\/schema.org\",\"@graph\":[{\"@type\":\"WebPage\",\"@id\":\"https:\/\/www.villabissiniga.com\/de\/faqs\/\",\"url\":\"https:\/\/www.villabissiniga.com\/de\/faqs\/\",\"name\":\"Faqs - Agriturismo Villa Bissiniga I Sal\u00f2 del Garda\",\"isPartOf\":{\"@id\":\"https:\/\/www.villabissiniga.com\/de\/#website\"},\"datePublished\":\"2024-11-19T11:12:27+00:00\",\"dateModified\":\"2024-12-16T11:31:34+00:00\",\"description\":\"Es ist schwer, unser Relais Farmhouse mit einer kurzen Beschreibung gerecht zu werden. Wenn Sie ein einzigartiges und entspannendes Erlebnis am Gardasee suchen, besuchen Sie uns jetzt\",\"breadcrumb\":{\"@id\":\"https:\/\/www.villabissiniga.com\/de\/faqs\/#breadcrumb\"},\"inLanguage\":\"de\",\"potentialAction\":[{\"@type\":\"ReadAction\",\"target\":[\"https:\/\/www.villabissiniga.com\/de\/faqs\/\"]}]},{\"@type\":\"BreadcrumbList\",\"@id\":\"https:\/\/www.villabissiniga.com\/de\/faqs\/#breadcrumb\",\"itemListElement\":[{\"@type\":\"ListItem\",\"position\":1,\"name\":\"Home\",\"item\":\"https:\/\/www.villabissiniga.com\/de\/\"},{\"@type\":\"ListItem\",\"position\":2,\"name\":\"Faqs\"}]},{\"@type\":\"WebSite\",\"@id\":\"https:\/\/www.villabissiniga.com\/de\/#website\",\"url\":\"https:\/\/www.villabissiniga.com\/de\/\",\"name\":\"Agriturismo Villa Bissiniga I Sal\u00f2 del Garda\",\"description\":\"Farmhouse Villa Bed and Breakfast on Lake Garda, Italy\",\"publisher\":{\"@id\":\"https:\/\/www.villabissiniga.com\/de\/#organization\"},\"potentialAction\":[{\"@type\":\"SearchAction\",\"target\":{\"@type\":\"EntryPoint\",\"urlTemplate\":\"https:\/\/www.villabissiniga.com\/de\/?s={search_term_string}\"},\"query-input\":{\"@type\":\"PropertyValueSpecification\",\"valueRequired\":true,\"valueName\":\"search_term_string\"}}],\"inLanguage\":\"de\"},{\"@type\":\"Organization\",\"@id\":\"https:\/\/www.villabissiniga.com\/de\/#organization\",\"name\":\"Agriturismo Villa Bissiniga\",\"url\":\"https:\/\/www.villabissiniga.com\/de\/\",\"logo\":{\"@type\":\"ImageObject\",\"inLanguage\":\"de\",\"@id\":\"https:\/\/www.villabissiniga.com\/de\/#\/schema\/logo\/image\/\",\"url\":\"https:\/\/www.villabissiniga.com\/wp-content\/uploads\/2019\/05\/logo_bissinia_dark-1.png\",\"contentUrl\":\"https:\/\/www.villabissiniga.com\/wp-content\/uploads\/2019\/05\/logo_bissinia_dark-1.png\",\"width\":575,\"height\":184,\"caption\":\"Agriturismo Villa Bissiniga\"},\"image\":{\"@id\":\"https:\/\/www.villabissiniga.com\/de\/#\/schema\/logo\/image\/\"},\"sameAs\":[\"https:\/\/www.facebook.com\/AgriturismoVillaBissiniga\/\",\"https:\/\/www.instagram.com\/villabissiniga\/?hl=it\"]}]}<\/script>\n<!-- \/ Yoast SEO plugin. -->","yoast_head_json":{"title":"Faqs - Agriturismo Villa Bissiniga I Sal\u00f2 del Garda","description":"Es ist schwer, unser Relais Farmhouse mit einer kurzen Beschreibung gerecht zu werden. Wenn Sie ein einzigartiges und entspannendes Erlebnis am Gardasee suchen, besuchen Sie uns jetzt","robots":{"index":"index","follow":"follow","max-snippet":"max-snippet:-1","max-image-preview":"max-image-preview:large","max-video-preview":"max-video-preview:-1"},"canonical":"https:\/\/www.villabissiniga.com\/de\/faqs\/","og_locale":"de_DE","og_type":"article","og_title":"Faqs - Agriturismo Villa Bissiniga I Sal\u00f2 del Garda","og_description":"Es ist schwer, unser Relais Farmhouse mit einer kurzen Beschreibung gerecht zu werden. Wenn Sie ein einzigartiges und entspannendes Erlebnis am Gardasee suchen, besuchen Sie uns jetzt","og_url":"https:\/\/www.villabissiniga.com\/de\/faqs\/","og_site_name":"Agriturismo Villa Bissiniga I Sal\u00f2 del Garda","article_publisher":"https:\/\/www.facebook.com\/AgriturismoVillaBissiniga\/","article_modified_time":"2024-12-16T11:31:34+00:00","twitter_card":"summary_large_image","twitter_misc":{"Gesch\u00e4tzte Lesezeit":"4\u00a0Minuten"},"schema":{"@context":"https:\/\/schema.org","@graph":[{"@type":"WebPage","@id":"https:\/\/www.villabissiniga.com\/de\/faqs\/","url":"https:\/\/www.villabissiniga.com\/de\/faqs\/","name":"Faqs - Agriturismo Villa Bissiniga I Sal\u00f2 del Garda","isPartOf":{"@id":"https:\/\/www.villabissiniga.com\/de\/#website"},"datePublished":"2024-11-19T11:12:27+00:00","dateModified":"2024-12-16T11:31:34+00:00","description":"Es ist schwer, unser Relais Farmhouse mit einer kurzen Beschreibung gerecht zu werden. Wenn Sie ein einzigartiges und entspannendes Erlebnis am Gardasee suchen, besuchen Sie uns jetzt","breadcrumb":{"@id":"https:\/\/www.villabissiniga.com\/de\/faqs\/#breadcrumb"},"inLanguage":"de","potentialAction":[{"@type":"ReadAction","target":["https:\/\/www.villabissiniga.com\/de\/faqs\/"]}]},{"@type":"BreadcrumbList","@id":"https:\/\/www.villabissiniga.com\/de\/faqs\/#breadcrumb","itemListElement":[{"@type":"ListItem","position":1,"name":"Home","item":"https:\/\/www.villabissiniga.com\/de\/"},{"@type":"ListItem","position":2,"name":"Faqs"}]},{"@type":"WebSite","@id":"https:\/\/www.villabissiniga.com\/de\/#website","url":"https:\/\/www.villabissiniga.com\/de\/","name":"Agriturismo Villa Bissiniga I Sal\u00f2 del Garda","description":"Farmhouse Villa Bed and Breakfast on Lake Garda, Italy","publisher":{"@id":"https:\/\/www.villabissiniga.com\/de\/#organization"},"potentialAction":[{"@type":"SearchAction","target":{"@type":"EntryPoint","urlTemplate":"https:\/\/www.villabissiniga.com\/de\/?s={search_term_string}"},"query-input":{"@type":"PropertyValueSpecification","valueRequired":true,"valueName":"search_term_string"}}],"inLanguage":"de"},{"@type":"Organization","@id":"https:\/\/www.villabissiniga.com\/de\/#organization","name":"Agriturismo Villa Bissiniga","url":"https:\/\/www.villabissiniga.com\/de\/","logo":{"@type":"ImageObject","inLanguage":"de","@id":"https:\/\/www.villabissiniga.com\/de\/#\/schema\/logo\/image\/","url":"https:\/\/www.villabissiniga.com\/wp-content\/uploads\/2019\/05\/logo_bissinia_dark-1.png","contentUrl":"https:\/\/www.villabissiniga.com\/wp-content\/uploads\/2019\/05\/logo_bissinia_dark-1.png","width":575,"height":184,"caption":"Agriturismo Villa Bissiniga"},"image":{"@id":"https:\/\/www.villabissiniga.com\/de\/#\/schema\/logo\/image\/"},"sameAs":["https:\/\/www.facebook.com\/AgriturismoVillaBissiniga\/","https:\/\/www.instagram.com\/villabissiniga\/?hl=it"]}]}},"_links":{"self":[{"href":"https:\/\/www.villabissiniga.com\/de\/wp-json\/wp\/v2\/pages\/8257"}],"collection":[{"href":"https:\/\/www.villabissiniga.com\/de\/wp-json\/wp\/v2\/pages"}],"about":[{"href":"https:\/\/www.villabissiniga.com\/de\/wp-json\/wp\/v2\/types\/page"}],"author":[{"embeddable":true,"href":"https:\/\/www.villabissiniga.com\/de\/wp-json\/wp\/v2\/users\/2"}],"replies":[{"embeddable":true,"href":"https:\/\/www.villabissiniga.com\/de\/wp-json\/wp\/v2\/comments?post=8257"}],"version-history":[{"count":3,"href":"https:\/\/www.villabissiniga.com\/de\/wp-json\/wp\/v2\/pages\/8257\/revisions"}],"predecessor-version":[{"id":8451,"href":"https:\/\/www.villabissiniga.com\/de\/wp-json\/wp\/v2\/pages\/8257\/revisions\/8451"}],"wp:attachment":[{"href":"https:\/\/www.villabissiniga.com\/de\/wp-json\/wp\/v2\/media?parent=8257"}],"curies":[{"name":"wp","href":"https:\/\/api.w.org\/{rel}","templated":true}]}}