{"id":8263,"date":"2024-11-29T10:53:51","date_gmt":"2024-11-29T10:53:51","guid":{"rendered":"https:\/\/www.villabissiniga.com\/wie-anreisen\/"},"modified":"2024-12-16T12:07:32","modified_gmt":"2024-12-16T12:07:32","slug":"wie-anreisen","status":"publish","type":"page","link":"https:\/\/www.villabissiniga.com\/de\/wie-anreisen\/","title":{"rendered":"Wie anreisen ?"},"content":{"rendered":"<div class=\"wpb-content-wrapper\"><p>[vc_section css=&#8221;.vc_custom_1729191126308{margin-top: 5% !important;margin-bottom: 20px !important;}&#8221;][vc_row full_width=&#8221;stretch_row_content&#8221;][vc_column][vc_gmaps link=&#8221;#E-8_JTBBJTIwJTIwJTIwJTIwJTIwJTIwJTIwJTIwJTIwJTIwJTNDaWZyYW1lJTIwc3JjJTNEJTIyaHR0cHMlM0ElMkYlMkZ3d3cuZ29vZ2xlLmNvbSUyRm1hcHMlMkZlbWJlZCUzRnBiJTNEJTIxMW0xOCUyMTFtMTIlMjExbTMlMjExZDI3OTAuNzg5NTc5OTIxNTMyJTIxMmQxMC41MTI1MTMzMTU1NjI1MTMlMjEzZDQ1LjYxNDg3MjM3OTEwMyUyMTJtMyUyMTFmMCUyMTJmMCUyMTNmMCUyMTNtMiUyMTFpMTAyNCUyMTJpNzY4JTIxNGYxMy4xJTIxM20zJTIxMW0yJTIxMXMweDQ3ODE4ZjAyZTMyYTQ4ODUlMjUzQTB4NDdiMmNhMDRlMGI3NzIyZSUyMTJzQWdyaXR1cmlzbW8lMkJWaWxsYSUyQkJpc3NpbmlnYSUyMTVlMCUyMTNtMiUyMTFzZW4lMjEyc2l0JTIxNHYxNTU5MDU3MTk3MzY5JTIxNW0yJTIxMXNlbiUyMTJzaXQlMjIlMjB3aWR0aCUzRCUyMjYwMCUyMiUyMGhlaWdodCUzRCUyMjQ1MCUyMiUyMGZyYW1lYm9yZGVyJTNEJTIyMCUyMiUyMHN0eWxlJTNEJTIyYm9yZGVyJTNBMCUyMiUyMGFsbG93ZnVsbHNjcmVlbiUzRCUyMiUyMiUzRSUzQyUyRmlmcmFtZSUzRSUwQSUyMCUyMCUyMCUyMCUyMCUyMCUyMCUyMA==&#8221;][\/vc_column][\/vc_row][\/vc_section][vc_row][vc_column][vc_column_text css=&#8221;.vc_custom_1729844941906{margin-top: 20px !important;}&#8221;]<\/p>\n<h4>Wie erreiche ich den Agriturismo Villa Bissiniga mit dem Auto?<\/h4>\n<p>Die Anreise zum Agriturismo Villa Bissiniga mit dem Auto ist eine bequem und praktisch, insbesondere wenn Sie aus einer nahegelegenen Ortschaft kommen. Der Agriturismo befindet sich in der malerischen Stadt Sal\u00f2 und ist mit dem Auto leicht erreichbar. Um den Agriturismo zu erreichen, folgen Sie einfach den Schildern nach Via Bissiniga Frazione Renzano, Sal\u00f2, 25087 BS. Ihr GPS oder Navigationssystem wird Sie direkt zum Ziel f\u00fchren. Die Fahrt zum Agriturismo Villa Bissiniga ist malerisch, mit einem wundersch\u00f6nen Blick auf den Gardasee und die umliegende Landschaft. Die Fahrt von den n\u00e4chstgelegenen gr\u00f6\u00dferen St\u00e4dten wie Verona oder Mailand dauert je nach Ausgangspunkt und Verkehrsbedingungen etwa 1-2 Stunden. Sobald Sie den Agriturismo erreicht haben, k\u00f6nnen Sie Ihr Auto vor Ort ohne Probleme parken. Wenn Sie sich \u00fcber die genaue Lage unsicher sind oder Fragen zur Anreise mit dem Auto haben, z\u00f6gern Sie nicht, das Team von Villa Bissiniga zu kontaktieren. Sie werden Ihnen gerne detaillierte Wegbeschreibungen und alle weiteren Informationen geben, die Sie f\u00fcr eine reibungslose und angenehme Reise ben\u00f6tigen.. &#8211; <a href=\"https:\/\/www.google.it\/maps\/dir\/\/Agriturismo+Villa+Bissiniga,+Via+Bissiniga,+6,+25087+Loc.+Bissiniga,+BS\/@45.6148846,10.3502211,11z\/data=!4m20!1m10!3m9!1s0x47818f02e32a4885:0x47b2ca04e0b7722e!2sAgriturismo+Villa+Bissiniga!5m2!4m1!1i2!8m2!3d45.6148414!4d10.5150194!16s%2Fg%2F1th5bfhr!4m8!1m0!1m5!1m1!1s0x47818f02e32a4885:0x47b2ca04e0b7722e!2m2!1d10.5150194!2d45.6148414!3e2?entry=ttu&amp;g_ep=EgoyMDI0MTAxNC4wIKXMDSoASAFQAw%3D%3D\" target=\"_blank\" rel=\"noopener\"><strong>Google maps<\/strong><\/a><br \/>\n&#8211; <strong><a href=\"https:\/\/www.bing.com\/maps?cp=45.614818%7E10.514747&amp;lvl=14.5\" target=\"_blank\" rel=\"noopener\">Bing Maps<\/a><\/strong><br \/>\n&#8211; <a href=\"https:\/\/www.viamichelin.it\/?bounds=10.499431698303223~45.60807809759398~10.528528301696777~45.622037902406014&amp;center=10.51398~45.615058&amp;itinerary=&amp;poiCategories=7&amp;selectedAddress=%7B%22address%22%3A%22Agriturismo+Villa+Bissiniga%2C+Via+Renzano+6%2C+25087+Sal%C3%B2%22%2C%22countryCode%22%3A%22ITA%22%2C%22region%22%3A%22Lombardia%22%2C%22zipCode%22%3A%2225087%22%2C%22coordinates%22%3A%7B%22lng%22%3A10.51398%2C%22lat%22%3A45.615058%7D%2C%22boundsSync%22%3Atrue%2C%22city%22%3A%22Sal%C3%B2%22%7D&amp;withCaravan=false\" target=\"_blank\" rel=\"noopener\"><strong>Michelin Maps<\/strong><\/a><\/p>\n<h4>Wie erreicht man das Agriturismo Villa Bissiniga \u00fcber GPS-Koordinaten?<\/h4>\n<p>F\u00fcr diejenigen, die GPS oder Navigations-Apps benutzen m\u00f6chten, lauten die genauen GPS-Koordinaten f\u00fcr das Villa Bissiniga Farmhouse 45.6158\u00b0 N, 10.5275\u00b0 E. Geben Sie einfach diese Koordinaten in Ihr Ger\u00e4t ein, und Sie werden direkt zum Standort des Agriturismo gef\u00fchrt. Die Nutzung von GPS-Koordinaten kann besonders n\u00fctzlich sein, wenn Sie mit der Gegend nicht vertraut sind oder aus weiter Entfernung anreisen. Dies stellt sicher, dass Sie das Agriturismo schnell und effizient finden, ohne sich auf schriftliche Anweisungen oder Orientierungspunkte verlassen zu m\u00fcssen. Dies kann besonders hilfreich sein, wenn Sie nachts oder bei schlechten Wetterbedingungen unterwegs sind, wenn die Sicht eingeschr\u00e4nkt sein k\u00f6nnte. Beachten Sie, dass, obwohl GPS-Koordinaten im Allgemeinen genau sind, es immer eine gute Idee ist, die Adresse noch einmal zu \u00fcberpr\u00fcfen oder das Team von Villa Bissiniga zu konsultieren, wenn Sie Zweifel an der Lage haben. Dies hilft, eventuelle Probleme oder Versp\u00e4tungen w\u00e4hrend Ihrer Reise zu vermeiden.<\/p>\n<h4>\u00d6ffentliche Verkehrsmittel, um das Agriturismo Villa Bissiniga zu erreichen<\/h4>\n<p>F\u00fcr diejenigen, die \u00f6ffentliche Verkehrsmittel bevorzugen, gibt es mehrere M\u00f6glichkeiten, um Villa Bissiniga in Sal\u00f2 zu erreichen. Ob Sie sich f\u00fcr den Zug, den Bus oder f\u00fcr eine Kombination aus beidem entscheiden, alle Optionen sorgen f\u00fcr eine bequeme und angenehme Reise.<\/p>\n<h4>Zum Agriturismo Villa Bissiniga mit dem Zug<\/h4>\n<p>Der n\u00e4chstgelegene Bahnhof zur Villa Bissiniga befindet sich in Desenzano del Garda, etwa 20 Kilometer entfernt. Von Desenzano del Garda k\u00f6nnen Sie einen Bus nach Sal\u00f2 nehmen, hier befindet sich das Agriturismo. Die Zugfahrt von den gr\u00f6sseren St\u00e4dten wie Verona oder Mailand nach Desenzano del Garda dauert in der Regel etwa 1-2 Stunden, abh\u00e4ngig vom Abfahrtspunkt und dem aktuellen Fahrplan. Sobald Sie am Bahnhof Desenzano del Garda angekommen sind, m\u00fcssen Sie in einen Bus umsteigen, der Sie den restlichen Weg nach Sal\u00f2 bringt. Die Fahrpl\u00e4ne und die Fahrkarten sind online oder am Bahnhof erh\u00e4ltlich. Beachten Sie, dass die Zugfahrpl\u00e4ne je nach Jahreszeit und Wochentag variieren k\u00f6nnen, daher sollten Sie vor Ihrer Reise immer die neuesten Informationen \u00fcberpr\u00fcfen.<\/p>\n<h4>Zum Agriturismo Villa Bissiniga mit dem Bus<\/h4>\n<p>Eine weiteres \u00f6ffentliches Verkehrsmittel, um das Agriturismo Villa Bissiniga zu erreichen, ist die Fahrt mit dem Bus. Mehrere Unternehmen wie Brescia Mobilit\u00e0 und Arriva betreiben regelm\u00e4\u00dfige Busverbindungen zwischen den nahegelegenen St\u00e4dten und Sal\u00f2. Wenn Sie aus Verona oder Mailand anreisen, k\u00f6nnen Sie einen Bus oder Reisebus direkt nach Sal\u00f2 nehmen, dem n\u00e4chstgelegenen St\u00e4dtchen zum Agriturismo Villa Bissiniga. Die Fahrzeit von diesen St\u00e4dten nach Sal\u00f2 betr\u00e4gt in der Regel 1 bis 2 Stunden, abh\u00e4ngig von den Verkehrsbedingungen und der jeweiligen Route. Sobald Sie in Sal\u00f2 angekommen sind, k\u00f6nnen Sie einen lokalen Bus nehmen oder die kurze Entfernung zum Agriturismo zu Fu\u00df gehen. Das Team von Villa Bissiniga kann Ihnen detaillierte Informationen zu den n\u00e4chstgelegenen Bushaltestellen und dem Fu\u00dfweg zum Agriturismo geben.<\/p>\n<h4>Zum Agriturismo Villa Bissiniga mit dem Flugzeug<\/h4>\n<p>F\u00fcr diejenigen, die aus gr\u00f6\u00dferer Entfernung anreisen, k\u00f6nnte das Fliegen zu einem der nahegelegenen Flugh\u00e4fen die bequemste Option sein, um das Agriturismo Villa Bissiniga zu erreichen. Die beiden n\u00e4chstgelegenen Flugh\u00e4fen zum Agriturismo sind der Flughafen Verona (VRN) und der Flughafen Mailand Bergamo (BGY). Der Flughafen Verona liegt etwa 75 Kilometer vom Agriturismo Villa Bissiniga entfernt, w\u00e4hrend der Flughafen Mailand Bergamo etwa 90 Kilometer entfernt ist. Beide Flugh\u00e4fen bieten eine breite Palette an nationalen und internationalen Fl\u00fcgen an, was sie aus verschiedenen Teilen der Welt erreichbar macht. Nach der Landung an einem dieser Flugh\u00e4fen k\u00f6nnen Sie ein Auto mieten und zum Agriturismo fahren oder eine Kombination aus \u00f6ffentlichen Verkehrsmitteln wie Zug und Bus nehmen. Das Team von Villa Bissiniga kann Ihnen detaillierte Informationen zu den besten Transportm\u00f6glichkeiten von den Flugh\u00e4fen zum Agriturismo geben, um eine reibungslose und stressfreie Reise zu gew\u00e4hrleisten.<\/p>\n<h4>Zum Agriturismo Villa Bissiniga mit dem Fahrrad<\/h4>\n<p>F\u00fcr diejenigen, die gerne Fahrrad fahren, ist die Anreise zum Agriturismo Villa Bissiniga eine wunderbare Gelegenheit, die malerischen Umgebungen von Sal\u00f2 und die Region des Gardasees zu erkunden. Die Stadt und ihre unmittelbare Umgebung bieten ein Netzwerk von Radwegen und speziellen Strecken, was sie zu einem attraktiven Ziel f\u00fcr Radfahrer macht. Wenn Sie vorhaben, das Agriturismo mit dem Fahrrad zu erreichen, k\u00f6nnen Sie Ihr eigenes Fahrrad mitbringen oder eines von einem lokalen Anbieter in Sal\u00f2 mieten. Die Radwege in der Gegend sind gut ausgeschildert und bieten atemberaubende Ausblicke auf den See und die umliegende Landschaft. Je nach Ausgangspunkt und Fitnesslevel kann die Fahrt zum Agriturismo Villa Bissiniga zwischen 30 Minuten und ein paar Stunden dauern. Sobald Sie das Agriturismo erreicht haben, k\u00f6nnen Sie Ihr Fahrrad sicher parken und die ruhige Atmosph\u00e4re des Anwesens genie\u00dfen. Das Agriturismo bietet auch eine Fahrradaufbewahrung, ideal f\u00fcr Radfahrer, die die Gegend w\u00e4hrend ihres Aufenthalts weiter erkunden m\u00f6chten.<\/p>\n<h4>Zum Agriturismo Villa Bissiniga zu Fu\u00df<\/h4>\n<p>F\u00fcr diejenigen, die ein gem\u00e4chlicheres Tempo bevorzugen, ist die Anreise zum Agriturismo Villa Bissiniga zu Fu\u00df eine wunderbare M\u00f6glichkeit, die nat\u00fcrliche Sch\u00f6nheit der Umgebung zu genie\u00dfen. Das Agriturismo befindet sich im malerischen Stadtteil Renzano, und die Reise dorthin kann genauso angenehm sein wie das Ziel selbst. Je nach Ausgangspunkt und Fitnesslevel kann die Gehzeit zum Agriturismo zwischen 30 Minuten und einer Stunde oder l\u00e4nger variieren. Der Weg bietet Panoramablicke auf den Gardasee und die bezaubernde Stadt Sal\u00f2, sodass Sie die umliegende Natur in vollen Z\u00fcgen genie\u00dfen k\u00f6nnen. Wenn Sie in Sal\u00f2 oder in der N\u00e4he \u00fcbernachten, k\u00f6nnen Sie das Agriturismo leicht zu Fu\u00df erreichen, indem Sie den gut ausgeschilderten Wegen und Pfaden folgen. Das Team von Villa Bissiniga kann Ihnen detaillierte Informationen zu den Fu\u00dfwegen und den gesch\u00e4tzten Gehzeiten geben.<\/p>\n<h4>Weitere Tipps zur Anreise zum Agriturismo Villa Bissiniga<\/h4>\n<p>Unabh\u00e4ngig vom gew\u00e4hlten Transportmittel ist die Anreise zum Agriturismo Villa Bissiniga in Sal\u00f2 eine lohnende Erfahrung. Ob Sie die Bequemlichkeit des eigenen Autos, die Flexibilit\u00e4t der \u00f6ffentlichen Verkehrsmittel, das Abenteuer des Radfahrens oder die Ruhe eines Spaziergangs bevorzugen, das Agriturismo ist zug\u00e4nglich und leicht zu erreichen. Wenn Sie Ihre Reise planen, achten Sie darauf, Faktoren wie den Abfahrtsort, den Verkehr, die Reisezeit und alle speziellen Bed\u00fcrfnisse oder Vorlieben zu ber\u00fccksichtigen. Das Team von Villa Bissiniga steht Ihnen jederzeit zur Verf\u00fcgung, um Ihnen zus\u00e4tzliche Informationen und Anweisungen zu geben und sicherzustellen, dass Ihre Reise reibungslos und angenehm verl\u00e4uft. Denken Sie daran, alle notwendigen Dinge einzupacken, wie bequeme Schuhe, wettergerechte Kleidung und alle erforderlichen Reisedokumente. Au\u00dferdem ist es ratsam, die aktuellen Fahrpl\u00e4ne und Wettervorhersagen zu \u00fcberpr\u00fcfen, um eine stressfreie und reibungslose Reise zu gew\u00e4hrleisten. Mit seiner malerischen Umgebung, seiner reichen Geschichte und seiner herzlichen Gastfreundschaft ist Villa Bissiniga ein echtes Juwel im Herzen der Gardaseeregion. Egal, wie Sie reisen, Ihre Anreise wird ein Teil des Gesamterlebnisses sein und den Grundstein f\u00fcr einen unvergesslichen Aufenthalt an diesem au\u00dfergew\u00f6hnlichen Ort legen.<\/p>\n<p>[\/vc_column_text][\/vc_column][\/vc_row]<\/p>\n<\/div>","protected":false},"excerpt":{"rendered":"<p>[vc_section css=&#8221;.vc_custom_1729191126308{margin-top: 5% !important;margin-bottom: 20px !important;}&#8221;][vc_row full_width=&#8221;stretch_row_content&#8221;][vc_column][vc_gmaps link=&#8221;#E-8_JTBBJTIwJTIwJTIwJTIwJTIwJTIwJTIwJTIwJTIwJTIwJTNDaWZyYW1lJTIwc3JjJTNEJTIyaHR0cHMlM0ElMkYlMkZ3d3cuZ29vZ2xlLmNvbSUyRm1hcHMlMkZlbWJlZCUzRnBiJTNEJTIxMW0xOCUyMTFtMTIlMjExbTMlMjExZDI3OTAuNzg5NTc5OTIxNTMyJTIxMmQxMC41MTI1MTMzMTU1NjI1MTMlMjEzZDQ1LjYxNDg3MjM3OTEwMyUyMTJtMyUyMTFmMCUyMTJmMCUyMTNmMCUyMTNtMiUyMTFpMTAyNCUyMTJpNzY4JTIxNGYxMy4xJTIxM20zJTIxMW0yJTIxMXMweDQ3ODE4ZjAyZTMyYTQ4ODUlMjUzQTB4NDdiMmNhMDRlMGI3NzIyZSUyMTJzQWdyaXR1cmlzbW8lMkJWaWxsYSUyQkJpc3NpbmlnYSUyMTVlMCUyMTNtMiUyMTFzZW4lMjEyc2l0JTIxNHYxNTU5MDU3MTk3MzY5JTIxNW0yJTIxMXNlbiUyMTJzaXQlMjIlMjB3aWR0aCUzRCUyMjYwMCUyMiUyMGhlaWdodCUzRCUyMjQ1MCUyMiUyMGZyYW1lYm9yZGVyJTNEJTIyMCUyMiUyMHN0eWxlJTNEJTIyYm9yZGVyJTNBMCUyMiUyMGFsbG93ZnVsbHNjcmVlbiUzRCUyMiUyMiUzRSUzQyUyRmlmcmFtZSUzRSUwQSUyMCUyMCUyMCUyMCUyMCUyMCUyMCUyMA==&#8221;][\/vc_column][\/vc_row][\/vc_section][vc_row][vc_column][vc_column_text css=&#8221;.vc_custom_1729844941906{margin-top: 20px !important;}&#8221;] Wie erreiche ich den Agriturismo Villa Bissiniga mit dem Auto? Die Anreise zum Agriturismo Villa Bissiniga mit dem Auto ist eine bequem und praktisch, insbesondere wenn Sie aus einer nahegelegenen Ortschaft kommen. Der Agriturismo befindet sich in der malerischen Stadt Sal\u00f2 und ist mit [&hellip;]<\/p>\n","protected":false},"author":2,"featured_media":0,"parent":0,"menu_order":0,"comment_status":"closed","ping_status":"closed","template":"","meta":{"footnotes":""},"class_list":["post-8263","page","type-page","status-publish","hentry"],"yoast_head":"<!-- This site is optimized with the Yoast SEO plugin v23.6 - https:\/\/yoast.com\/wordpress\/plugins\/seo\/ -->\n<title>Wie anreisen ? - Agriturismo Villa Bissiniga I Sal\u00f2 del Garda<\/title>\n<meta name=\"description\" content=\"Es ist schwer, unserem Relais Farmhouse mit einer kurzen Beschreibung gerecht zu werden. Wenn Sie eine einzigartige und entspannte Erfahrung am Gardasee suchen, besuchen Sie uns jetzt.\" \/>\n<meta name=\"robots\" content=\"index, follow, max-snippet:-1, max-image-preview:large, max-video-preview:-1\" \/>\n<link rel=\"canonical\" href=\"https:\/\/www.villabissiniga.com\/de\/wie-anreisen\/\" \/>\n<meta property=\"og:locale\" content=\"de_DE\" \/>\n<meta property=\"og:type\" content=\"article\" \/>\n<meta property=\"og:title\" content=\"Wie anreisen ? - Agriturismo Villa Bissiniga I Sal\u00f2 del Garda\" \/>\n<meta property=\"og:description\" content=\"Es ist schwer, unserem Relais Farmhouse mit einer kurzen Beschreibung gerecht zu werden. Wenn Sie eine einzigartige und entspannte Erfahrung am Gardasee suchen, besuchen Sie uns jetzt.\" \/>\n<meta property=\"og:url\" content=\"https:\/\/www.villabissiniga.com\/de\/wie-anreisen\/\" \/>\n<meta property=\"og:site_name\" content=\"Agriturismo Villa Bissiniga I Sal\u00f2 del Garda\" \/>\n<meta property=\"article:publisher\" content=\"https:\/\/www.facebook.com\/AgriturismoVillaBissiniga\/\" \/>\n<meta property=\"article:modified_time\" content=\"2024-12-16T12:07:32+00:00\" \/>\n<meta name=\"twitter:card\" content=\"summary_large_image\" \/>\n<meta name=\"twitter:label1\" content=\"Gesch\u00e4tzte Lesezeit\" \/>\n\t<meta name=\"twitter:data1\" content=\"6\u00a0Minuten\" \/>\n<script type=\"application\/ld+json\" class=\"yoast-schema-graph\">{\"@context\":\"https:\/\/schema.org\",\"@graph\":[{\"@type\":\"WebPage\",\"@id\":\"https:\/\/www.villabissiniga.com\/de\/wie-anreisen\/\",\"url\":\"https:\/\/www.villabissiniga.com\/de\/wie-anreisen\/\",\"name\":\"Wie anreisen ? - Agriturismo Villa Bissiniga I Sal\u00f2 del Garda\",\"isPartOf\":{\"@id\":\"https:\/\/www.villabissiniga.com\/de\/#website\"},\"datePublished\":\"2024-11-29T10:53:51+00:00\",\"dateModified\":\"2024-12-16T12:07:32+00:00\",\"description\":\"Es ist schwer, unserem Relais Farmhouse mit einer kurzen Beschreibung gerecht zu werden. Wenn Sie eine einzigartige und entspannte Erfahrung am Gardasee suchen, besuchen Sie uns jetzt.\",\"breadcrumb\":{\"@id\":\"https:\/\/www.villabissiniga.com\/de\/wie-anreisen\/#breadcrumb\"},\"inLanguage\":\"de\",\"potentialAction\":[{\"@type\":\"ReadAction\",\"target\":[\"https:\/\/www.villabissiniga.com\/de\/wie-anreisen\/\"]}]},{\"@type\":\"BreadcrumbList\",\"@id\":\"https:\/\/www.villabissiniga.com\/de\/wie-anreisen\/#breadcrumb\",\"itemListElement\":[{\"@type\":\"ListItem\",\"position\":1,\"name\":\"Home\",\"item\":\"https:\/\/www.villabissiniga.com\/de\/\"},{\"@type\":\"ListItem\",\"position\":2,\"name\":\"Wie anreisen ?\"}]},{\"@type\":\"WebSite\",\"@id\":\"https:\/\/www.villabissiniga.com\/de\/#website\",\"url\":\"https:\/\/www.villabissiniga.com\/de\/\",\"name\":\"Agriturismo Villa Bissiniga I Sal\u00f2 del Garda\",\"description\":\"Farmhouse Villa Bed and Breakfast on Lake Garda, Italy\",\"publisher\":{\"@id\":\"https:\/\/www.villabissiniga.com\/de\/#organization\"},\"potentialAction\":[{\"@type\":\"SearchAction\",\"target\":{\"@type\":\"EntryPoint\",\"urlTemplate\":\"https:\/\/www.villabissiniga.com\/de\/?s={search_term_string}\"},\"query-input\":{\"@type\":\"PropertyValueSpecification\",\"valueRequired\":true,\"valueName\":\"search_term_string\"}}],\"inLanguage\":\"de\"},{\"@type\":\"Organization\",\"@id\":\"https:\/\/www.villabissiniga.com\/de\/#organization\",\"name\":\"Agriturismo Villa Bissiniga\",\"url\":\"https:\/\/www.villabissiniga.com\/de\/\",\"logo\":{\"@type\":\"ImageObject\",\"inLanguage\":\"de\",\"@id\":\"https:\/\/www.villabissiniga.com\/de\/#\/schema\/logo\/image\/\",\"url\":\"https:\/\/www.villabissiniga.com\/wp-content\/uploads\/2019\/05\/logo_bissinia_dark-1.png\",\"contentUrl\":\"https:\/\/www.villabissiniga.com\/wp-content\/uploads\/2019\/05\/logo_bissinia_dark-1.png\",\"width\":575,\"height\":184,\"caption\":\"Agriturismo Villa Bissiniga\"},\"image\":{\"@id\":\"https:\/\/www.villabissiniga.com\/de\/#\/schema\/logo\/image\/\"},\"sameAs\":[\"https:\/\/www.facebook.com\/AgriturismoVillaBissiniga\/\",\"https:\/\/www.instagram.com\/villabissiniga\/?hl=it\"]}]}<\/script>\n<!-- \/ Yoast SEO plugin. -->","yoast_head_json":{"title":"Wie anreisen ? - Agriturismo Villa Bissiniga I Sal\u00f2 del Garda","description":"Es ist schwer, unserem Relais Farmhouse mit einer kurzen Beschreibung gerecht zu werden. Wenn Sie eine einzigartige und entspannte Erfahrung am Gardasee suchen, besuchen Sie uns jetzt.","robots":{"index":"index","follow":"follow","max-snippet":"max-snippet:-1","max-image-preview":"max-image-preview:large","max-video-preview":"max-video-preview:-1"},"canonical":"https:\/\/www.villabissiniga.com\/de\/wie-anreisen\/","og_locale":"de_DE","og_type":"article","og_title":"Wie anreisen ? - Agriturismo Villa Bissiniga I Sal\u00f2 del Garda","og_description":"Es ist schwer, unserem Relais Farmhouse mit einer kurzen Beschreibung gerecht zu werden. Wenn Sie eine einzigartige und entspannte Erfahrung am Gardasee suchen, besuchen Sie uns jetzt.","og_url":"https:\/\/www.villabissiniga.com\/de\/wie-anreisen\/","og_site_name":"Agriturismo Villa Bissiniga I Sal\u00f2 del Garda","article_publisher":"https:\/\/www.facebook.com\/AgriturismoVillaBissiniga\/","article_modified_time":"2024-12-16T12:07:32+00:00","twitter_card":"summary_large_image","twitter_misc":{"Gesch\u00e4tzte Lesezeit":"6\u00a0Minuten"},"schema":{"@context":"https:\/\/schema.org","@graph":[{"@type":"WebPage","@id":"https:\/\/www.villabissiniga.com\/de\/wie-anreisen\/","url":"https:\/\/www.villabissiniga.com\/de\/wie-anreisen\/","name":"Wie anreisen ? - Agriturismo Villa Bissiniga I Sal\u00f2 del Garda","isPartOf":{"@id":"https:\/\/www.villabissiniga.com\/de\/#website"},"datePublished":"2024-11-29T10:53:51+00:00","dateModified":"2024-12-16T12:07:32+00:00","description":"Es ist schwer, unserem Relais Farmhouse mit einer kurzen Beschreibung gerecht zu werden. Wenn Sie eine einzigartige und entspannte Erfahrung am Gardasee suchen, besuchen Sie uns jetzt.","breadcrumb":{"@id":"https:\/\/www.villabissiniga.com\/de\/wie-anreisen\/#breadcrumb"},"inLanguage":"de","potentialAction":[{"@type":"ReadAction","target":["https:\/\/www.villabissiniga.com\/de\/wie-anreisen\/"]}]},{"@type":"BreadcrumbList","@id":"https:\/\/www.villabissiniga.com\/de\/wie-anreisen\/#breadcrumb","itemListElement":[{"@type":"ListItem","position":1,"name":"Home","item":"https:\/\/www.villabissiniga.com\/de\/"},{"@type":"ListItem","position":2,"name":"Wie anreisen ?"}]},{"@type":"WebSite","@id":"https:\/\/www.villabissiniga.com\/de\/#website","url":"https:\/\/www.villabissiniga.com\/de\/","name":"Agriturismo Villa Bissiniga I Sal\u00f2 del Garda","description":"Farmhouse Villa Bed and Breakfast on Lake Garda, Italy","publisher":{"@id":"https:\/\/www.villabissiniga.com\/de\/#organization"},"potentialAction":[{"@type":"SearchAction","target":{"@type":"EntryPoint","urlTemplate":"https:\/\/www.villabissiniga.com\/de\/?s={search_term_string}"},"query-input":{"@type":"PropertyValueSpecification","valueRequired":true,"valueName":"search_term_string"}}],"inLanguage":"de"},{"@type":"Organization","@id":"https:\/\/www.villabissiniga.com\/de\/#organization","name":"Agriturismo Villa Bissiniga","url":"https:\/\/www.villabissiniga.com\/de\/","logo":{"@type":"ImageObject","inLanguage":"de","@id":"https:\/\/www.villabissiniga.com\/de\/#\/schema\/logo\/image\/","url":"https:\/\/www.villabissiniga.com\/wp-content\/uploads\/2019\/05\/logo_bissinia_dark-1.png","contentUrl":"https:\/\/www.villabissiniga.com\/wp-content\/uploads\/2019\/05\/logo_bissinia_dark-1.png","width":575,"height":184,"caption":"Agriturismo Villa Bissiniga"},"image":{"@id":"https:\/\/www.villabissiniga.com\/de\/#\/schema\/logo\/image\/"},"sameAs":["https:\/\/www.facebook.com\/AgriturismoVillaBissiniga\/","https:\/\/www.instagram.com\/villabissiniga\/?hl=it"]}]}},"_links":{"self":[{"href":"https:\/\/www.villabissiniga.com\/de\/wp-json\/wp\/v2\/pages\/8263"}],"collection":[{"href":"https:\/\/www.villabissiniga.com\/de\/wp-json\/wp\/v2\/pages"}],"about":[{"href":"https:\/\/www.villabissiniga.com\/de\/wp-json\/wp\/v2\/types\/page"}],"author":[{"embeddable":true,"href":"https:\/\/www.villabissiniga.com\/de\/wp-json\/wp\/v2\/users\/2"}],"replies":[{"embeddable":true,"href":"https:\/\/www.villabissiniga.com\/de\/wp-json\/wp\/v2\/comments?post=8263"}],"version-history":[{"count":3,"href":"https:\/\/www.villabissiniga.com\/de\/wp-json\/wp\/v2\/pages\/8263\/revisions"}],"predecessor-version":[{"id":8463,"href":"https:\/\/www.villabissiniga.com\/de\/wp-json\/wp\/v2\/pages\/8263\/revisions\/8463"}],"wp:attachment":[{"href":"https:\/\/www.villabissiniga.com\/de\/wp-json\/wp\/v2\/media?parent=8263"}],"curies":[{"name":"wp","href":"https:\/\/api.w.org\/{rel}","templated":true}]}}