{"id":8266,"date":"2024-11-29T11:29:31","date_gmt":"2024-11-29T11:29:31","guid":{"rendered":"https:\/\/www.villabissiniga.com\/vorhandene-dienstleistungen\/"},"modified":"2024-12-16T12:04:26","modified_gmt":"2024-12-16T12:04:26","slug":"vorhandene-dienstleistungen","status":"publish","type":"page","link":"https:\/\/www.villabissiniga.com\/de\/vorhandene-dienstleistungen\/","title":{"rendered":"Vorhandene Dienstleistungen"},"content":{"rendered":"<div class=\"wpb-content-wrapper\"><p>[vc_row css=&#8221;.vc_custom_1729191635194{margin-top: 5% !important;}&#8221;][vc_column][vc_wp_text]Villa Bissiniga, eine charmante historische Residenz in Sal\u00f2 am Gardasee, bietet ihren G\u00e4sten eine Vielzahl von Dienstleistungen und Annehmlichkeiten. Diese umfassen in der Regel:<\/p>\n<ul>\n<li><strong>Fr\u00fchst\u00fcck:<\/strong> Ein kostenloses Fr\u00fchst\u00fcck mit frischen und lokalen Zutaten.<\/li>\n<li><strong>WLAN gratis:<\/strong> in der ganzen Anlage verf\u00fcgbar<\/li>\n<li><strong>Klimaanlage:<\/strong> in den Zimmern verf\u00fcgbar<\/li>\n<li><strong>Schwimmbad:<\/strong> Zugang zu einem Pool in den \u00fcppigen G\u00e4rten der Villa.<\/li>\n<li><strong>Parkplatz:<\/strong> f\u00fcr die G\u00e4ste kostenloses Parken vor Ort<\/li>\n<li><strong>Garten und Bereiche im Freien:<\/strong> wundersch\u00f6n gepflegte G\u00e4rten zum Entspannen und Spazierengehen.<\/li>\n<li><strong>Bereiche f\u00fcr Veranstaltungen:<\/strong> R\u00e4umlichkeiten f\u00fcr die Ausrichtung von Hochzeiten, Tagungen und Kongressen.<\/li>\n<li><strong>Weinverkostungen:<\/strong> Exklusive Verkostungen der Weine, die aus den Trauben der Villa hergestellt werden.<\/li>\n<li><strong>F\u00fchrungen:<\/strong> Besuche der historischen Merkmale des Anwesens und der umliegenden Gebiete.<\/li>\n<li><strong>Zimmerservice:<\/strong> Begrenzter Zimmerservice f\u00fcr Snacks oder Getr\u00e4nke.<\/li>\n<li><strong>Haustiere gestattet:<\/strong> In einige Bereichen sind Haustiere, gem\u00e4\u00df den Hausregeln der Villa, willkommen.<\/li>\n<li><strong>Spezielle Angebote:<\/strong> Partnerships f\u00fcr Aktivit\u00e4ten und Dienstleistungen au\u00dferhalb der Villa.<\/li>\n<\/ul>\n<p><a href=\"https:\/\/www.villabissiniga.com\/de\/kontaktiere-uns\/\"><strong><span style=\"color: #ff6600;\">Bei weiteren Fragen oder Anfragen kontaktieren Sie uns bitte. Wir helfen Ihnen gerne weiter!<\/span><\/strong><\/a>[\/vc_wp_text][cms_space space_lg=&#8221;90&#8243; space_md=&#8221;90&#8243; space_sm=&#8221;80&#8243; space_xs=&#8221;60&#8243;][\/vc_column][\/vc_row]<\/p>\n<\/div>","protected":false},"excerpt":{"rendered":"<p>[vc_row css=&#8221;.vc_custom_1729191635194{margin-top: 5% !important;}&#8221;][vc_column][vc_wp_text]Villa Bissiniga, eine charmante historische Residenz in Sal\u00f2 am Gardasee, bietet ihren G\u00e4sten eine Vielzahl von Dienstleistungen und Annehmlichkeiten. Diese umfassen in der Regel: Fr\u00fchst\u00fcck: Ein kostenloses Fr\u00fchst\u00fcck mit frischen und lokalen Zutaten. WLAN gratis: in der ganzen Anlage verf\u00fcgbar Klimaanlage: in den Zimmern verf\u00fcgbar Schwimmbad: Zugang zu einem Pool in den [&hellip;]<\/p>\n","protected":false},"author":2,"featured_media":0,"parent":0,"menu_order":0,"comment_status":"closed","ping_status":"closed","template":"","meta":{"footnotes":""},"class_list":["post-8266","page","type-page","status-publish","hentry"],"yoast_head":"<!-- This site is optimized with the Yoast SEO plugin v23.6 - https:\/\/yoast.com\/wordpress\/plugins\/seo\/ -->\n<title>Relax &amp; Well-Being<\/title>\n<meta name=\"description\" content=\"In der Villa Bissiniga ist es einfach friedlich und entspannend. Genie\u00dfen Sie einen Aperitivo auf der Sonnenterrasse, spazieren Sie durch unseren Garten oder erfrischen Sie sich in unserem Bio-Pool. Entscheiden Sie selbst!\" \/>\n<meta name=\"robots\" content=\"index, follow, max-snippet:-1, max-image-preview:large, max-video-preview:-1\" \/>\n<link rel=\"canonical\" href=\"https:\/\/www.villabissiniga.com\/de\/vorhandene-dienstleistungen\/\" \/>\n<meta property=\"og:locale\" content=\"de_DE\" \/>\n<meta property=\"og:type\" content=\"article\" \/>\n<meta property=\"og:title\" content=\"Relax &amp; Well-Being\" \/>\n<meta property=\"og:description\" content=\"In der Villa Bissiniga ist es einfach friedlich und entspannend. Genie\u00dfen Sie einen Aperitivo auf der Sonnenterrasse, spazieren Sie durch unseren Garten oder erfrischen Sie sich in unserem Bio-Pool. Entscheiden Sie selbst!\" \/>\n<meta property=\"og:url\" content=\"https:\/\/www.villabissiniga.com\/de\/vorhandene-dienstleistungen\/\" \/>\n<meta property=\"og:site_name\" content=\"Agriturismo Villa Bissiniga I Sal\u00f2 del Garda\" \/>\n<meta property=\"article:publisher\" content=\"https:\/\/www.facebook.com\/AgriturismoVillaBissiniga\/\" \/>\n<meta property=\"article:modified_time\" content=\"2024-12-16T12:04:26+00:00\" \/>\n<meta name=\"twitter:card\" content=\"summary_large_image\" \/>\n<meta name=\"twitter:label1\" content=\"Gesch\u00e4tzte Lesezeit\" \/>\n\t<meta name=\"twitter:data1\" content=\"1\u00a0Minute\" \/>\n<script type=\"application\/ld+json\" class=\"yoast-schema-graph\">{\"@context\":\"https:\/\/schema.org\",\"@graph\":[{\"@type\":\"WebPage\",\"@id\":\"https:\/\/www.villabissiniga.com\/de\/vorhandene-dienstleistungen\/\",\"url\":\"https:\/\/www.villabissiniga.com\/de\/vorhandene-dienstleistungen\/\",\"name\":\"Relax & Well-Being\",\"isPartOf\":{\"@id\":\"https:\/\/www.villabissiniga.com\/de\/#website\"},\"datePublished\":\"2024-11-29T11:29:31+00:00\",\"dateModified\":\"2024-12-16T12:04:26+00:00\",\"description\":\"In der Villa Bissiniga ist es einfach friedlich und entspannend. Genie\u00dfen Sie einen Aperitivo auf der Sonnenterrasse, spazieren Sie durch unseren Garten oder erfrischen Sie sich in unserem Bio-Pool. Entscheiden Sie selbst!\",\"breadcrumb\":{\"@id\":\"https:\/\/www.villabissiniga.com\/de\/vorhandene-dienstleistungen\/#breadcrumb\"},\"inLanguage\":\"de\",\"potentialAction\":[{\"@type\":\"ReadAction\",\"target\":[\"https:\/\/www.villabissiniga.com\/de\/vorhandene-dienstleistungen\/\"]}]},{\"@type\":\"BreadcrumbList\",\"@id\":\"https:\/\/www.villabissiniga.com\/de\/vorhandene-dienstleistungen\/#breadcrumb\",\"itemListElement\":[{\"@type\":\"ListItem\",\"position\":1,\"name\":\"Home\",\"item\":\"https:\/\/www.villabissiniga.com\/de\/\"},{\"@type\":\"ListItem\",\"position\":2,\"name\":\"Vorhandene Dienstleistungen\"}]},{\"@type\":\"WebSite\",\"@id\":\"https:\/\/www.villabissiniga.com\/de\/#website\",\"url\":\"https:\/\/www.villabissiniga.com\/de\/\",\"name\":\"Agriturismo Villa Bissiniga I Sal\u00f2 del Garda\",\"description\":\"Farmhouse Villa Bed and Breakfast on Lake Garda, Italy\",\"publisher\":{\"@id\":\"https:\/\/www.villabissiniga.com\/de\/#organization\"},\"potentialAction\":[{\"@type\":\"SearchAction\",\"target\":{\"@type\":\"EntryPoint\",\"urlTemplate\":\"https:\/\/www.villabissiniga.com\/de\/?s={search_term_string}\"},\"query-input\":{\"@type\":\"PropertyValueSpecification\",\"valueRequired\":true,\"valueName\":\"search_term_string\"}}],\"inLanguage\":\"de\"},{\"@type\":\"Organization\",\"@id\":\"https:\/\/www.villabissiniga.com\/de\/#organization\",\"name\":\"Agriturismo Villa Bissiniga\",\"url\":\"https:\/\/www.villabissiniga.com\/de\/\",\"logo\":{\"@type\":\"ImageObject\",\"inLanguage\":\"de\",\"@id\":\"https:\/\/www.villabissiniga.com\/de\/#\/schema\/logo\/image\/\",\"url\":\"https:\/\/www.villabissiniga.com\/wp-content\/uploads\/2019\/05\/logo_bissinia_dark-1.png\",\"contentUrl\":\"https:\/\/www.villabissiniga.com\/wp-content\/uploads\/2019\/05\/logo_bissinia_dark-1.png\",\"width\":575,\"height\":184,\"caption\":\"Agriturismo Villa Bissiniga\"},\"image\":{\"@id\":\"https:\/\/www.villabissiniga.com\/de\/#\/schema\/logo\/image\/\"},\"sameAs\":[\"https:\/\/www.facebook.com\/AgriturismoVillaBissiniga\/\",\"https:\/\/www.instagram.com\/villabissiniga\/?hl=it\"]}]}<\/script>\n<!-- \/ Yoast SEO plugin. -->","yoast_head_json":{"title":"Relax & Well-Being","description":"In der Villa Bissiniga ist es einfach friedlich und entspannend. Genie\u00dfen Sie einen Aperitivo auf der Sonnenterrasse, spazieren Sie durch unseren Garten oder erfrischen Sie sich in unserem Bio-Pool. Entscheiden Sie selbst!","robots":{"index":"index","follow":"follow","max-snippet":"max-snippet:-1","max-image-preview":"max-image-preview:large","max-video-preview":"max-video-preview:-1"},"canonical":"https:\/\/www.villabissiniga.com\/de\/vorhandene-dienstleistungen\/","og_locale":"de_DE","og_type":"article","og_title":"Relax & Well-Being","og_description":"In der Villa Bissiniga ist es einfach friedlich und entspannend. Genie\u00dfen Sie einen Aperitivo auf der Sonnenterrasse, spazieren Sie durch unseren Garten oder erfrischen Sie sich in unserem Bio-Pool. Entscheiden Sie selbst!","og_url":"https:\/\/www.villabissiniga.com\/de\/vorhandene-dienstleistungen\/","og_site_name":"Agriturismo Villa Bissiniga I Sal\u00f2 del Garda","article_publisher":"https:\/\/www.facebook.com\/AgriturismoVillaBissiniga\/","article_modified_time":"2024-12-16T12:04:26+00:00","twitter_card":"summary_large_image","twitter_misc":{"Gesch\u00e4tzte Lesezeit":"1\u00a0Minute"},"schema":{"@context":"https:\/\/schema.org","@graph":[{"@type":"WebPage","@id":"https:\/\/www.villabissiniga.com\/de\/vorhandene-dienstleistungen\/","url":"https:\/\/www.villabissiniga.com\/de\/vorhandene-dienstleistungen\/","name":"Relax & Well-Being","isPartOf":{"@id":"https:\/\/www.villabissiniga.com\/de\/#website"},"datePublished":"2024-11-29T11:29:31+00:00","dateModified":"2024-12-16T12:04:26+00:00","description":"In der Villa Bissiniga ist es einfach friedlich und entspannend. Genie\u00dfen Sie einen Aperitivo auf der Sonnenterrasse, spazieren Sie durch unseren Garten oder erfrischen Sie sich in unserem Bio-Pool. Entscheiden Sie selbst!","breadcrumb":{"@id":"https:\/\/www.villabissiniga.com\/de\/vorhandene-dienstleistungen\/#breadcrumb"},"inLanguage":"de","potentialAction":[{"@type":"ReadAction","target":["https:\/\/www.villabissiniga.com\/de\/vorhandene-dienstleistungen\/"]}]},{"@type":"BreadcrumbList","@id":"https:\/\/www.villabissiniga.com\/de\/vorhandene-dienstleistungen\/#breadcrumb","itemListElement":[{"@type":"ListItem","position":1,"name":"Home","item":"https:\/\/www.villabissiniga.com\/de\/"},{"@type":"ListItem","position":2,"name":"Vorhandene Dienstleistungen"}]},{"@type":"WebSite","@id":"https:\/\/www.villabissiniga.com\/de\/#website","url":"https:\/\/www.villabissiniga.com\/de\/","name":"Agriturismo Villa Bissiniga I Sal\u00f2 del Garda","description":"Farmhouse Villa Bed and Breakfast on Lake Garda, Italy","publisher":{"@id":"https:\/\/www.villabissiniga.com\/de\/#organization"},"potentialAction":[{"@type":"SearchAction","target":{"@type":"EntryPoint","urlTemplate":"https:\/\/www.villabissiniga.com\/de\/?s={search_term_string}"},"query-input":{"@type":"PropertyValueSpecification","valueRequired":true,"valueName":"search_term_string"}}],"inLanguage":"de"},{"@type":"Organization","@id":"https:\/\/www.villabissiniga.com\/de\/#organization","name":"Agriturismo Villa Bissiniga","url":"https:\/\/www.villabissiniga.com\/de\/","logo":{"@type":"ImageObject","inLanguage":"de","@id":"https:\/\/www.villabissiniga.com\/de\/#\/schema\/logo\/image\/","url":"https:\/\/www.villabissiniga.com\/wp-content\/uploads\/2019\/05\/logo_bissinia_dark-1.png","contentUrl":"https:\/\/www.villabissiniga.com\/wp-content\/uploads\/2019\/05\/logo_bissinia_dark-1.png","width":575,"height":184,"caption":"Agriturismo Villa Bissiniga"},"image":{"@id":"https:\/\/www.villabissiniga.com\/de\/#\/schema\/logo\/image\/"},"sameAs":["https:\/\/www.facebook.com\/AgriturismoVillaBissiniga\/","https:\/\/www.instagram.com\/villabissiniga\/?hl=it"]}]}},"_links":{"self":[{"href":"https:\/\/www.villabissiniga.com\/de\/wp-json\/wp\/v2\/pages\/8266"}],"collection":[{"href":"https:\/\/www.villabissiniga.com\/de\/wp-json\/wp\/v2\/pages"}],"about":[{"href":"https:\/\/www.villabissiniga.com\/de\/wp-json\/wp\/v2\/types\/page"}],"author":[{"embeddable":true,"href":"https:\/\/www.villabissiniga.com\/de\/wp-json\/wp\/v2\/users\/2"}],"replies":[{"embeddable":true,"href":"https:\/\/www.villabissiniga.com\/de\/wp-json\/wp\/v2\/comments?post=8266"}],"version-history":[{"count":3,"href":"https:\/\/www.villabissiniga.com\/de\/wp-json\/wp\/v2\/pages\/8266\/revisions"}],"predecessor-version":[{"id":8462,"href":"https:\/\/www.villabissiniga.com\/de\/wp-json\/wp\/v2\/pages\/8266\/revisions\/8462"}],"wp:attachment":[{"href":"https:\/\/www.villabissiniga.com\/de\/wp-json\/wp\/v2\/media?parent=8266"}],"curies":[{"name":"wp","href":"https:\/\/api.w.org\/{rel}","templated":true}]}}