{"id":8279,"date":"2024-12-03T18:31:39","date_gmt":"2024-12-03T18:31:39","guid":{"rendered":"https:\/\/www.villabissiniga.com\/osteria-bissiniga\/"},"modified":"2026-02-18T15:52:51","modified_gmt":"2026-02-18T15:52:51","slug":"osteria-bissiniga","status":"publish","type":"page","link":"https:\/\/www.villabissiniga.com\/de\/osteria-bissiniga\/","title":{"rendered":"Osteria Bissiniga"},"content":{"rendered":"<div class=\"wpb-content-wrapper\"><p>[vc_section css=&#8221;.vc_custom_1729193081752{margin-top: 5% !important;margin-bottom: 20px !important;}&#8221;][vc_row][vc_column width=&#8221;1\/2&#8243;][vc_raw_html css=&#8221;&#8221;]CiAgICAgICAgICBbd3B2ciBpZD0iNzc4NSJdCiAgICAgICAg[\/vc_raw_html][\/vc_column][vc_column width=&#8221;1\/2&#8243;][vc_column_text css=&#8221;&#8221;]Eingebettet in die bezaubernden H\u00fcgel von Sal\u00f2 im Ortsteil Renzano ist die Osteria Villa Bissiniga ein Geheimtipp was rustikale italienische K\u00fcche und Gastfreundschaft betrifft. Dieses charmante Bistro bietet eine einzigartige Mischung aus traditionellen Aromen und modernem Stil vor der atemberaubenden Kulisse von Sal\u00f2. Sobald du die Osteria Villa Bissiniga betrittst, wirst du sofort von einer Atmosph\u00e4re warmen rustikalen Charmes empfangen. Das gem\u00fctliche Innere mit seinen gew\u00f6lbten Ziegeldecken und dem ged\u00e4mpften Licht schafft eine intime Umgebung, perfekt, um leckeres Essen und gute Gesellschaft zu genie\u00dfen. Aber es sind die Sitzpl\u00e4tze im Freien, die die wirklichen H\u00f6hepunkte darstellen: Stell dir vor, du trinkst einen Aperitif unter den Sternen, begleitet von dem Soundtrack der sanften Abendwinde des Gardasees. Der Kern der kulinarischen Philosophie von Villa Bissiniga ist der Einsatz von Zutaten vom Bauernhof direkt auf den Tisch. Jedes Gericht erz\u00e4hlt eine Geschichte des heimischenTerrains, mit saisonalen Vorspeisen voller Aromen der nahegelegenen Bauernh\u00f6fe und G\u00e4rten. Die hausgemachte Pasta, mit Liebe hergestellt, ist ein Zeugnis f\u00fcr die Hingabe zur authentischen italienischen K\u00fcche.[\/vc_column_text][\/vc_column][\/vc_row][\/vc_section][vc_row css=&#8221;.vc_custom_1729096744519{margin-top: 20px !important;margin-bottom: 20px !important;background-color: #e8e8e8 !important;}&#8221;][vc_column width=&#8221;1\/4&#8243; cms_column_offset=&#8221;col-offset-left&#8221;][\/vc_column][vc_column width=&#8221;1\/2&#8243; css=&#8221;.vc_custom_1729096833575{padding-bottom: 10px !important;}&#8221;][vc_column_text css=&#8221;&#8221;]<\/p>\n<p style=\"text-align: center;\">Buche jetzt deine Location und erlebe ein kulinarisches Abenteuer mit Blick auf die Bucht von Sal\u00f2 am Gardasee!<\/p>\n<p>[\/vc_column_text][cms_button button_text=&#8221;Rufe jetzt an &#8230;&#8221; button_link=&#8221;url:tel%3A%2B39%20348%20810%205020|title:Contact%20Us&#8221; font_weight=&#8221;400&#8243; button_align=&#8221;center&#8221; button_align_md=&#8221;center&#8221; button_align_sm=&#8221;center&#8221; button_align_xs=&#8221;center&#8221; icon_fontawesome=&#8221;fas fa-phone-volume&#8221; padding_top=&#8221;5 px&#8221; padding_bottom=&#8221;5 px&#8221;][\/vc_column][vc_column width=&#8221;1\/4&#8243;][\/vc_column][\/vc_row][vc_row][vc_column width=&#8221;1\/2&#8243;][vc_column_text css=&#8221;&#8221;]Begleite dein Essen mit einem Wein aus der Weinkarte des Agriturismo, sorgf\u00e4ltig ausgesucht, um das Men\u00fc mit dem Besten aus den Weing\u00fctern der Unterkunft abzurunden. W\u00e4hrend die Sonne \u00fcber dem Gardasee untergeht, verwandelt sich die Osteria Villa Bissiniga in ein lebhaftes Zentrum des Entertainments. Live-Musik erf\u00fcllt die Luft und schafft die perfekte Atmosph\u00e4re f\u00fcr einen Aperitif mit Freunden. Genie\u00dfe die meisterhaft zubereiteten Cocktails , die Villa Bissiniga-Weine wie den renommierten Ros\u00e9 Bollicine, k\u00f6stliche Snacks und die gute Stimmung. Ob du ein romantisches Dinner zu zweit planst oder ein unvergessliches privates Event organisieren m\u00f6chtest, die Osteria Villa Bissiniga bietet die perfekte Umgebung. Die historische Lage des Bistros verleiht jeder Veranstaltung einen Hauch von zeitloser Eleganz, und ist hiermit ideal f\u00fcr Feierlichkeiten jeder Art. Entdecke selbst die Magie der Villa Bissiniga. Komm wegen der k\u00f6stlichen Speisen, verweile wegen der wundersch\u00f6nen Aussicht und kehre heim mit unvergesslichen Erinnerungen an die rustikale italienische Gastfreundschaft in ihrer besten Form.[\/vc_column_text][\/vc_column][vc_column width=&#8221;1\/2&#8243;][vc_raw_html css=&#8221;&#8221;]CiAgICAgICAgICBbd3B2ciBpZD0iNzc4NyJdCiAgICAgICAg[\/vc_raw_html][\/vc_column][\/vc_row][vc_row][vc_column][\/vc_column][\/vc_row]<\/p>\n<\/div>","protected":false},"excerpt":{"rendered":"<p>[vc_section css=&#8221;.vc_custom_1729193081752{margin-top: 5% !important;margin-bottom: 20px !important;}&#8221;][vc_row][vc_column width=&#8221;1\/2&#8243;][vc_raw_html css=&#8221;&#8221;]CiAgICAgICAgICBbd3B2ciBpZD0iNzc4NSJdCiAgICAgICAg[\/vc_raw_html][\/vc_column][vc_column width=&#8221;1\/2&#8243;][vc_column_text css=&#8221;&#8221;]Eingebettet in die bezaubernden H\u00fcgel von Sal\u00f2 im Ortsteil Renzano ist die Osteria Villa Bissiniga ein Geheimtipp was rustikale italienische K\u00fcche und Gastfreundschaft betrifft. Dieses charmante Bistro bietet eine einzigartige Mischung aus traditionellen Aromen und modernem Stil vor der atemberaubenden Kulisse von Sal\u00f2. Sobald du die [&hellip;]<\/p>\n","protected":false},"author":2,"featured_media":0,"parent":0,"menu_order":0,"comment_status":"closed","ping_status":"closed","template":"","meta":{"footnotes":""},"class_list":["post-8279","page","type-page","status-publish","hentry"],"yoast_head":"<!-- This site is optimized with the Yoast SEO plugin v23.6 - https:\/\/yoast.com\/wordpress\/plugins\/seo\/ -->\n<title>Osteria Bissiniga - Agriturismo Villa Bissiniga I Sal\u00f2 del Garda<\/title>\n<meta name=\"description\" content=\"Es ist schwierig, unserem Relais Farmhouse mit einer kurzen Beschreibung gerecht zu werden. Wenn du ein einzigartiges und entspanntes Erlebnis am Gardasee suchst, besuch uns einfach.\" \/>\n<meta name=\"robots\" content=\"index, follow, max-snippet:-1, max-image-preview:large, max-video-preview:-1\" \/>\n<link rel=\"canonical\" href=\"https:\/\/www.villabissiniga.com\/de\/osteria-bissiniga\/\" \/>\n<meta property=\"og:locale\" content=\"de_DE\" \/>\n<meta property=\"og:type\" content=\"article\" \/>\n<meta property=\"og:title\" content=\"Osteria Bissiniga - Agriturismo Villa Bissiniga I Sal\u00f2 del Garda\" \/>\n<meta property=\"og:description\" content=\"Es ist schwierig, unserem Relais Farmhouse mit einer kurzen Beschreibung gerecht zu werden. Wenn du ein einzigartiges und entspanntes Erlebnis am Gardasee suchst, besuch uns einfach.\" \/>\n<meta property=\"og:url\" content=\"https:\/\/www.villabissiniga.com\/de\/osteria-bissiniga\/\" \/>\n<meta property=\"og:site_name\" content=\"Agriturismo Villa Bissiniga I Sal\u00f2 del Garda\" \/>\n<meta property=\"article:publisher\" content=\"https:\/\/www.facebook.com\/AgriturismoVillaBissiniga\/\" \/>\n<meta property=\"article:modified_time\" content=\"2026-02-18T15:52:51+00:00\" \/>\n<meta name=\"twitter:card\" content=\"summary_large_image\" \/>\n<meta name=\"twitter:label1\" content=\"Gesch\u00e4tzte Lesezeit\" \/>\n\t<meta name=\"twitter:data1\" content=\"3\u00a0Minuten\" \/>\n<script type=\"application\/ld+json\" class=\"yoast-schema-graph\">{\"@context\":\"https:\/\/schema.org\",\"@graph\":[{\"@type\":\"WebPage\",\"@id\":\"https:\/\/www.villabissiniga.com\/de\/osteria-bissiniga\/\",\"url\":\"https:\/\/www.villabissiniga.com\/de\/osteria-bissiniga\/\",\"name\":\"Osteria Bissiniga - Agriturismo Villa Bissiniga I Sal\u00f2 del Garda\",\"isPartOf\":{\"@id\":\"https:\/\/www.villabissiniga.com\/de\/#website\"},\"datePublished\":\"2024-12-03T18:31:39+00:00\",\"dateModified\":\"2026-02-18T15:52:51+00:00\",\"description\":\"Es ist schwierig, unserem Relais Farmhouse mit einer kurzen Beschreibung gerecht zu werden. Wenn du ein einzigartiges und entspanntes Erlebnis am Gardasee suchst, besuch uns einfach.\",\"breadcrumb\":{\"@id\":\"https:\/\/www.villabissiniga.com\/de\/osteria-bissiniga\/#breadcrumb\"},\"inLanguage\":\"de\",\"potentialAction\":[{\"@type\":\"ReadAction\",\"target\":[\"https:\/\/www.villabissiniga.com\/de\/osteria-bissiniga\/\"]}]},{\"@type\":\"BreadcrumbList\",\"@id\":\"https:\/\/www.villabissiniga.com\/de\/osteria-bissiniga\/#breadcrumb\",\"itemListElement\":[{\"@type\":\"ListItem\",\"position\":1,\"name\":\"Home\",\"item\":\"https:\/\/www.villabissiniga.com\/de\/\"},{\"@type\":\"ListItem\",\"position\":2,\"name\":\"Osteria Bissiniga\"}]},{\"@type\":\"WebSite\",\"@id\":\"https:\/\/www.villabissiniga.com\/de\/#website\",\"url\":\"https:\/\/www.villabissiniga.com\/de\/\",\"name\":\"Agriturismo Villa Bissiniga I Sal\u00f2 del Garda\",\"description\":\"Farmhouse Villa Bed and Breakfast on Lake Garda, Italy\",\"publisher\":{\"@id\":\"https:\/\/www.villabissiniga.com\/de\/#organization\"},\"potentialAction\":[{\"@type\":\"SearchAction\",\"target\":{\"@type\":\"EntryPoint\",\"urlTemplate\":\"https:\/\/www.villabissiniga.com\/de\/?s={search_term_string}\"},\"query-input\":{\"@type\":\"PropertyValueSpecification\",\"valueRequired\":true,\"valueName\":\"search_term_string\"}}],\"inLanguage\":\"de\"},{\"@type\":\"Organization\",\"@id\":\"https:\/\/www.villabissiniga.com\/de\/#organization\",\"name\":\"Agriturismo Villa Bissiniga\",\"url\":\"https:\/\/www.villabissiniga.com\/de\/\",\"logo\":{\"@type\":\"ImageObject\",\"inLanguage\":\"de\",\"@id\":\"https:\/\/www.villabissiniga.com\/de\/#\/schema\/logo\/image\/\",\"url\":\"https:\/\/www.villabissiniga.com\/wp-content\/uploads\/2019\/05\/logo_bissinia_dark-1.png\",\"contentUrl\":\"https:\/\/www.villabissiniga.com\/wp-content\/uploads\/2019\/05\/logo_bissinia_dark-1.png\",\"width\":575,\"height\":184,\"caption\":\"Agriturismo Villa Bissiniga\"},\"image\":{\"@id\":\"https:\/\/www.villabissiniga.com\/de\/#\/schema\/logo\/image\/\"},\"sameAs\":[\"https:\/\/www.facebook.com\/AgriturismoVillaBissiniga\/\",\"https:\/\/www.instagram.com\/villabissiniga\/?hl=it\"]}]}<\/script>\n<!-- \/ Yoast SEO plugin. -->","yoast_head_json":{"title":"Osteria Bissiniga - Agriturismo Villa Bissiniga I Sal\u00f2 del Garda","description":"Es ist schwierig, unserem Relais Farmhouse mit einer kurzen Beschreibung gerecht zu werden. Wenn du ein einzigartiges und entspanntes Erlebnis am Gardasee suchst, besuch uns einfach.","robots":{"index":"index","follow":"follow","max-snippet":"max-snippet:-1","max-image-preview":"max-image-preview:large","max-video-preview":"max-video-preview:-1"},"canonical":"https:\/\/www.villabissiniga.com\/de\/osteria-bissiniga\/","og_locale":"de_DE","og_type":"article","og_title":"Osteria Bissiniga - Agriturismo Villa Bissiniga I Sal\u00f2 del Garda","og_description":"Es ist schwierig, unserem Relais Farmhouse mit einer kurzen Beschreibung gerecht zu werden. Wenn du ein einzigartiges und entspanntes Erlebnis am Gardasee suchst, besuch uns einfach.","og_url":"https:\/\/www.villabissiniga.com\/de\/osteria-bissiniga\/","og_site_name":"Agriturismo Villa Bissiniga I Sal\u00f2 del Garda","article_publisher":"https:\/\/www.facebook.com\/AgriturismoVillaBissiniga\/","article_modified_time":"2026-02-18T15:52:51+00:00","twitter_card":"summary_large_image","twitter_misc":{"Gesch\u00e4tzte Lesezeit":"3\u00a0Minuten"},"schema":{"@context":"https:\/\/schema.org","@graph":[{"@type":"WebPage","@id":"https:\/\/www.villabissiniga.com\/de\/osteria-bissiniga\/","url":"https:\/\/www.villabissiniga.com\/de\/osteria-bissiniga\/","name":"Osteria Bissiniga - Agriturismo Villa Bissiniga I Sal\u00f2 del Garda","isPartOf":{"@id":"https:\/\/www.villabissiniga.com\/de\/#website"},"datePublished":"2024-12-03T18:31:39+00:00","dateModified":"2026-02-18T15:52:51+00:00","description":"Es ist schwierig, unserem Relais Farmhouse mit einer kurzen Beschreibung gerecht zu werden. Wenn du ein einzigartiges und entspanntes Erlebnis am Gardasee suchst, besuch uns einfach.","breadcrumb":{"@id":"https:\/\/www.villabissiniga.com\/de\/osteria-bissiniga\/#breadcrumb"},"inLanguage":"de","potentialAction":[{"@type":"ReadAction","target":["https:\/\/www.villabissiniga.com\/de\/osteria-bissiniga\/"]}]},{"@type":"BreadcrumbList","@id":"https:\/\/www.villabissiniga.com\/de\/osteria-bissiniga\/#breadcrumb","itemListElement":[{"@type":"ListItem","position":1,"name":"Home","item":"https:\/\/www.villabissiniga.com\/de\/"},{"@type":"ListItem","position":2,"name":"Osteria Bissiniga"}]},{"@type":"WebSite","@id":"https:\/\/www.villabissiniga.com\/de\/#website","url":"https:\/\/www.villabissiniga.com\/de\/","name":"Agriturismo Villa Bissiniga I Sal\u00f2 del Garda","description":"Farmhouse Villa Bed and Breakfast on Lake Garda, Italy","publisher":{"@id":"https:\/\/www.villabissiniga.com\/de\/#organization"},"potentialAction":[{"@type":"SearchAction","target":{"@type":"EntryPoint","urlTemplate":"https:\/\/www.villabissiniga.com\/de\/?s={search_term_string}"},"query-input":{"@type":"PropertyValueSpecification","valueRequired":true,"valueName":"search_term_string"}}],"inLanguage":"de"},{"@type":"Organization","@id":"https:\/\/www.villabissiniga.com\/de\/#organization","name":"Agriturismo Villa Bissiniga","url":"https:\/\/www.villabissiniga.com\/de\/","logo":{"@type":"ImageObject","inLanguage":"de","@id":"https:\/\/www.villabissiniga.com\/de\/#\/schema\/logo\/image\/","url":"https:\/\/www.villabissiniga.com\/wp-content\/uploads\/2019\/05\/logo_bissinia_dark-1.png","contentUrl":"https:\/\/www.villabissiniga.com\/wp-content\/uploads\/2019\/05\/logo_bissinia_dark-1.png","width":575,"height":184,"caption":"Agriturismo Villa Bissiniga"},"image":{"@id":"https:\/\/www.villabissiniga.com\/de\/#\/schema\/logo\/image\/"},"sameAs":["https:\/\/www.facebook.com\/AgriturismoVillaBissiniga\/","https:\/\/www.instagram.com\/villabissiniga\/?hl=it"]}]}},"_links":{"self":[{"href":"https:\/\/www.villabissiniga.com\/de\/wp-json\/wp\/v2\/pages\/8279"}],"collection":[{"href":"https:\/\/www.villabissiniga.com\/de\/wp-json\/wp\/v2\/pages"}],"about":[{"href":"https:\/\/www.villabissiniga.com\/de\/wp-json\/wp\/v2\/types\/page"}],"author":[{"embeddable":true,"href":"https:\/\/www.villabissiniga.com\/de\/wp-json\/wp\/v2\/users\/2"}],"replies":[{"embeddable":true,"href":"https:\/\/www.villabissiniga.com\/de\/wp-json\/wp\/v2\/comments?post=8279"}],"version-history":[{"count":7,"href":"https:\/\/www.villabissiniga.com\/de\/wp-json\/wp\/v2\/pages\/8279\/revisions"}],"predecessor-version":[{"id":8768,"href":"https:\/\/www.villabissiniga.com\/de\/wp-json\/wp\/v2\/pages\/8279\/revisions\/8768"}],"wp:attachment":[{"href":"https:\/\/www.villabissiniga.com\/de\/wp-json\/wp\/v2\/media?parent=8279"}],"curies":[{"name":"wp","href":"https:\/\/api.w.org\/{rel}","templated":true}]}}