{"id":8382,"date":"2024-12-14T15:27:32","date_gmt":"2024-12-14T15:27:32","guid":{"rendered":"https:\/\/www.villabissiniga.com\/isola-del-garda\/"},"modified":"2024-12-14T15:27:32","modified_gmt":"2024-12-14T15:27:32","slug":"isola-del-garda","status":"publish","type":"page","link":"https:\/\/www.villabissiniga.com\/de\/isola-del-garda\/","title":{"rendered":"Isola del Garda"},"content":{"rendered":"<div class=\"wpb-content-wrapper\"><p>[vc_row][vc_column][vc_video link=&#8221;https:\/\/www.youtube.com\/watch?v=JXsPo6Gpilg&#8221; align=&#8221;center&#8221;][\/vc_column][\/vc_row][vc_row][vc_column][vc_column_text css=&#8221;&#8221;]Isola del Garda oder Isola di Garda oder Isola Borghese ist die gr\u00f6\u00dfte Insel im Gardasee. Sie geh\u00f6rt zur Gemeinde San Felice del Benaco in der Provinz Brescia, Lombardei, Italien. Die Insel hat eine lange und abwechslungsreiche Geschichte, die als r\u00f6misches Begr\u00e4bnisfeld, Piratenversteck, Standort eines Franziskanerklosters, als Grenzbefestigung und als Wohnvilla diente. Die Insel wurde im Laufe der Jahrhunderte von zahlreichen bekannten Pers\u00f6nlichkeiten wie Franz von Assisi, Antonius von Padua und Dante Alighieri besucht. Heute ist sie mit einem Park bedeckt und wird von der venezianischen Neogotik-Villa Borghese Cavazza dominiert. Obwohl sie von der Familie Cavazza privat gehalten wird, ist die Isola del Garda seit 2001 f\u00fcr Besucher zug\u00e4nglich.<\/p>\n<p>Geografie<\/p>\n<p>Die Isola del Garda liegt im S\u00fcdwesten des Gardasees, s\u00fcdlich des Golfs von Sal\u00f2, in der N\u00e4he der Stadt San Felice del Benaco in der Provinz Brescia. Sie ist durch nur etwa 220 Meter offenes Wasser vom Capo San Fermo getrennt und somit die gr\u00f6\u00dfte Insel des Sees. Die Insel (oder genauer gesagt Inseln, da die Isola del Garda einige kleine Felsenformationen umfasst und der Park von einem schmalen Kanal vom Haus getrennt ist) bestand urspr\u00fcnglich nur aus Felsen, die aus dem See ragten. Der Boden f\u00fcr die G\u00e4rten wurde im Laufe der Zeit von den Bewohnern hergebracht. Die Insel ist etwa 1,1 km lang, aber nur rund 70 Meter breit an der breitesten Stelle. Heute ist sie gr\u00f6\u00dftenteils von einem Park und formellen G\u00e4rten mit einer gro\u00dfen Vielfalt an Pflanzen bedeckt.<\/p>\n<p>Geschichte<\/p>\n<p>Die Insel war unter verschiedenen Namen bekannt, darunter Insula Cranie (&#8220;Insel der Sch\u00e4del&#8221;), Isola dei Frati (&#8220;Insel der M\u00f6nche&#8221;), Isola Scotti, Isola Lechi, Isola de Ferrari und schlie\u00dflich Isola Borghese. Sie war wahrscheinlich bereits in der r\u00f6mischen Zeit bewohnt. 130 gallo-r\u00f6mische Grabsteine, die auf der Insel gefunden wurden, zeigen, dass sie zumindest zu dieser Zeit als Begr\u00e4bnisst\u00e4tte diente. Auch Reste votiver Tempel wurden entdeckt. Nach dem Niedergang des R\u00f6mischen Reiches diente die Insel lange Zeit als Versteck f\u00fcr Piraten, die den Schiffsverkehr auf dem Gardasee auspl\u00fcnderten. Die Insel wird erstmals in schriftlichen Dokumenten in einem Dekret des Herzogs Carloman von Bayern erw\u00e4hnt, datiert auf 879, das die Insel den M\u00f6nchen von San Zeno von Verona \u00fcbergab. Die M\u00f6nche hielten die Insel jedoch wahrscheinlich nicht lange, da sie 1180 in einem Dokument des Kaisers Friedrich I. erneut erw\u00e4hnt wurde, der sie einem Biemino von Manerba als Lehen \u00fcbergab. Um 1220 reiste Franz von Assisi durch Norditalien, ob er die Insel tats\u00e4chlich besuchte, ist jedoch nicht sicher. Die Franziskaner errichteten jedoch damals eine einfache Einsiedelei unter den H\u00f6hlen und Felsen der Insel. 1224 besuchte der Bischof von Trient die Einsiedelei, drei Jahre sp\u00e4ter soll auch Antonius von Padua die Insel besucht haben. Nach \u00f6rtlicher Legende wurde Dante Alighieri 1304 zur Insel geschickt und erw\u00e4hnte sie sp\u00e4ter in seiner G\u00f6ttlichen Kom\u00f6die:<\/p>\n<p>Loco \u00e8 nel mezzo l\u00e0 dove &#8216;l trentino<br \/>\npastore e quel di Brescia e &#8216;l veronese<br \/>\nsegnar poria, s&#8217;e&#8217; fesse quel cammino<br \/>\n(Inferno, Canto XX)<\/p>\n<p>1422 besuchte Bernardino von Siena die Insel zum ersten Mal und in dieser Zeit wurde ein Franziskanerkloster errichtet. Dieses wurde 1438 erneuert und erweitert, die hinzugef\u00fcgte Kirche wurde Santa Maria dello Scoglio genannt. 1470 gr\u00fcndete der Theologe und Philosoph Francesco Licheto (1450\u20131520) aus der Adelsfamilie Lechi von Brescia eine Schule auf der Insel. 1517 wurde dort ein religi\u00f6ser Kommentar gedruckt, der das erste Buch in der Region rund um den Gardasee darstellte. Der Doge von Genua, Giano Fregoso, und sein Sohn Alessandro nutzten die Insel ebenfalls als R\u00fcckzugsort. Nach Licheto\u2019s Tod kam die religi\u00f6se Gemeinschaft in Verfall. Von 1685 bis 1697 war die Insel ein Novizenkloster. 1795 beschloss die Republik Venedig, das Kloster aufzuheben. Der letzte Prior, Bonaventura di Casalloro, wurde gezwungen, das Kloster zu schlie\u00dfen und die Insel mit den verbleibenden M\u00f6nchen zu verlassen. Im Jahr 1798, nach der Gr\u00fcndung der Cisalpinischen Republik, wurde die Insel durch ein Dekret von Napoleon Bonaparte enteignet. Die Regierung verkaufte die Insel 1800 an private Eigent\u00fcmer. Nach mehreren Besitzerwechseln wurde sie 1817 von Graf Luigi Lechi aus Brescia erworben, der umfangreiche Bau- und Renovierungsarbeiten anordnete, und das Kloster in eine Villa verwandelte. Zu Lechis G\u00e4sten geh\u00f6rten unter anderem die Komponisten Gioachino Rossini und Gaetano Donizetti, die Schriftsteller Ippolito Pindemonte und Cesare Arici sowie Maler Luigi Basiletti und der Architekt Rodolfo Vantini. Letzterer entwarf den kleinen Hafen der Insel mit dem Turm. 1837 ging die Insel auf Teodoro Lechi, den Bruder von Luigi, \u00fcber, der einige Terrassen vor der Villa hinzuf\u00fcgte. Im Jahr 1860 wurde die Insel von dem neu gegr\u00fcndeten K\u00f6nigreich Italien beschlagnahmt und zu einer Grenzbefestigung gegen die \u00d6sterreicher, die Venetien und das \u00f6stliche Ufer des Gardasees hielten, umgebaut. Nach dem Frieden von 1866, bei dem die \u00d6sterreicher gro\u00dfe Teile Norditaliens an das K\u00f6nigreich Italien abtraten, wurde die Idee, die Insel zur Festung auszubauen, aufgegeben. Im Jahr 1870 wurde die Insel versteigert und von Baron Scotti gekauft, der sie an den Herzog Gaetano de Ferrari aus Genua weiterverkaufte. De Ferrari und seine Frau, die russische Aristokratin Maria Sergeyevna Annenkova, zogen auf die Insel. Von 1880 bis 1900 wurde der Park angelegt und Mauern errichtet, um das Wasser fernzuhalten. W\u00e4hrend der Park von Anfang an als englischer Garten angelegt wurde, wurde der Bereich vor dem Haus als formeller italienischer Garten gestaltet. Im Jahr 1893 starb der Herzog und seine Tochter Anna Maria erbte die Insel. Im Jahr 1927 starb Prinz Scipione Borghese und seine Tochter, Prinzessin Livia Borghese, erbte die Insel, die mit dem Grafen Alessandro Cavazza aus Bologna verheiratet war. Nach dessen Tod im Jahr 1981 heiratete ihre j\u00fcngste Tochter, Lady Charlotte Sarah Alexandra Chetwynd-Talbot, den Grafen Camillo Cavazza dei Conti Cavazza.<\/p>\n<p>Webseite: <a href=\"https:\/\/www.isoladelgarda.com\/\">https:\/\/www.isoladelgarda.com\/<\/a><br \/>\n[\/vc_column_text][\/vc_column][\/vc_row]<\/p>\n<\/div>","protected":false},"excerpt":{"rendered":"<p>[vc_row][vc_column][vc_video link=&#8221;https:\/\/www.youtube.com\/watch?v=JXsPo6Gpilg&#8221; align=&#8221;center&#8221;][\/vc_column][\/vc_row][vc_row][vc_column][vc_column_text css=&#8221;&#8221;]Isola del Garda oder Isola di Garda oder Isola Borghese ist die gr\u00f6\u00dfte Insel im Gardasee. Sie geh\u00f6rt zur Gemeinde San Felice del Benaco in der Provinz Brescia, Lombardei, Italien. Die Insel hat eine lange und abwechslungsreiche Geschichte, die als r\u00f6misches Begr\u00e4bnisfeld, Piratenversteck, Standort eines Franziskanerklosters, als Grenzbefestigung und als Wohnvilla diente. [&hellip;]<\/p>\n","protected":false},"author":2,"featured_media":0,"parent":0,"menu_order":0,"comment_status":"closed","ping_status":"closed","template":"","meta":{"footnotes":""},"class_list":["post-8382","page","type-page","status-publish","hentry"],"yoast_head":"<!-- This site is optimized with the Yoast SEO plugin v23.6 - https:\/\/yoast.com\/wordpress\/plugins\/seo\/ -->\n<title>Isola del Garda - Agriturismo Villa Bissiniga I Sal\u00f2 del Garda<\/title>\n<meta name=\"description\" content=\"Die Isola Borghese oder Isola del Garda ist die gr\u00f6\u00dfte Insel im Gardasee, die von Sal\u00f2 aus erreichbar ist. Sie ist einfach atemberaubend und verf\u00fcgt \u00fcber ein faszinierendes Erbe. Fragen Sie uns, wie Sie die Insel besuchen k\u00f6nnen.\" \/>\n<meta name=\"robots\" content=\"index, follow, max-snippet:-1, max-image-preview:large, max-video-preview:-1\" \/>\n<link rel=\"canonical\" href=\"https:\/\/www.villabissiniga.com\/de\/isola-del-garda\/\" \/>\n<meta property=\"og:locale\" content=\"de_DE\" \/>\n<meta property=\"og:type\" content=\"article\" \/>\n<meta property=\"og:title\" content=\"Isola del Garda - Agriturismo Villa Bissiniga I Sal\u00f2 del Garda\" \/>\n<meta property=\"og:description\" content=\"Die Isola Borghese oder Isola del Garda ist die gr\u00f6\u00dfte Insel im Gardasee, die von Sal\u00f2 aus erreichbar ist. Sie ist einfach atemberaubend und verf\u00fcgt \u00fcber ein faszinierendes Erbe. Fragen Sie uns, wie Sie die Insel besuchen k\u00f6nnen.\" \/>\n<meta property=\"og:url\" content=\"https:\/\/www.villabissiniga.com\/de\/isola-del-garda\/\" \/>\n<meta property=\"og:site_name\" content=\"Agriturismo Villa Bissiniga I Sal\u00f2 del Garda\" \/>\n<meta property=\"article:publisher\" content=\"https:\/\/www.facebook.com\/AgriturismoVillaBissiniga\/\" \/>\n<meta name=\"twitter:card\" content=\"summary_large_image\" \/>\n<meta name=\"twitter:label1\" content=\"Gesch\u00e4tzte Lesezeit\" \/>\n\t<meta name=\"twitter:data1\" content=\"5\u00a0Minuten\" \/>\n<script type=\"application\/ld+json\" class=\"yoast-schema-graph\">{\"@context\":\"https:\/\/schema.org\",\"@graph\":[{\"@type\":\"WebPage\",\"@id\":\"https:\/\/www.villabissiniga.com\/de\/isola-del-garda\/\",\"url\":\"https:\/\/www.villabissiniga.com\/de\/isola-del-garda\/\",\"name\":\"Isola del Garda - Agriturismo Villa Bissiniga I Sal\u00f2 del Garda\",\"isPartOf\":{\"@id\":\"https:\/\/www.villabissiniga.com\/de\/#website\"},\"datePublished\":\"2024-12-14T15:27:32+00:00\",\"dateModified\":\"2024-12-14T15:27:32+00:00\",\"description\":\"Die Isola Borghese oder Isola del Garda ist die gr\u00f6\u00dfte Insel im Gardasee, die von Sal\u00f2 aus erreichbar ist. Sie ist einfach atemberaubend und verf\u00fcgt \u00fcber ein faszinierendes Erbe. Fragen Sie uns, wie Sie die Insel besuchen k\u00f6nnen.\",\"breadcrumb\":{\"@id\":\"https:\/\/www.villabissiniga.com\/de\/isola-del-garda\/#breadcrumb\"},\"inLanguage\":\"de\",\"potentialAction\":[{\"@type\":\"ReadAction\",\"target\":[\"https:\/\/www.villabissiniga.com\/de\/isola-del-garda\/\"]}]},{\"@type\":\"BreadcrumbList\",\"@id\":\"https:\/\/www.villabissiniga.com\/de\/isola-del-garda\/#breadcrumb\",\"itemListElement\":[{\"@type\":\"ListItem\",\"position\":1,\"name\":\"Home\",\"item\":\"https:\/\/www.villabissiniga.com\/de\/\"},{\"@type\":\"ListItem\",\"position\":2,\"name\":\"Isola del Garda\"}]},{\"@type\":\"WebSite\",\"@id\":\"https:\/\/www.villabissiniga.com\/de\/#website\",\"url\":\"https:\/\/www.villabissiniga.com\/de\/\",\"name\":\"Agriturismo Villa Bissiniga I Sal\u00f2 del Garda\",\"description\":\"Farmhouse Villa Bed and Breakfast on Lake Garda, Italy\",\"publisher\":{\"@id\":\"https:\/\/www.villabissiniga.com\/de\/#organization\"},\"potentialAction\":[{\"@type\":\"SearchAction\",\"target\":{\"@type\":\"EntryPoint\",\"urlTemplate\":\"https:\/\/www.villabissiniga.com\/de\/?s={search_term_string}\"},\"query-input\":{\"@type\":\"PropertyValueSpecification\",\"valueRequired\":true,\"valueName\":\"search_term_string\"}}],\"inLanguage\":\"de\"},{\"@type\":\"Organization\",\"@id\":\"https:\/\/www.villabissiniga.com\/de\/#organization\",\"name\":\"Agriturismo Villa Bissiniga\",\"url\":\"https:\/\/www.villabissiniga.com\/de\/\",\"logo\":{\"@type\":\"ImageObject\",\"inLanguage\":\"de\",\"@id\":\"https:\/\/www.villabissiniga.com\/de\/#\/schema\/logo\/image\/\",\"url\":\"https:\/\/www.villabissiniga.com\/wp-content\/uploads\/2019\/05\/logo_bissinia_dark-1.png\",\"contentUrl\":\"https:\/\/www.villabissiniga.com\/wp-content\/uploads\/2019\/05\/logo_bissinia_dark-1.png\",\"width\":575,\"height\":184,\"caption\":\"Agriturismo Villa Bissiniga\"},\"image\":{\"@id\":\"https:\/\/www.villabissiniga.com\/de\/#\/schema\/logo\/image\/\"},\"sameAs\":[\"https:\/\/www.facebook.com\/AgriturismoVillaBissiniga\/\",\"https:\/\/www.instagram.com\/villabissiniga\/?hl=it\"]}]}<\/script>\n<!-- \/ Yoast SEO plugin. -->","yoast_head_json":{"title":"Isola del Garda - Agriturismo Villa Bissiniga I Sal\u00f2 del Garda","description":"Die Isola Borghese oder Isola del Garda ist die gr\u00f6\u00dfte Insel im Gardasee, die von Sal\u00f2 aus erreichbar ist. Sie ist einfach atemberaubend und verf\u00fcgt \u00fcber ein faszinierendes Erbe. Fragen Sie uns, wie Sie die Insel besuchen k\u00f6nnen.","robots":{"index":"index","follow":"follow","max-snippet":"max-snippet:-1","max-image-preview":"max-image-preview:large","max-video-preview":"max-video-preview:-1"},"canonical":"https:\/\/www.villabissiniga.com\/de\/isola-del-garda\/","og_locale":"de_DE","og_type":"article","og_title":"Isola del Garda - Agriturismo Villa Bissiniga I Sal\u00f2 del Garda","og_description":"Die Isola Borghese oder Isola del Garda ist die gr\u00f6\u00dfte Insel im Gardasee, die von Sal\u00f2 aus erreichbar ist. Sie ist einfach atemberaubend und verf\u00fcgt \u00fcber ein faszinierendes Erbe. Fragen Sie uns, wie Sie die Insel besuchen k\u00f6nnen.","og_url":"https:\/\/www.villabissiniga.com\/de\/isola-del-garda\/","og_site_name":"Agriturismo Villa Bissiniga I Sal\u00f2 del Garda","article_publisher":"https:\/\/www.facebook.com\/AgriturismoVillaBissiniga\/","twitter_card":"summary_large_image","twitter_misc":{"Gesch\u00e4tzte Lesezeit":"5\u00a0Minuten"},"schema":{"@context":"https:\/\/schema.org","@graph":[{"@type":"WebPage","@id":"https:\/\/www.villabissiniga.com\/de\/isola-del-garda\/","url":"https:\/\/www.villabissiniga.com\/de\/isola-del-garda\/","name":"Isola del Garda - Agriturismo Villa Bissiniga I Sal\u00f2 del Garda","isPartOf":{"@id":"https:\/\/www.villabissiniga.com\/de\/#website"},"datePublished":"2024-12-14T15:27:32+00:00","dateModified":"2024-12-14T15:27:32+00:00","description":"Die Isola Borghese oder Isola del Garda ist die gr\u00f6\u00dfte Insel im Gardasee, die von Sal\u00f2 aus erreichbar ist. Sie ist einfach atemberaubend und verf\u00fcgt \u00fcber ein faszinierendes Erbe. Fragen Sie uns, wie Sie die Insel besuchen k\u00f6nnen.","breadcrumb":{"@id":"https:\/\/www.villabissiniga.com\/de\/isola-del-garda\/#breadcrumb"},"inLanguage":"de","potentialAction":[{"@type":"ReadAction","target":["https:\/\/www.villabissiniga.com\/de\/isola-del-garda\/"]}]},{"@type":"BreadcrumbList","@id":"https:\/\/www.villabissiniga.com\/de\/isola-del-garda\/#breadcrumb","itemListElement":[{"@type":"ListItem","position":1,"name":"Home","item":"https:\/\/www.villabissiniga.com\/de\/"},{"@type":"ListItem","position":2,"name":"Isola del Garda"}]},{"@type":"WebSite","@id":"https:\/\/www.villabissiniga.com\/de\/#website","url":"https:\/\/www.villabissiniga.com\/de\/","name":"Agriturismo Villa Bissiniga I Sal\u00f2 del Garda","description":"Farmhouse Villa Bed and Breakfast on Lake Garda, Italy","publisher":{"@id":"https:\/\/www.villabissiniga.com\/de\/#organization"},"potentialAction":[{"@type":"SearchAction","target":{"@type":"EntryPoint","urlTemplate":"https:\/\/www.villabissiniga.com\/de\/?s={search_term_string}"},"query-input":{"@type":"PropertyValueSpecification","valueRequired":true,"valueName":"search_term_string"}}],"inLanguage":"de"},{"@type":"Organization","@id":"https:\/\/www.villabissiniga.com\/de\/#organization","name":"Agriturismo Villa Bissiniga","url":"https:\/\/www.villabissiniga.com\/de\/","logo":{"@type":"ImageObject","inLanguage":"de","@id":"https:\/\/www.villabissiniga.com\/de\/#\/schema\/logo\/image\/","url":"https:\/\/www.villabissiniga.com\/wp-content\/uploads\/2019\/05\/logo_bissinia_dark-1.png","contentUrl":"https:\/\/www.villabissiniga.com\/wp-content\/uploads\/2019\/05\/logo_bissinia_dark-1.png","width":575,"height":184,"caption":"Agriturismo Villa Bissiniga"},"image":{"@id":"https:\/\/www.villabissiniga.com\/de\/#\/schema\/logo\/image\/"},"sameAs":["https:\/\/www.facebook.com\/AgriturismoVillaBissiniga\/","https:\/\/www.instagram.com\/villabissiniga\/?hl=it"]}]}},"_links":{"self":[{"href":"https:\/\/www.villabissiniga.com\/de\/wp-json\/wp\/v2\/pages\/8382"}],"collection":[{"href":"https:\/\/www.villabissiniga.com\/de\/wp-json\/wp\/v2\/pages"}],"about":[{"href":"https:\/\/www.villabissiniga.com\/de\/wp-json\/wp\/v2\/types\/page"}],"author":[{"embeddable":true,"href":"https:\/\/www.villabissiniga.com\/de\/wp-json\/wp\/v2\/users\/2"}],"replies":[{"embeddable":true,"href":"https:\/\/www.villabissiniga.com\/de\/wp-json\/wp\/v2\/comments?post=8382"}],"version-history":[{"count":2,"href":"https:\/\/www.villabissiniga.com\/de\/wp-json\/wp\/v2\/pages\/8382\/revisions"}],"predecessor-version":[{"id":8384,"href":"https:\/\/www.villabissiniga.com\/de\/wp-json\/wp\/v2\/pages\/8382\/revisions\/8384"}],"wp:attachment":[{"href":"https:\/\/www.villabissiniga.com\/de\/wp-json\/wp\/v2\/media?parent=8382"}],"curies":[{"name":"wp","href":"https:\/\/api.w.org\/{rel}","templated":true}]}}