{"id":8389,"date":"2024-12-14T15:33:18","date_gmt":"2024-12-14T15:33:18","guid":{"rendered":"https:\/\/www.villabissiniga.com\/zimmer-mit-aussicht\/"},"modified":"2024-12-16T12:14:33","modified_gmt":"2024-12-16T12:14:33","slug":"zimmer-mit-aussicht","status":"publish","type":"page","link":"https:\/\/www.villabissiniga.com\/de\/zimmer-mit-aussicht\/","title":{"rendered":"Zimmer mit Aussicht"},"content":{"rendered":"<div class=\"wpb-content-wrapper\"><p>[vc_section css=&#8221;.vc_custom_1729191340525{margin-top: 5% !important;}&#8221;][vc_row][vc_column width=&#8221;1\/2&#8243;][vc_raw_html css=&#8221;&#8221;]ICAgICAgICAgIFt3cHZyIGlkPSI3MzcwIl0NCiAgICAgICAg[\/vc_raw_html][\/vc_column][vc_column width=&#8221;1\/2&#8243;][vc_column_text css=&#8221;&#8221;]Erlebe die Sch\u00f6nheit von Sal\u00f2 und dem majest\u00e4tischen Gardasee direkt aus dem Komfort deines Zimmers, von den Terrassen oder der Bio-Pool von Villa Bissiniga. Unser Hotel bietet ein einzigartiges Erlebnis durch die Luft-Realit\u00e4ts-Virtual-Funktion auf dieser Seite, die den G\u00e4sten erm\u00f6glicht, die atemberaubenden Ausblicke von Sal\u00f2 und der Umgebung zu genie\u00dfen. Stell dir vor, du wachst auf mit einem Panoramablick auf die malerische Stadt und die funkelnden Gew\u00e4sser des Gardasees \u2013 direkt von deinem Fenster.<\/p>\n<p>Ob du den Morgenkaffee genie\u00dft oder abends ein Glas Wein, unser Bauernhaus mit Blick wird dir unvergessliche Momente bieten. Komm und erlebe die Sch\u00f6nheit von Sal\u00f2 in Villa Bissiniga, wo jeder Moment wie ein Postkartenbild ist.[\/vc_column_text][\/vc_column][\/vc_row][\/vc_section][vc_row][vc_column][vc_separator css=&#8221;&#8221;][vc_images_carousel images=&#8221;7872,7878,7881,8023,7884,7887,8029,7875&#8243; img_size=&#8221;large&#8221; slides_per_view=&#8221;6&#8243; autoplay=&#8221;yes&#8221; hide_pagination_control=&#8221;yes&#8221; wrap=&#8221;yes&#8221; css=&#8221;.vc_custom_1729242025020{margin-right: 7% !important;margin-left: 7% !important;}&#8221;][\/vc_column][\/vc_row]<\/p>\n<\/div>","protected":false},"excerpt":{"rendered":"<p>[vc_section css=&#8221;.vc_custom_1729191340525{margin-top: 5% !important;}&#8221;][vc_row][vc_column width=&#8221;1\/2&#8243;][vc_raw_html css=&#8221;&#8221;]ICAgICAgICAgIFt3cHZyIGlkPSI3MzcwIl0NCiAgICAgICAg[\/vc_raw_html][\/vc_column][vc_column width=&#8221;1\/2&#8243;][vc_column_text css=&#8221;&#8221;]Erlebe die Sch\u00f6nheit von Sal\u00f2 und dem majest\u00e4tischen Gardasee direkt aus dem Komfort deines Zimmers, von den Terrassen oder der Bio-Pool von Villa Bissiniga. Unser Hotel bietet ein einzigartiges Erlebnis durch die Luft-Realit\u00e4ts-Virtual-Funktion auf dieser Seite, die den G\u00e4sten erm\u00f6glicht, die atemberaubenden Ausblicke von Sal\u00f2 und der Umgebung [&hellip;]<\/p>\n","protected":false},"author":2,"featured_media":0,"parent":0,"menu_order":0,"comment_status":"closed","ping_status":"closed","template":"","meta":{"footnotes":""},"class_list":["post-8389","page","type-page","status-publish","hentry"],"yoast_head":"<!-- This site is optimized with the Yoast SEO plugin v23.6 - https:\/\/yoast.com\/wordpress\/plugins\/seo\/ -->\n<title>Zimmer mit Aussicht - Agriturismo Villa Bissiniga I Sal\u00f2 del Garda<\/title>\n<meta name=\"description\" content=\"Es ist schwer, unser Relais-Fermehaus mit einer kurzen Beschreibung gerecht zu werden. Wenn Sie nach einem einzigartigen und erholsamen Erlebnis am Gardasee suchen, besuchen Sie uns jetzt.\" \/>\n<meta name=\"robots\" content=\"index, follow, max-snippet:-1, max-image-preview:large, max-video-preview:-1\" \/>\n<link rel=\"canonical\" href=\"https:\/\/www.villabissiniga.com\/de\/zimmer-mit-aussicht\/\" \/>\n<meta property=\"og:locale\" content=\"de_DE\" \/>\n<meta property=\"og:type\" content=\"article\" \/>\n<meta property=\"og:title\" content=\"Zimmer mit Aussicht - Agriturismo Villa Bissiniga I Sal\u00f2 del Garda\" \/>\n<meta property=\"og:description\" content=\"Es ist schwer, unser Relais-Fermehaus mit einer kurzen Beschreibung gerecht zu werden. Wenn Sie nach einem einzigartigen und erholsamen Erlebnis am Gardasee suchen, besuchen Sie uns jetzt.\" \/>\n<meta property=\"og:url\" content=\"https:\/\/www.villabissiniga.com\/de\/zimmer-mit-aussicht\/\" \/>\n<meta property=\"og:site_name\" content=\"Agriturismo Villa Bissiniga I Sal\u00f2 del Garda\" \/>\n<meta property=\"article:publisher\" content=\"https:\/\/www.facebook.com\/AgriturismoVillaBissiniga\/\" \/>\n<meta property=\"article:modified_time\" content=\"2024-12-16T12:14:33+00:00\" \/>\n<meta name=\"twitter:card\" content=\"summary_large_image\" \/>\n<meta name=\"twitter:label1\" content=\"Gesch\u00e4tzte Lesezeit\" \/>\n\t<meta name=\"twitter:data1\" content=\"1\u00a0Minute\" \/>\n<script type=\"application\/ld+json\" class=\"yoast-schema-graph\">{\"@context\":\"https:\/\/schema.org\",\"@graph\":[{\"@type\":\"WebPage\",\"@id\":\"https:\/\/www.villabissiniga.com\/de\/zimmer-mit-aussicht\/\",\"url\":\"https:\/\/www.villabissiniga.com\/de\/zimmer-mit-aussicht\/\",\"name\":\"Zimmer mit Aussicht - Agriturismo Villa Bissiniga I Sal\u00f2 del Garda\",\"isPartOf\":{\"@id\":\"https:\/\/www.villabissiniga.com\/de\/#website\"},\"datePublished\":\"2024-12-14T15:33:18+00:00\",\"dateModified\":\"2024-12-16T12:14:33+00:00\",\"description\":\"Es ist schwer, unser Relais-Fermehaus mit einer kurzen Beschreibung gerecht zu werden. Wenn Sie nach einem einzigartigen und erholsamen Erlebnis am Gardasee suchen, besuchen Sie uns jetzt.\",\"breadcrumb\":{\"@id\":\"https:\/\/www.villabissiniga.com\/de\/zimmer-mit-aussicht\/#breadcrumb\"},\"inLanguage\":\"de\",\"potentialAction\":[{\"@type\":\"ReadAction\",\"target\":[\"https:\/\/www.villabissiniga.com\/de\/zimmer-mit-aussicht\/\"]}]},{\"@type\":\"BreadcrumbList\",\"@id\":\"https:\/\/www.villabissiniga.com\/de\/zimmer-mit-aussicht\/#breadcrumb\",\"itemListElement\":[{\"@type\":\"ListItem\",\"position\":1,\"name\":\"Home\",\"item\":\"https:\/\/www.villabissiniga.com\/de\/\"},{\"@type\":\"ListItem\",\"position\":2,\"name\":\"Zimmer mit Aussicht\"}]},{\"@type\":\"WebSite\",\"@id\":\"https:\/\/www.villabissiniga.com\/de\/#website\",\"url\":\"https:\/\/www.villabissiniga.com\/de\/\",\"name\":\"Agriturismo Villa Bissiniga I Sal\u00f2 del Garda\",\"description\":\"Farmhouse Villa Bed and Breakfast on Lake Garda, Italy\",\"publisher\":{\"@id\":\"https:\/\/www.villabissiniga.com\/de\/#organization\"},\"potentialAction\":[{\"@type\":\"SearchAction\",\"target\":{\"@type\":\"EntryPoint\",\"urlTemplate\":\"https:\/\/www.villabissiniga.com\/de\/?s={search_term_string}\"},\"query-input\":{\"@type\":\"PropertyValueSpecification\",\"valueRequired\":true,\"valueName\":\"search_term_string\"}}],\"inLanguage\":\"de\"},{\"@type\":\"Organization\",\"@id\":\"https:\/\/www.villabissiniga.com\/de\/#organization\",\"name\":\"Agriturismo Villa Bissiniga\",\"url\":\"https:\/\/www.villabissiniga.com\/de\/\",\"logo\":{\"@type\":\"ImageObject\",\"inLanguage\":\"de\",\"@id\":\"https:\/\/www.villabissiniga.com\/de\/#\/schema\/logo\/image\/\",\"url\":\"https:\/\/www.villabissiniga.com\/wp-content\/uploads\/2019\/05\/logo_bissinia_dark-1.png\",\"contentUrl\":\"https:\/\/www.villabissiniga.com\/wp-content\/uploads\/2019\/05\/logo_bissinia_dark-1.png\",\"width\":575,\"height\":184,\"caption\":\"Agriturismo Villa Bissiniga\"},\"image\":{\"@id\":\"https:\/\/www.villabissiniga.com\/de\/#\/schema\/logo\/image\/\"},\"sameAs\":[\"https:\/\/www.facebook.com\/AgriturismoVillaBissiniga\/\",\"https:\/\/www.instagram.com\/villabissiniga\/?hl=it\"]}]}<\/script>\n<!-- \/ Yoast SEO plugin. -->","yoast_head_json":{"title":"Zimmer mit Aussicht - Agriturismo Villa Bissiniga I Sal\u00f2 del Garda","description":"Es ist schwer, unser Relais-Fermehaus mit einer kurzen Beschreibung gerecht zu werden. Wenn Sie nach einem einzigartigen und erholsamen Erlebnis am Gardasee suchen, besuchen Sie uns jetzt.","robots":{"index":"index","follow":"follow","max-snippet":"max-snippet:-1","max-image-preview":"max-image-preview:large","max-video-preview":"max-video-preview:-1"},"canonical":"https:\/\/www.villabissiniga.com\/de\/zimmer-mit-aussicht\/","og_locale":"de_DE","og_type":"article","og_title":"Zimmer mit Aussicht - Agriturismo Villa Bissiniga I Sal\u00f2 del Garda","og_description":"Es ist schwer, unser Relais-Fermehaus mit einer kurzen Beschreibung gerecht zu werden. Wenn Sie nach einem einzigartigen und erholsamen Erlebnis am Gardasee suchen, besuchen Sie uns jetzt.","og_url":"https:\/\/www.villabissiniga.com\/de\/zimmer-mit-aussicht\/","og_site_name":"Agriturismo Villa Bissiniga I Sal\u00f2 del Garda","article_publisher":"https:\/\/www.facebook.com\/AgriturismoVillaBissiniga\/","article_modified_time":"2024-12-16T12:14:33+00:00","twitter_card":"summary_large_image","twitter_misc":{"Gesch\u00e4tzte Lesezeit":"1\u00a0Minute"},"schema":{"@context":"https:\/\/schema.org","@graph":[{"@type":"WebPage","@id":"https:\/\/www.villabissiniga.com\/de\/zimmer-mit-aussicht\/","url":"https:\/\/www.villabissiniga.com\/de\/zimmer-mit-aussicht\/","name":"Zimmer mit Aussicht - Agriturismo Villa Bissiniga I Sal\u00f2 del Garda","isPartOf":{"@id":"https:\/\/www.villabissiniga.com\/de\/#website"},"datePublished":"2024-12-14T15:33:18+00:00","dateModified":"2024-12-16T12:14:33+00:00","description":"Es ist schwer, unser Relais-Fermehaus mit einer kurzen Beschreibung gerecht zu werden. Wenn Sie nach einem einzigartigen und erholsamen Erlebnis am Gardasee suchen, besuchen Sie uns jetzt.","breadcrumb":{"@id":"https:\/\/www.villabissiniga.com\/de\/zimmer-mit-aussicht\/#breadcrumb"},"inLanguage":"de","potentialAction":[{"@type":"ReadAction","target":["https:\/\/www.villabissiniga.com\/de\/zimmer-mit-aussicht\/"]}]},{"@type":"BreadcrumbList","@id":"https:\/\/www.villabissiniga.com\/de\/zimmer-mit-aussicht\/#breadcrumb","itemListElement":[{"@type":"ListItem","position":1,"name":"Home","item":"https:\/\/www.villabissiniga.com\/de\/"},{"@type":"ListItem","position":2,"name":"Zimmer mit Aussicht"}]},{"@type":"WebSite","@id":"https:\/\/www.villabissiniga.com\/de\/#website","url":"https:\/\/www.villabissiniga.com\/de\/","name":"Agriturismo Villa Bissiniga I Sal\u00f2 del Garda","description":"Farmhouse Villa Bed and Breakfast on Lake Garda, Italy","publisher":{"@id":"https:\/\/www.villabissiniga.com\/de\/#organization"},"potentialAction":[{"@type":"SearchAction","target":{"@type":"EntryPoint","urlTemplate":"https:\/\/www.villabissiniga.com\/de\/?s={search_term_string}"},"query-input":{"@type":"PropertyValueSpecification","valueRequired":true,"valueName":"search_term_string"}}],"inLanguage":"de"},{"@type":"Organization","@id":"https:\/\/www.villabissiniga.com\/de\/#organization","name":"Agriturismo Villa Bissiniga","url":"https:\/\/www.villabissiniga.com\/de\/","logo":{"@type":"ImageObject","inLanguage":"de","@id":"https:\/\/www.villabissiniga.com\/de\/#\/schema\/logo\/image\/","url":"https:\/\/www.villabissiniga.com\/wp-content\/uploads\/2019\/05\/logo_bissinia_dark-1.png","contentUrl":"https:\/\/www.villabissiniga.com\/wp-content\/uploads\/2019\/05\/logo_bissinia_dark-1.png","width":575,"height":184,"caption":"Agriturismo Villa Bissiniga"},"image":{"@id":"https:\/\/www.villabissiniga.com\/de\/#\/schema\/logo\/image\/"},"sameAs":["https:\/\/www.facebook.com\/AgriturismoVillaBissiniga\/","https:\/\/www.instagram.com\/villabissiniga\/?hl=it"]}]}},"_links":{"self":[{"href":"https:\/\/www.villabissiniga.com\/de\/wp-json\/wp\/v2\/pages\/8389"}],"collection":[{"href":"https:\/\/www.villabissiniga.com\/de\/wp-json\/wp\/v2\/pages"}],"about":[{"href":"https:\/\/www.villabissiniga.com\/de\/wp-json\/wp\/v2\/types\/page"}],"author":[{"embeddable":true,"href":"https:\/\/www.villabissiniga.com\/de\/wp-json\/wp\/v2\/users\/2"}],"replies":[{"embeddable":true,"href":"https:\/\/www.villabissiniga.com\/de\/wp-json\/wp\/v2\/comments?post=8389"}],"version-history":[{"count":3,"href":"https:\/\/www.villabissiniga.com\/de\/wp-json\/wp\/v2\/pages\/8389\/revisions"}],"predecessor-version":[{"id":8392,"href":"https:\/\/www.villabissiniga.com\/de\/wp-json\/wp\/v2\/pages\/8389\/revisions\/8392"}],"wp:attachment":[{"href":"https:\/\/www.villabissiniga.com\/de\/wp-json\/wp\/v2\/media?parent=8389"}],"curies":[{"name":"wp","href":"https:\/\/api.w.org\/{rel}","templated":true}]}}