{"id":8403,"date":"2024-12-14T16:01:02","date_gmt":"2024-12-14T16:01:02","guid":{"rendered":"https:\/\/www.villabissiniga.com\/virtueller-galerie-tour\/"},"modified":"2024-12-16T12:00:50","modified_gmt":"2024-12-16T12:00:50","slug":"virtueller-galerie-tour","status":"publish","type":"page","link":"https:\/\/www.villabissiniga.com\/de\/virtueller-galerie-tour\/","title":{"rendered":"Virtueller Galerie-Tour"},"content":{"rendered":"<div class=\"wpb-content-wrapper\"><p>[vc_row css=&#8221;.vc_custom_1728738438318{margin-top: 30px !important;}&#8221;][vc_column][vc_raw_html css=&#8221;.vc_custom_1728738465729{margin-top: 30px !important;padding-top: 35px !important;padding-bottom: 35px !important;}&#8221;]PGRpdiBzdHlsZT0iZGlzcGxheTogZmxleDsganVzdGlmeS1jb250ZW50OiBjZW50ZXI7IGFsaWduLWl0ZW1zOiBjZW50ZXI7IGhlaWdodDogMzAwcHg7Ij5bd3B2ciBpZD0iNzM3NiJdPC9kaXY+[\/vc_raw_html][\/vc_column][\/vc_row][vc_row css=&#8221;.vc_custom_1724697496688{margin-top: 10px !important;}&#8221;][vc_column][vc_column_text css=&#8221;&#8221;]Betreten Sie die zauberhafte Welt von Villa Bissiniga und entdecken Sie ihre Sch\u00f6nheit wie nie zuvor. Dank unserer immersiven 360-Grad-VR-Animationen k\u00f6nnen Sie jeden Winkel dieser au\u00dfergew\u00f6hnlichen Anwesenheit vom Komfort Ihres Smartphones, Tablets oder Computers aus erkunden. In der malerischen Stadt Sal\u00f2, an den herrlichen Ufern des Gardasees gelegen, ist Villa Bissiniga ein wahrer Schatz, der darauf wartet, entdeckt zu werden. W\u00e4hrend Sie durch die atemberaubenden Innen- und Au\u00dfenbereiche navigieren, haben Sie das Gef\u00fchl, in diese historische Villa versetzt zu werden, umgeben von \u00fcppigen G\u00e4rten und spektakul\u00e4ren Ausblicken. Verpassen Sie nicht diese au\u00dfergew\u00f6hnliche Gelegenheit, einen virtuellen Rundgang durch Villa Bissiniga zu unternehmen und ihr prachtvolles Ambiente \u00fcberall zu genie\u00dfen.[\/vc_column_text][vc_text_separator title=&#8221;Empfang&#8221; css=&#8221;&#8221;][vc_raw_html css=&#8221;.vc_custom_1724701763341{padding-top: 35px !important;padding-bottom: 35px !important;}&#8221;]PGRpdiBzdHlsZT0iZGlzcGxheTogZmxleDsganVzdGlmeS1jb250ZW50OiBjZW50ZXI7IGFsaWduLWl0ZW1zOiBjZW50ZXI7IGhlaWdodDogMzAwcHg7Ij5bd3B2ciBpZD0iNzEyNiJdPC9kaXY+[\/vc_raw_html][\/vc_column][\/vc_row][vc_row][vc_column][vc_text_separator title=&#8221;Flur im ersten Stock&#8221; css=&#8221;&#8221;][vc_raw_html css=&#8221;.vc_custom_1724701871785{padding-top: 35px !important;padding-bottom: 35px !important;}&#8221;]PGRpdiBzdHlsZT0iZGlzcGxheTogZmxleDsganVzdGlmeS1jb250ZW50OiBjZW50ZXI7IGFsaWduLWl0ZW1zOiBjZW50ZXI7IGhlaWdodDogMzAwcHg7Ij5bd3B2ciBpZD0iNzE0MyJdPC9kaXY+[\/vc_raw_html][\/vc_column][\/vc_row][vc_row][vc_column][vc_text_separator title=&#8221;Esszimmer im Flur&#8221; css=&#8221;&#8221;][vc_raw_html css=&#8221;.vc_custom_1724702106742{padding-top: 35px !important;padding-bottom: 35px !important;}&#8221;]PGRpdiBzdHlsZT0iZGlzcGxheTogZmxleDsganVzdGlmeS1jb250ZW50OiBjZW50ZXI7IGFsaWduLWl0ZW1zOiBjZW50ZXI7IGhlaWdodDogMzAwcHg7Ij5bd3B2ciBpZD0iNzE4NCJdPC9kaXY+[\/vc_raw_html][\/vc_column][\/vc_row][vc_row][vc_column][vc_text_separator title=&#8221;Esszimmer&#8221; css=&#8221;&#8221;][vc_raw_html css=&#8221;.vc_custom_1724702163141{padding-top: 35px !important;padding-bottom: 35px !important;}&#8221;]PGRpdiBzdHlsZT0iZGlzcGxheTogZmxleDsganVzdGlmeS1jb250ZW50OiBjZW50ZXI7IGFsaWduLWl0ZW1zOiBjZW50ZXI7IGhlaWdodDogMzAwcHg7Ij5bd3B2ciBpZD0iNzIxNSJdPC9kaXY+[\/vc_raw_html][\/vc_column][\/vc_row][vc_row][vc_column][vc_text_separator title=&#8221;Bibliothek, zweiter Stock&#8221; css=&#8221;&#8221;][vc_raw_html css=&#8221;.vc_custom_1724702608431{padding-top: 35px !important;padding-bottom: 35px !important;}&#8221;]PGRpdiBzdHlsZT0iZGlzcGxheTogZmxleDsganVzdGlmeS1jb250ZW50OiBjZW50ZXI7IGFsaWduLWl0ZW1zOiBjZW50ZXI7IGhlaWdodDogMzAwcHg7Ij5bd3B2ciBpZD0iNzE0OCJdPC9kaXY+[\/vc_raw_html][\/vc_column][\/vc_row][vc_row][vc_column][vc_text_separator title=&#8221;Solarium&#8221; css=&#8221;&#8221;][vc_raw_html css=&#8221;.vc_custom_1724702747250{padding-top: 35px !important;padding-bottom: 35px !important;}&#8221;]PGRpdiBzdHlsZT0iZGlzcGxheTogZmxleDsganVzdGlmeS1jb250ZW50OiBjZW50ZXI7IGFsaWduLWl0ZW1zOiBjZW50ZXI7IGhlaWdodDogMzAwcHg7Ij5bd3B2ciBpZD0iNzI1MSJdPC9kaXY+[\/vc_raw_html][\/vc_column][\/vc_row][vc_row][vc_column][vc_text_separator title=&#8221;Blick vom zweiten Stock&#8221; css=&#8221;&#8221;][vc_raw_html css=&#8221;.vc_custom_1724702815984{padding-top: 35px !important;padding-bottom: 35px !important;}&#8221;]PGRpdiBzdHlsZT0iZGlzcGxheTogZmxleDsganVzdGlmeS1jb250ZW50OiBjZW50ZXI7IGFsaWduLWl0ZW1zOiBjZW50ZXI7IGhlaWdodDogMzAwcHg7Ij5bd3B2ciBpZD0iNzI2NiJdPC9kaXY+[\/vc_raw_html][\/vc_column][\/vc_row][vc_row][vc_column][vc_text_separator title=&#8221;Tagungsraum&#8221; css=&#8221;&#8221;][vc_raw_html css=&#8221;.vc_custom_1724702868062{padding-top: 35px !important;padding-bottom: 35px !important;}&#8221;]PGRpdiBzdHlsZT0iZGlzcGxheTogZmxleDsganVzdGlmeS1jb250ZW50OiBjZW50ZXI7IGFsaWduLWl0ZW1zOiBjZW50ZXI7IGhlaWdodDogMzAwcHg7Ij5bd3B2ciBpZD0iNzIwOCJdPC9kaXY+[\/vc_raw_html][\/vc_column][\/vc_row][vc_row][vc_column][vc_text_separator title=&#8221;Au\u00dfenbereich &#8211; Bar&#8221; css=&#8221;&#8221;][vc_raw_html css=&#8221;.vc_custom_1724702919924{padding-top: 35px !important;padding-bottom: 35px !important;}&#8221;]PGRpdiBzdHlsZT0iZGlzcGxheTogZmxleDsganVzdGlmeS1jb250ZW50OiBjZW50ZXI7IGFsaWduLWl0ZW1zOiBjZW50ZXI7IGhlaWdodDogMzAwcHg7Ij5bd3B2ciBpZD0iNzExMiJdPC9kaXY+[\/vc_raw_html][\/vc_column][\/vc_row][vc_row][vc_column][vc_text_separator title=&#8221;Restaurant Terrasse-Garten&#8221; css=&#8221;&#8221;][vc_raw_html css=&#8221;.vc_custom_1724702969753{padding-top: 35px !important;padding-bottom: 35px !important;}&#8221;]PGRpdiBzdHlsZT0iZGlzcGxheTogZmxleDsganVzdGlmeS1jb250ZW50OiBjZW50ZXI7IGFsaWduLWl0ZW1zOiBjZW50ZXI7IGhlaWdodDogMzAwcHg7Ij5bd3B2ciBpZD0iNzIzNCJdPC9kaXY+[\/vc_raw_html][\/vc_column][\/vc_row][vc_row][vc_column][vc_text_separator title=&#8221;Parkplatz 1&#8243; css=&#8221;&#8221;][vc_raw_html css=&#8221;.vc_custom_1728737969688{padding-top: 35px !important;padding-bottom: 35px !important;}&#8221;]PGRpdiBzdHlsZT0iZGlzcGxheTogZmxleDsganVzdGlmeS1jb250ZW50OiBjZW50ZXI7IGFsaWduLWl0ZW1zOiBjZW50ZXI7IGhlaWdodDogMzAwcHg7Ij5bd3B2ciBpZD0iNzUxNyJdIDwvZGl2Pg==[\/vc_raw_html][\/vc_column][\/vc_row][vc_row][vc_column][vc_text_separator title=&#8221;Terrasse 2&#8243; css=&#8221;&#8221;][vc_raw_html css=&#8221;.vc_custom_1728732655162{padding-top: 35px !important;padding-bottom: 35px !important;}&#8221;]PGRpdiBzdHlsZT0iZGlzcGxheTogZmxleDsganVzdGlmeS1jb250ZW50OiBjZW50ZXI7IGFsaWduLWl0ZW1zOiBjZW50ZXI7IGhlaWdodDogMzAwcHg7Ij5bd3B2ciBpZD0iNzUwNSJdPC9kaXY+[\/vc_raw_html][\/vc_column][\/vc_row][vc_row][vc_column][vc_text_separator title=&#8221;Treppen&#8221; css=&#8221;&#8221;][vc_raw_html css=&#8221;.vc_custom_1728736792192{padding-top: 35px !important;padding-bottom: 35px !important;}&#8221;]PGRpdiBzdHlsZT0iZGlzcGxheTogZmxleDsganVzdGlmeS1jb250ZW50OiBjZW50ZXI7IGFsaWduLWl0ZW1zOiBjZW50ZXI7IGhlaWdodDogMzAwcHg7Ij5bd3B2ciBpZD0iNzUxMSJdPC9kaXY+[\/vc_raw_html][\/vc_column][\/vc_row][vc_row][vc_column][vc_text_separator title=&#8221;Biopool Aussicht nach Westen&#8221; css=&#8221;&#8221;][vc_raw_html css=&#8221;.vc_custom_1728736877967{padding-top: 35px !important;padding-bottom: 35px !important;}&#8221;]PGRpdiBzdHlsZT0iZGlzcGxheTogZmxleDsganVzdGlmeS1jb250ZW50OiBjZW50ZXI7IGFsaWduLWl0ZW1zOiBjZW50ZXI7IGhlaWdodDogMzAwcHg7Ij5bd3B2ciBpZD0iNzUyOSJdPC9kaXY+[\/vc_raw_html][\/vc_column][\/vc_row][vc_row][vc_column][vc_text_separator title=&#8221;Biopool Aussicht nach Osten&#8221; css=&#8221;&#8221;][vc_raw_html css=&#8221;.vc_custom_1728737725618{padding-top: 35px !important;padding-bottom: 35px !important;}&#8221;]PGRpdiBzdHlsZT0iZGlzcGxheTogZmxleDsganVzdGlmeS1jb250ZW50OiBjZW50ZXI7IGFsaWduLWl0ZW1zOiBjZW50ZXI7IGhlaWdodDogMzAwcHg7Ij5bd3B2ciBpZD0iNzU0NiJdPC9kaXY+[\/vc_raw_html][\/vc_column][\/vc_row][vc_row][vc_column][vc_text_separator title=&#8221;Biopool Aussicht nach Norden&#8221; css=&#8221;&#8221;][vc_raw_html css=&#8221;.vc_custom_1728737112721{padding-top: 35px !important;padding-bottom: 35px !important;}&#8221;]PGRpdiBzdHlsZT0iZGlzcGxheTogZmxleDsganVzdGlmeS1jb250ZW50OiBjZW50ZXI7IGFsaWduLWl0ZW1zOiBjZW50ZXI7IGhlaWdodDogMzAwcHg7Ij5bd3B2ciBpZD0iNzUzMyJdPC9kaXY+[\/vc_raw_html][\/vc_column][\/vc_row][vc_row][vc_column][vc_text_separator title=&#8221;Versteckter Winkel&#8221; css=&#8221;&#8221;][vc_raw_html css=&#8221;.vc_custom_1728738024963{padding-top: 35px !important;padding-bottom: 35px !important;}&#8221;]PGRpdiBzdHlsZT0iZGlzcGxheTogZmxleDsganVzdGlmeS1jb250ZW50OiBjZW50ZXI7IGFsaWduLWl0ZW1zOiBjZW50ZXI7IGhlaWdodDogMzAwcHg7Ij5bd3B2ciBpZD0iNzUxNCJdPC9kaXY+[\/vc_raw_html][\/vc_column][\/vc_row][vc_row][vc_column][vc_text_separator title=&#8221;Bistro&#8221; css=&#8221;&#8221;][vc_raw_html css=&#8221;.vc_custom_1728737883878{padding-top: 35px !important;padding-bottom: 35px !important;}&#8221;]PGRpdiBzdHlsZT0iZGlzcGxheTogZmxleDsganVzdGlmeS1jb250ZW50OiBjZW50ZXI7IGFsaWduLWl0ZW1zOiBjZW50ZXI7IGhlaWdodDogMzAwcHg7Ij5bd3B2ciBpZD0iNzUwNyJdPC9kaXY+[\/vc_raw_html][\/vc_column][\/vc_row][vc_row][vc_column][vc_text_separator title=&#8221;Parkplatz 2&#8243; css=&#8221;&#8221;][vc_raw_html css=&#8221;.vc_custom_1728738144386{padding-top: 35px !important;padding-bottom: 35px !important;}&#8221;]PGRpdiBzdHlsZT0iZGlzcGxheTogZmxleDsganVzdGlmeS1jb250ZW50OiBjZW50ZXI7IGFsaWduLWl0ZW1zOiBjZW50ZXI7IGhlaWdodDogMzAwcHg7Ij5bd3B2ciBpZD0iNzUyMSJdPC9kaXY+[\/vc_raw_html][\/vc_column][\/vc_row][vc_row][vc_column][vc_text_separator title=&#8221;Parkplatz 3&#8243; css=&#8221;&#8221;][vc_raw_html css=&#8221;.vc_custom_1728738183396{padding-top: 35px !important;padding-bottom: 35px !important;}&#8221;]PGRpdiBzdHlsZT0iZGlzcGxheTogZmxleDsganVzdGlmeS1jb250ZW50OiBjZW50ZXI7IGFsaWduLWl0ZW1zOiBjZW50ZXI7IGhlaWdodDogMzAwcHg7Ij5bd3B2ciBpZD0iNzUyNCJdPC9kaXY+[\/vc_raw_html][\/vc_column][\/vc_row][vc_row][vc_column][vc_text_separator title=&#8221;Parkplatz 4&#8243; css=&#8221;&#8221;][vc_raw_html css=&#8221;.vc_custom_1728738225316{padding-top: 35px !important;padding-bottom: 35px !important;}&#8221;]PGRpdiBzdHlsZT0iZGlzcGxheTogZmxleDsganVzdGlmeS1jb250ZW50OiBjZW50ZXI7IGFsaWduLWl0ZW1zOiBjZW50ZXI7IGhlaWdodDogMzAwcHg7Ij5bd3B2ciBpZD0iNzUyNyJdPC9kaXY+[\/vc_raw_html][\/vc_column][\/vc_row]<\/p>\n<\/div>","protected":false},"excerpt":{"rendered":"<p>[vc_row css=&#8221;.vc_custom_1728738438318{margin-top: 30px !important;}&#8221;][vc_column][vc_raw_html css=&#8221;.vc_custom_1728738465729{margin-top: 30px !important;padding-top: 35px !important;padding-bottom: 35px !important;}&#8221;]PGRpdiBzdHlsZT0iZGlzcGxheTogZmxleDsganVzdGlmeS1jb250ZW50OiBjZW50ZXI7IGFsaWduLWl0ZW1zOiBjZW50ZXI7IGhlaWdodDogMzAwcHg7Ij5bd3B2ciBpZD0iNzM3NiJdPC9kaXY+[\/vc_raw_html][\/vc_column][\/vc_row][vc_row css=&#8221;.vc_custom_1724697496688{margin-top: 10px !important;}&#8221;][vc_column][vc_column_text css=&#8221;&#8221;]Betreten Sie die zauberhafte Welt von Villa Bissiniga und entdecken Sie ihre Sch\u00f6nheit wie nie zuvor. Dank unserer immersiven 360-Grad-VR-Animationen k\u00f6nnen Sie jeden Winkel dieser au\u00dfergew\u00f6hnlichen Anwesenheit vom Komfort Ihres Smartphones, Tablets oder Computers aus erkunden. In der malerischen Stadt Sal\u00f2, [&hellip;]<\/p>\n","protected":false},"author":2,"featured_media":0,"parent":0,"menu_order":0,"comment_status":"closed","ping_status":"closed","template":"","meta":{"footnotes":""},"class_list":["post-8403","page","type-page","status-publish","hentry"],"yoast_head":"<!-- This site is optimized with the Yoast SEO plugin v23.6 - https:\/\/yoast.com\/wordpress\/plugins\/seo\/ -->\n<title>Virtueller Galerie-Tour - Agriturismo Villa Bissiniga I Sal\u00f2 del Garda<\/title>\n<meta name=\"description\" content=\"Es ist schwer, unser Relais Farmhouse mit einer kurzen Beschreibung gerecht zu werden. Wenn Sie nach einem einzigartigen und erholsamen Erlebnis am Gardasee suchen, besuchen Sie uns jetzt.\" \/>\n<meta name=\"robots\" content=\"index, follow, max-snippet:-1, max-image-preview:large, max-video-preview:-1\" \/>\n<link rel=\"canonical\" href=\"https:\/\/www.villabissiniga.com\/de\/virtueller-galerie-tour\/\" \/>\n<meta property=\"og:locale\" content=\"de_DE\" \/>\n<meta property=\"og:type\" content=\"article\" \/>\n<meta property=\"og:title\" content=\"Virtueller Galerie-Tour - Agriturismo Villa Bissiniga I Sal\u00f2 del Garda\" \/>\n<meta property=\"og:description\" content=\"Es ist schwer, unser Relais Farmhouse mit einer kurzen Beschreibung gerecht zu werden. Wenn Sie nach einem einzigartigen und erholsamen Erlebnis am Gardasee suchen, besuchen Sie uns jetzt.\" \/>\n<meta property=\"og:url\" content=\"https:\/\/www.villabissiniga.com\/de\/virtueller-galerie-tour\/\" \/>\n<meta property=\"og:site_name\" content=\"Agriturismo Villa Bissiniga I Sal\u00f2 del Garda\" \/>\n<meta property=\"article:publisher\" content=\"https:\/\/www.facebook.com\/AgriturismoVillaBissiniga\/\" \/>\n<meta property=\"article:modified_time\" content=\"2024-12-16T12:00:50+00:00\" \/>\n<meta name=\"twitter:card\" content=\"summary_large_image\" \/>\n<meta name=\"twitter:label1\" content=\"Gesch\u00e4tzte Lesezeit\" \/>\n\t<meta name=\"twitter:data1\" content=\"2\u00a0Minuten\" \/>\n<script type=\"application\/ld+json\" class=\"yoast-schema-graph\">{\"@context\":\"https:\/\/schema.org\",\"@graph\":[{\"@type\":\"WebPage\",\"@id\":\"https:\/\/www.villabissiniga.com\/de\/virtueller-galerie-tour\/\",\"url\":\"https:\/\/www.villabissiniga.com\/de\/virtueller-galerie-tour\/\",\"name\":\"Virtueller Galerie-Tour - Agriturismo Villa Bissiniga I Sal\u00f2 del Garda\",\"isPartOf\":{\"@id\":\"https:\/\/www.villabissiniga.com\/de\/#website\"},\"datePublished\":\"2024-12-14T16:01:02+00:00\",\"dateModified\":\"2024-12-16T12:00:50+00:00\",\"description\":\"Es ist schwer, unser Relais Farmhouse mit einer kurzen Beschreibung gerecht zu werden. Wenn Sie nach einem einzigartigen und erholsamen Erlebnis am Gardasee suchen, besuchen Sie uns jetzt.\",\"breadcrumb\":{\"@id\":\"https:\/\/www.villabissiniga.com\/de\/virtueller-galerie-tour\/#breadcrumb\"},\"inLanguage\":\"de\",\"potentialAction\":[{\"@type\":\"ReadAction\",\"target\":[\"https:\/\/www.villabissiniga.com\/de\/virtueller-galerie-tour\/\"]}]},{\"@type\":\"BreadcrumbList\",\"@id\":\"https:\/\/www.villabissiniga.com\/de\/virtueller-galerie-tour\/#breadcrumb\",\"itemListElement\":[{\"@type\":\"ListItem\",\"position\":1,\"name\":\"Home\",\"item\":\"https:\/\/www.villabissiniga.com\/de\/\"},{\"@type\":\"ListItem\",\"position\":2,\"name\":\"Virtueller Galerie-Tour\"}]},{\"@type\":\"WebSite\",\"@id\":\"https:\/\/www.villabissiniga.com\/de\/#website\",\"url\":\"https:\/\/www.villabissiniga.com\/de\/\",\"name\":\"Agriturismo Villa Bissiniga I Sal\u00f2 del Garda\",\"description\":\"Farmhouse Villa Bed and Breakfast on Lake Garda, Italy\",\"publisher\":{\"@id\":\"https:\/\/www.villabissiniga.com\/de\/#organization\"},\"potentialAction\":[{\"@type\":\"SearchAction\",\"target\":{\"@type\":\"EntryPoint\",\"urlTemplate\":\"https:\/\/www.villabissiniga.com\/de\/?s={search_term_string}\"},\"query-input\":{\"@type\":\"PropertyValueSpecification\",\"valueRequired\":true,\"valueName\":\"search_term_string\"}}],\"inLanguage\":\"de\"},{\"@type\":\"Organization\",\"@id\":\"https:\/\/www.villabissiniga.com\/de\/#organization\",\"name\":\"Agriturismo Villa Bissiniga\",\"url\":\"https:\/\/www.villabissiniga.com\/de\/\",\"logo\":{\"@type\":\"ImageObject\",\"inLanguage\":\"de\",\"@id\":\"https:\/\/www.villabissiniga.com\/de\/#\/schema\/logo\/image\/\",\"url\":\"https:\/\/www.villabissiniga.com\/wp-content\/uploads\/2019\/05\/logo_bissinia_dark-1.png\",\"contentUrl\":\"https:\/\/www.villabissiniga.com\/wp-content\/uploads\/2019\/05\/logo_bissinia_dark-1.png\",\"width\":575,\"height\":184,\"caption\":\"Agriturismo Villa Bissiniga\"},\"image\":{\"@id\":\"https:\/\/www.villabissiniga.com\/de\/#\/schema\/logo\/image\/\"},\"sameAs\":[\"https:\/\/www.facebook.com\/AgriturismoVillaBissiniga\/\",\"https:\/\/www.instagram.com\/villabissiniga\/?hl=it\"]}]}<\/script>\n<!-- \/ Yoast SEO plugin. -->","yoast_head_json":{"title":"Virtueller Galerie-Tour - Agriturismo Villa Bissiniga I Sal\u00f2 del Garda","description":"Es ist schwer, unser Relais Farmhouse mit einer kurzen Beschreibung gerecht zu werden. Wenn Sie nach einem einzigartigen und erholsamen Erlebnis am Gardasee suchen, besuchen Sie uns jetzt.","robots":{"index":"index","follow":"follow","max-snippet":"max-snippet:-1","max-image-preview":"max-image-preview:large","max-video-preview":"max-video-preview:-1"},"canonical":"https:\/\/www.villabissiniga.com\/de\/virtueller-galerie-tour\/","og_locale":"de_DE","og_type":"article","og_title":"Virtueller Galerie-Tour - Agriturismo Villa Bissiniga I Sal\u00f2 del Garda","og_description":"Es ist schwer, unser Relais Farmhouse mit einer kurzen Beschreibung gerecht zu werden. Wenn Sie nach einem einzigartigen und erholsamen Erlebnis am Gardasee suchen, besuchen Sie uns jetzt.","og_url":"https:\/\/www.villabissiniga.com\/de\/virtueller-galerie-tour\/","og_site_name":"Agriturismo Villa Bissiniga I Sal\u00f2 del Garda","article_publisher":"https:\/\/www.facebook.com\/AgriturismoVillaBissiniga\/","article_modified_time":"2024-12-16T12:00:50+00:00","twitter_card":"summary_large_image","twitter_misc":{"Gesch\u00e4tzte Lesezeit":"2\u00a0Minuten"},"schema":{"@context":"https:\/\/schema.org","@graph":[{"@type":"WebPage","@id":"https:\/\/www.villabissiniga.com\/de\/virtueller-galerie-tour\/","url":"https:\/\/www.villabissiniga.com\/de\/virtueller-galerie-tour\/","name":"Virtueller Galerie-Tour - Agriturismo Villa Bissiniga I Sal\u00f2 del Garda","isPartOf":{"@id":"https:\/\/www.villabissiniga.com\/de\/#website"},"datePublished":"2024-12-14T16:01:02+00:00","dateModified":"2024-12-16T12:00:50+00:00","description":"Es ist schwer, unser Relais Farmhouse mit einer kurzen Beschreibung gerecht zu werden. Wenn Sie nach einem einzigartigen und erholsamen Erlebnis am Gardasee suchen, besuchen Sie uns jetzt.","breadcrumb":{"@id":"https:\/\/www.villabissiniga.com\/de\/virtueller-galerie-tour\/#breadcrumb"},"inLanguage":"de","potentialAction":[{"@type":"ReadAction","target":["https:\/\/www.villabissiniga.com\/de\/virtueller-galerie-tour\/"]}]},{"@type":"BreadcrumbList","@id":"https:\/\/www.villabissiniga.com\/de\/virtueller-galerie-tour\/#breadcrumb","itemListElement":[{"@type":"ListItem","position":1,"name":"Home","item":"https:\/\/www.villabissiniga.com\/de\/"},{"@type":"ListItem","position":2,"name":"Virtueller Galerie-Tour"}]},{"@type":"WebSite","@id":"https:\/\/www.villabissiniga.com\/de\/#website","url":"https:\/\/www.villabissiniga.com\/de\/","name":"Agriturismo Villa Bissiniga I Sal\u00f2 del Garda","description":"Farmhouse Villa Bed and Breakfast on Lake Garda, Italy","publisher":{"@id":"https:\/\/www.villabissiniga.com\/de\/#organization"},"potentialAction":[{"@type":"SearchAction","target":{"@type":"EntryPoint","urlTemplate":"https:\/\/www.villabissiniga.com\/de\/?s={search_term_string}"},"query-input":{"@type":"PropertyValueSpecification","valueRequired":true,"valueName":"search_term_string"}}],"inLanguage":"de"},{"@type":"Organization","@id":"https:\/\/www.villabissiniga.com\/de\/#organization","name":"Agriturismo Villa Bissiniga","url":"https:\/\/www.villabissiniga.com\/de\/","logo":{"@type":"ImageObject","inLanguage":"de","@id":"https:\/\/www.villabissiniga.com\/de\/#\/schema\/logo\/image\/","url":"https:\/\/www.villabissiniga.com\/wp-content\/uploads\/2019\/05\/logo_bissinia_dark-1.png","contentUrl":"https:\/\/www.villabissiniga.com\/wp-content\/uploads\/2019\/05\/logo_bissinia_dark-1.png","width":575,"height":184,"caption":"Agriturismo Villa Bissiniga"},"image":{"@id":"https:\/\/www.villabissiniga.com\/de\/#\/schema\/logo\/image\/"},"sameAs":["https:\/\/www.facebook.com\/AgriturismoVillaBissiniga\/","https:\/\/www.instagram.com\/villabissiniga\/?hl=it"]}]}},"_links":{"self":[{"href":"https:\/\/www.villabissiniga.com\/de\/wp-json\/wp\/v2\/pages\/8403"}],"collection":[{"href":"https:\/\/www.villabissiniga.com\/de\/wp-json\/wp\/v2\/pages"}],"about":[{"href":"https:\/\/www.villabissiniga.com\/de\/wp-json\/wp\/v2\/types\/page"}],"author":[{"embeddable":true,"href":"https:\/\/www.villabissiniga.com\/de\/wp-json\/wp\/v2\/users\/2"}],"replies":[{"embeddable":true,"href":"https:\/\/www.villabissiniga.com\/de\/wp-json\/wp\/v2\/comments?post=8403"}],"version-history":[{"count":2,"href":"https:\/\/www.villabissiniga.com\/de\/wp-json\/wp\/v2\/pages\/8403\/revisions"}],"predecessor-version":[{"id":8405,"href":"https:\/\/www.villabissiniga.com\/de\/wp-json\/wp\/v2\/pages\/8403\/revisions\/8405"}],"wp:attachment":[{"href":"https:\/\/www.villabissiniga.com\/de\/wp-json\/wp\/v2\/media?parent=8403"}],"curies":[{"name":"wp","href":"https:\/\/api.w.org\/{rel}","templated":true}]}}