{"id":8409,"date":"2024-12-14T16:04:53","date_gmt":"2024-12-14T16:04:53","guid":{"rendered":"https:\/\/www.villabissiniga.com\/wetter-salo\/"},"modified":"2024-12-16T12:06:22","modified_gmt":"2024-12-16T12:06:22","slug":"wetter-salo","status":"publish","type":"page","link":"https:\/\/www.villabissiniga.com\/de\/wetter-salo\/","title":{"rendered":"Wetter Salo"},"content":{"rendered":"<div class=\"wpb-content-wrapper\"><p>[vc_section css=&#8221;.vc_custom_1729191066560{margin-top: 5% !important;margin-bottom: 20px !important;}&#8221;][vc_row][vc_column][vc_raw_html css=&#8221;&#8221;]ICAgICAgICAgIDxpZnJhbWUgd2lkdGg9IjEwMCUiIGhlaWdodD0iNDUwIiBzcmM9Imh0dHBzOi8vZW1iZWQud2luZHkuY29tL2VtYmVkLmh0bWw\/dHlwZT1tYXAmbG9jYXRpb249Y29vcmRpbmF0ZXMmbWV0cmljUmFpbj1kZWZhdWx0Jm1ldHJpY1RlbXA9ZGVmYXVsdCZtZXRyaWNXaW5kPWRlZmF1bHQmem9vbT01Jm92ZXJsYXk9d2luZCZwcm9kdWN0PWVjbXdmJmxldmVsPXN1cmZhY2UmbGF0PTQyLjY4MiZsb249MTAuMjM5JmRldGFpbExhdD00NS41MzQmZGV0YWlsTG9uPTEwLjIxOSZkZXRhaWw9dHJ1ZSZtZXNzYWdlPXRydWUiIGZyYW1lYm9yZGVyPSIwIj48L2lmcmFtZT4NCiAgICAgICAg[\/vc_raw_html][\/vc_column][\/vc_row][\/vc_section][vc_row][vc_column][vc_column_text css=&#8221;&#8221;]Planen Sie einen Besuch in Villa Bissiniga, gelegen in der malerischen Stadt Sal\u00f2 am Gardasee? Fragen Sie sich, welches Wetter Sie w\u00e4hrend Ihres Aufenthalts erwartet? Suchen Sie nicht weiter! Werfen Sie einen Blick auf das praktische Wetter-Widget von windy.com unten, um alle Informationen zu erhalten, die Sie ben\u00f6tigen, um Ihren Tag zu planen.<\/p>\n<p>Ob Sie nach Sonnenschein suchen, um sich an den Ufern des herrlichen Gardasees zu entspannen, oder ob Sie sich auf etwas Regen vorbereiten m\u00f6chten \u2013 dieses Widget ist genau das Richtige f\u00fcr Sie. Alternativ, wenn Sie eine pers\u00f6nliche Beratung bevorzugen, z\u00f6gern Sie nicht, uns direkt anzurufen. Unser freundliches Team wird Ihnen gerne die neuesten Wetterinformationen zur Verf\u00fcgung stellen.<\/p>\n<p>Lassen Sie sich also nicht vom unvorhersehbaren Wetter die Laune verderben \u2013 seien Sie vorbereitet und genie\u00dfen Sie Ihren Aufenthalt in Villa Bissiniga voll aus![\/vc_column_text][\/vc_column][\/vc_row]<\/p>\n<\/div>","protected":false},"excerpt":{"rendered":"<p>[vc_section css=&#8221;.vc_custom_1729191066560{margin-top: 5% !important;margin-bottom: 20px !important;}&#8221;][vc_row][vc_column][vc_raw_html css=&#8221;&#8221;]ICAgICAgICAgIDxpZnJhbWUgd2lkdGg9IjEwMCUiIGhlaWdodD0iNDUwIiBzcmM9Imh0dHBzOi8vZW1iZWQud2luZHkuY29tL2VtYmVkLmh0bWw\/dHlwZT1tYXAmbG9jYXRpb249Y29vcmRpbmF0ZXMmbWV0cmljUmFpbj1kZWZhdWx0Jm1ldHJpY1RlbXA9ZGVmYXVsdCZtZXRyaWNXaW5kPWRlZmF1bHQmem9vbT01Jm92ZXJsYXk9d2luZCZwcm9kdWN0PWVjbXdmJmxldmVsPXN1cmZhY2UmbGF0PTQyLjY4MiZsb249MTAuMjM5JmRldGFpbExhdD00NS41MzQmZGV0YWlsTG9uPTEwLjIxOSZkZXRhaWw9dHJ1ZSZtZXNzYWdlPXRydWUiIGZyYW1lYm9yZGVyPSIwIj48L2lmcmFtZT4NCiAgICAgICAg[\/vc_raw_html][\/vc_column][\/vc_row][\/vc_section][vc_row][vc_column][vc_column_text css=&#8221;&#8221;]Planen Sie einen Besuch in Villa Bissiniga, gelegen in der malerischen Stadt Sal\u00f2 am Gardasee? Fragen Sie sich, welches Wetter Sie w\u00e4hrend Ihres Aufenthalts erwartet? Suchen Sie nicht weiter! Werfen Sie einen Blick auf das praktische Wetter-Widget von windy.com unten, um alle Informationen zu erhalten, die Sie ben\u00f6tigen, [&hellip;]<\/p>\n","protected":false},"author":2,"featured_media":0,"parent":0,"menu_order":0,"comment_status":"closed","ping_status":"closed","template":"","meta":{"footnotes":""},"class_list":["post-8409","page","type-page","status-publish","hentry"],"yoast_head":"<!-- This site is optimized with the Yoast SEO plugin v23.6 - https:\/\/yoast.com\/wordpress\/plugins\/seo\/ -->\n<title>Wetter Salo - Agriturismo Villa Bissiniga I Sal\u00f2 del Garda<\/title>\n<meta name=\"description\" content=\"Es ist schwer, unser Relais-Fermenthaus mit einer kurzen Beschreibung gerecht zu werden. Wenn Sie nach einem einzigartigen und erholsamen Erlebnis am Gardasee suchen, kommen Sie uns jetzt besuchen.\" \/>\n<meta name=\"robots\" content=\"index, follow, max-snippet:-1, max-image-preview:large, max-video-preview:-1\" \/>\n<link rel=\"canonical\" href=\"https:\/\/www.villabissiniga.com\/de\/wetter-salo\/\" \/>\n<meta property=\"og:locale\" content=\"de_DE\" \/>\n<meta property=\"og:type\" content=\"article\" \/>\n<meta property=\"og:title\" content=\"Wetter Salo - Agriturismo Villa Bissiniga I Sal\u00f2 del Garda\" \/>\n<meta property=\"og:description\" content=\"Es ist schwer, unser Relais-Fermenthaus mit einer kurzen Beschreibung gerecht zu werden. Wenn Sie nach einem einzigartigen und erholsamen Erlebnis am Gardasee suchen, kommen Sie uns jetzt besuchen.\" \/>\n<meta property=\"og:url\" content=\"https:\/\/www.villabissiniga.com\/de\/wetter-salo\/\" \/>\n<meta property=\"og:site_name\" content=\"Agriturismo Villa Bissiniga I Sal\u00f2 del Garda\" \/>\n<meta property=\"article:publisher\" content=\"https:\/\/www.facebook.com\/AgriturismoVillaBissiniga\/\" \/>\n<meta property=\"article:modified_time\" content=\"2024-12-16T12:06:22+00:00\" \/>\n<meta name=\"twitter:card\" content=\"summary_large_image\" \/>\n<meta name=\"twitter:label1\" content=\"Gesch\u00e4tzte Lesezeit\" \/>\n\t<meta name=\"twitter:data1\" content=\"1\u00a0Minute\" \/>\n<script type=\"application\/ld+json\" class=\"yoast-schema-graph\">{\"@context\":\"https:\/\/schema.org\",\"@graph\":[{\"@type\":\"WebPage\",\"@id\":\"https:\/\/www.villabissiniga.com\/de\/wetter-salo\/\",\"url\":\"https:\/\/www.villabissiniga.com\/de\/wetter-salo\/\",\"name\":\"Wetter Salo - Agriturismo Villa Bissiniga I Sal\u00f2 del Garda\",\"isPartOf\":{\"@id\":\"https:\/\/www.villabissiniga.com\/de\/#website\"},\"datePublished\":\"2024-12-14T16:04:53+00:00\",\"dateModified\":\"2024-12-16T12:06:22+00:00\",\"description\":\"Es ist schwer, unser Relais-Fermenthaus mit einer kurzen Beschreibung gerecht zu werden. Wenn Sie nach einem einzigartigen und erholsamen Erlebnis am Gardasee suchen, kommen Sie uns jetzt besuchen.\",\"breadcrumb\":{\"@id\":\"https:\/\/www.villabissiniga.com\/de\/wetter-salo\/#breadcrumb\"},\"inLanguage\":\"de\",\"potentialAction\":[{\"@type\":\"ReadAction\",\"target\":[\"https:\/\/www.villabissiniga.com\/de\/wetter-salo\/\"]}]},{\"@type\":\"BreadcrumbList\",\"@id\":\"https:\/\/www.villabissiniga.com\/de\/wetter-salo\/#breadcrumb\",\"itemListElement\":[{\"@type\":\"ListItem\",\"position\":1,\"name\":\"Home\",\"item\":\"https:\/\/www.villabissiniga.com\/de\/\"},{\"@type\":\"ListItem\",\"position\":2,\"name\":\"Wetter Salo\"}]},{\"@type\":\"WebSite\",\"@id\":\"https:\/\/www.villabissiniga.com\/de\/#website\",\"url\":\"https:\/\/www.villabissiniga.com\/de\/\",\"name\":\"Agriturismo Villa Bissiniga I Sal\u00f2 del Garda\",\"description\":\"Farmhouse Villa Bed and Breakfast on Lake Garda, Italy\",\"publisher\":{\"@id\":\"https:\/\/www.villabissiniga.com\/de\/#organization\"},\"potentialAction\":[{\"@type\":\"SearchAction\",\"target\":{\"@type\":\"EntryPoint\",\"urlTemplate\":\"https:\/\/www.villabissiniga.com\/de\/?s={search_term_string}\"},\"query-input\":{\"@type\":\"PropertyValueSpecification\",\"valueRequired\":true,\"valueName\":\"search_term_string\"}}],\"inLanguage\":\"de\"},{\"@type\":\"Organization\",\"@id\":\"https:\/\/www.villabissiniga.com\/de\/#organization\",\"name\":\"Agriturismo Villa Bissiniga\",\"url\":\"https:\/\/www.villabissiniga.com\/de\/\",\"logo\":{\"@type\":\"ImageObject\",\"inLanguage\":\"de\",\"@id\":\"https:\/\/www.villabissiniga.com\/de\/#\/schema\/logo\/image\/\",\"url\":\"https:\/\/www.villabissiniga.com\/wp-content\/uploads\/2019\/05\/logo_bissinia_dark-1.png\",\"contentUrl\":\"https:\/\/www.villabissiniga.com\/wp-content\/uploads\/2019\/05\/logo_bissinia_dark-1.png\",\"width\":575,\"height\":184,\"caption\":\"Agriturismo Villa Bissiniga\"},\"image\":{\"@id\":\"https:\/\/www.villabissiniga.com\/de\/#\/schema\/logo\/image\/\"},\"sameAs\":[\"https:\/\/www.facebook.com\/AgriturismoVillaBissiniga\/\",\"https:\/\/www.instagram.com\/villabissiniga\/?hl=it\"]}]}<\/script>\n<!-- \/ Yoast SEO plugin. -->","yoast_head_json":{"title":"Wetter Salo - Agriturismo Villa Bissiniga I Sal\u00f2 del Garda","description":"Es ist schwer, unser Relais-Fermenthaus mit einer kurzen Beschreibung gerecht zu werden. Wenn Sie nach einem einzigartigen und erholsamen Erlebnis am Gardasee suchen, kommen Sie uns jetzt besuchen.","robots":{"index":"index","follow":"follow","max-snippet":"max-snippet:-1","max-image-preview":"max-image-preview:large","max-video-preview":"max-video-preview:-1"},"canonical":"https:\/\/www.villabissiniga.com\/de\/wetter-salo\/","og_locale":"de_DE","og_type":"article","og_title":"Wetter Salo - Agriturismo Villa Bissiniga I Sal\u00f2 del Garda","og_description":"Es ist schwer, unser Relais-Fermenthaus mit einer kurzen Beschreibung gerecht zu werden. Wenn Sie nach einem einzigartigen und erholsamen Erlebnis am Gardasee suchen, kommen Sie uns jetzt besuchen.","og_url":"https:\/\/www.villabissiniga.com\/de\/wetter-salo\/","og_site_name":"Agriturismo Villa Bissiniga I Sal\u00f2 del Garda","article_publisher":"https:\/\/www.facebook.com\/AgriturismoVillaBissiniga\/","article_modified_time":"2024-12-16T12:06:22+00:00","twitter_card":"summary_large_image","twitter_misc":{"Gesch\u00e4tzte Lesezeit":"1\u00a0Minute"},"schema":{"@context":"https:\/\/schema.org","@graph":[{"@type":"WebPage","@id":"https:\/\/www.villabissiniga.com\/de\/wetter-salo\/","url":"https:\/\/www.villabissiniga.com\/de\/wetter-salo\/","name":"Wetter Salo - Agriturismo Villa Bissiniga I Sal\u00f2 del Garda","isPartOf":{"@id":"https:\/\/www.villabissiniga.com\/de\/#website"},"datePublished":"2024-12-14T16:04:53+00:00","dateModified":"2024-12-16T12:06:22+00:00","description":"Es ist schwer, unser Relais-Fermenthaus mit einer kurzen Beschreibung gerecht zu werden. Wenn Sie nach einem einzigartigen und erholsamen Erlebnis am Gardasee suchen, kommen Sie uns jetzt besuchen.","breadcrumb":{"@id":"https:\/\/www.villabissiniga.com\/de\/wetter-salo\/#breadcrumb"},"inLanguage":"de","potentialAction":[{"@type":"ReadAction","target":["https:\/\/www.villabissiniga.com\/de\/wetter-salo\/"]}]},{"@type":"BreadcrumbList","@id":"https:\/\/www.villabissiniga.com\/de\/wetter-salo\/#breadcrumb","itemListElement":[{"@type":"ListItem","position":1,"name":"Home","item":"https:\/\/www.villabissiniga.com\/de\/"},{"@type":"ListItem","position":2,"name":"Wetter Salo"}]},{"@type":"WebSite","@id":"https:\/\/www.villabissiniga.com\/de\/#website","url":"https:\/\/www.villabissiniga.com\/de\/","name":"Agriturismo Villa Bissiniga I Sal\u00f2 del Garda","description":"Farmhouse Villa Bed and Breakfast on Lake Garda, Italy","publisher":{"@id":"https:\/\/www.villabissiniga.com\/de\/#organization"},"potentialAction":[{"@type":"SearchAction","target":{"@type":"EntryPoint","urlTemplate":"https:\/\/www.villabissiniga.com\/de\/?s={search_term_string}"},"query-input":{"@type":"PropertyValueSpecification","valueRequired":true,"valueName":"search_term_string"}}],"inLanguage":"de"},{"@type":"Organization","@id":"https:\/\/www.villabissiniga.com\/de\/#organization","name":"Agriturismo Villa Bissiniga","url":"https:\/\/www.villabissiniga.com\/de\/","logo":{"@type":"ImageObject","inLanguage":"de","@id":"https:\/\/www.villabissiniga.com\/de\/#\/schema\/logo\/image\/","url":"https:\/\/www.villabissiniga.com\/wp-content\/uploads\/2019\/05\/logo_bissinia_dark-1.png","contentUrl":"https:\/\/www.villabissiniga.com\/wp-content\/uploads\/2019\/05\/logo_bissinia_dark-1.png","width":575,"height":184,"caption":"Agriturismo Villa Bissiniga"},"image":{"@id":"https:\/\/www.villabissiniga.com\/de\/#\/schema\/logo\/image\/"},"sameAs":["https:\/\/www.facebook.com\/AgriturismoVillaBissiniga\/","https:\/\/www.instagram.com\/villabissiniga\/?hl=it"]}]}},"_links":{"self":[{"href":"https:\/\/www.villabissiniga.com\/de\/wp-json\/wp\/v2\/pages\/8409"}],"collection":[{"href":"https:\/\/www.villabissiniga.com\/de\/wp-json\/wp\/v2\/pages"}],"about":[{"href":"https:\/\/www.villabissiniga.com\/de\/wp-json\/wp\/v2\/types\/page"}],"author":[{"embeddable":true,"href":"https:\/\/www.villabissiniga.com\/de\/wp-json\/wp\/v2\/users\/2"}],"replies":[{"embeddable":true,"href":"https:\/\/www.villabissiniga.com\/de\/wp-json\/wp\/v2\/comments?post=8409"}],"version-history":[{"count":2,"href":"https:\/\/www.villabissiniga.com\/de\/wp-json\/wp\/v2\/pages\/8409\/revisions"}],"predecessor-version":[{"id":8411,"href":"https:\/\/www.villabissiniga.com\/de\/wp-json\/wp\/v2\/pages\/8409\/revisions\/8411"}],"wp:attachment":[{"href":"https:\/\/www.villabissiniga.com\/de\/wp-json\/wp\/v2\/media?parent=8409"}],"curies":[{"name":"wp","href":"https:\/\/api.w.org\/{rel}","templated":true}]}}