{"id":8412,"date":"2024-12-14T16:08:30","date_gmt":"2024-12-14T16:08:30","guid":{"rendered":"https:\/\/www.villabissiniga.com\/hochzeit\/"},"modified":"2024-12-16T11:34:06","modified_gmt":"2024-12-16T11:34:06","slug":"hochzeit","status":"publish","type":"page","link":"https:\/\/www.villabissiniga.com\/de\/hochzeit\/","title":{"rendered":"Hochzeit"},"content":{"rendered":"<div class=\"wpb-content-wrapper\"><p>[vc_row][vc_column][cms_space space_lg=&#8221;115&#8243; space_md=&#8221;115&#8243; space_sm=&#8221;80&#8243; space_xs=&#8221;60&#8243;][vc_row_inner][vc_column_inner width=&#8221;1\/2&#8243; animation_column=&#8221;none&#8221;][vc_single_image image=&#8221;7932&#8243; img_size=&#8221;971&#215;750&#8243; css_animation=&#8221;fadeInLeft&#8221; css=&#8221;&#8221;][cms_space space_lg=&#8221;0&#8243; space_md=&#8221;0&#8243; space_sm=&#8221;20&#8243; space_xs=&#8221;20&#8243;][\/vc_column_inner][vc_column_inner width=&#8221;1\/2&#8243; animation_column=&#8221;fadeInRight&#8221;][cms_heading text=&#8221;Eine zauberhafte Atmosph\u00e4re&#8221; font_size=&#8221;30px&#8221; font_size_md=&#8221;30px&#8221; font_size_sm=&#8221;30px&#8221; font_size_xs=&#8221;30px&#8221; font_weight=&#8221;700&#8243; text_color=&#8221;#a4170d&#8221; sub_font_size=&#8221;24px&#8221; sub_color=&#8221;#222222&#8243; sub_line_height=&#8221;24px&#8221; sub_margin_bottom=&#8221;37px&#8221; cms_template=&#8221;cms_heading.php&#8221; margin_top=&#8221;-8px&#8221; sub_title=&#8221;F\u00fcr Deinen besonderen Tag&#8221; margin_bottom=&#8221;35px&#8221;][cms_fancybox feature_image=&#8221;6351&#8243; job_color=&#8221;#000000&#8243; description_color=&#8221;#666666&#8243; cms_template=&#8221;cms_fancybox&#8211;layout2.php&#8221; title=&#8221;FRANCESCA&#8221; job_title=&#8221;CMO Marketing &amp; P.R&#8221; description=&#8221;Verwandle Deine Hochzeitstr\u00e4ume in Wirklichkeit in Villa Bissiniga. Unsere panoramische Lage am See bietet eine romantische Atmosph\u00e4re, die Deine G\u00e4ste begeistern wird.<\/p>\n<ul>\n<li>Anpassbare R\u00e4umlichkeiten: von intimen Zeremonien bis hin zu gro\u00dfen Empf\u00e4ngen k\u00f6nnen wir bis zu 80 G\u00e4ste unterbringen.<\/li>\n<li>Gourmet-Catering: Genie\u00dfe die exquisite lokale und internationale K\u00fcche, zubereitet von unseren erfahrenen K\u00f6chen.<\/li>\n<li>Hochzeitsplanung mit pers\u00f6nlicher Betreuung: Unser erfahrenes Team sorgt daf\u00fcr, dass jedes Detail perfekt ist \u2013 von der Blumenarrangierung bis zur Unterhaltung.<\/li>\n<\/ul>\n<p>&#8220;][\/vc_column_inner][\/vc_row_inner][cms_space space_lg=&#8221;77&#8243; space_md=&#8221;77&#8243; space_sm=&#8221;50&#8243; space_xs=&#8221;50&#8243;][\/vc_column][\/vc_row][vc_row full_width=&#8221;stretch_row&#8221; parallax=&#8221;content-moving&#8221; parallax_image=&#8221;3087&#8243; cms_row_class=&#8221;row-overlay&#8221;][vc_column css=&#8221;.vc_custom_1543024617563{padding-top: 0px !important;}&#8221;][cms_space space_lg=&#8221;80&#8243; space_md=&#8221;80&#8243; space_sm=&#8221;60&#8243; space_xs=&#8221;60&#8243;][vc_row_inner][vc_column_inner width=&#8221;1\/5&#8243;][\/vc_column_inner][vc_column_inner width=&#8221;3\/5&#8243; css=&#8221;.vc_custom_1543025376490{padding-right: 50px !important;padding-left: 50px !important;background-color: #333333 !important;}&#8221; animation_column=&#8221;none&#8221;][cms_space space_lg=&#8221;5&#8243; space_md=&#8221;5&#8243;][cms_heading text=&#8221;Ihr ma\u00dfgeschneidertes Event&#8221; font_size=&#8221;36px&#8221; font_size_md=&#8221;36px&#8221; font_size_sm=&#8221;36px&#8221; font_size_xs=&#8221;36px&#8221; font_weight=&#8221;300&#8243; text_transform=&#8221;uppercase&#8221; text_color=&#8221;#ffffff&#8221; sub_font_size=&#8221;15px&#8221; sub_color=&#8221;#666666&#8243; sub_font_weight=&#8221;300&#8243; sub_text_transform=&#8221;uppercase&#8221; sub_margin_bottom=&#8221;13px&#8221; cms_template=&#8221;cms_heading&#8211;layout2.php&#8221; sub_title=&#8221;Erstellen Sie das&#8221; animation=&#8221;slideInUp&#8221;][cms_space space_lg=&#8221;8&#8243; space_md=&#8221;8&#8243;]\n<div class=\"wpcf7 no-js\" id=\"wpcf7-f5729-o1\" lang=\"en-US\" dir=\"ltr\" data-wpcf7-id=\"5729\">\n<div class=\"screen-reader-response\"><p role=\"status\" aria-live=\"polite\" aria-atomic=\"true\"><\/p> <ul><\/ul><\/div>\n<form action=\"\/de\/wp-json\/wp\/v2\/pages\/8412#wpcf7-f5729-o1\" method=\"post\" class=\"wpcf7-form init\" aria-label=\"Contact form\" novalidate=\"novalidate\" data-status=\"init\">\n<div style=\"display: none;\">\n<input type=\"hidden\" name=\"_wpcf7\" value=\"5729\" \/>\n<input type=\"hidden\" name=\"_wpcf7_version\" value=\"6.0.3\" \/>\n<input type=\"hidden\" name=\"_wpcf7_locale\" value=\"en_US\" \/>\n<input type=\"hidden\" name=\"_wpcf7_unit_tag\" value=\"wpcf7-f5729-o1\" \/>\n<input type=\"hidden\" name=\"_wpcf7_container_post\" value=\"0\" \/>\n<input type=\"hidden\" name=\"_wpcf7_posted_data_hash\" value=\"\" \/>\n<\/div>\n<div class=\"cms-request-table\">\n\t<div class=\"row\">\n\t\t<div class=\"col-xl-6 col-name\">\n\t\t\t<p><span class=\"wpcf7-form-control-wrap\" data-name=\"your-name\"><input size=\"40\" maxlength=\"400\" class=\"wpcf7-form-control wpcf7-text wpcf7-validates-as-required\" aria-required=\"true\" aria-invalid=\"false\" placeholder=\"Nome*\" value=\"\" type=\"text\" name=\"your-name\" \/><\/span>\n\t\t\t<\/p>\n\t\t<\/div>\n\t\t<div class=\"col-xl-6 col-email\">\n\t\t\t<p><span class=\"wpcf7-form-control-wrap\" data-name=\"your-email\"><input size=\"40\" maxlength=\"400\" class=\"wpcf7-form-control wpcf7-email wpcf7-validates-as-required wpcf7-text wpcf7-validates-as-email\" aria-required=\"true\" aria-invalid=\"false\" placeholder=\"Tuo Email*\" value=\"\" type=\"email\" name=\"your-email\" \/><\/span>\n\t\t\t<\/p>\n\t\t<\/div>\n\t<\/div>\n\t<div class=\"row\">\n\t\t<div class=\"col-xl-6 col-time\">\n\t\t\t<p><span class=\"wpcf7-form-control-wrap\" data-name=\"date\"><input size=\"40\" maxlength=\"400\" class=\"wpcf7-form-control wpcf7-text wpcf7-validates-as-required wpcf7-field-date\" aria-required=\"true\" aria-invalid=\"false\" placeholder=\"Data\" value=\"\" type=\"text\" name=\"date\" \/><\/span>\n\t\t\t<\/p>\n\t\t<\/div>\n\t\t<div class=\"col-xl-6 col-service\">\n\t\t\t<p><span class=\"wpcf7-form-control-wrap\" data-name=\"menu-55\"><select class=\"wpcf7-form-control wpcf7-select\" aria-invalid=\"false\" name=\"menu-55\"><option value=\"Gruppo Persone*\">Gruppo Persone*<\/option><option value=\"10 Persone\">10 Persone<\/option><option value=\"20 Persone\">20 Persone<\/option><option value=\"30 Persone\">30 Persone<\/option><option value=\"40 Persone\">40 Persone<\/option><option value=\"50 Persone\">50 Persone<\/option><option value=\"60 Persone\">60 Persone<\/option><option value=\"70 Persone\">70 Persone<\/option><option value=\"80 Persone\">80 Persone<\/option><option value=\"100 Persone\">100 Persone<\/option><\/select><\/span>\n\t\t\t<\/p>\n\t\t<\/div>\n\t<\/div>\n\t<div class=\"row\">\n\t\t<div class=\"col-12 col-textarea-submit\">\n\t\t\t<p><span class=\"wpcf7-form-control-wrap\" data-name=\"your-message\"><textarea cols=\"40\" rows=\"10\" maxlength=\"2000\" class=\"wpcf7-form-control wpcf7-textarea\" aria-invalid=\"false\" placeholder=\"Messaggio\" name=\"your-message\"><\/textarea><\/span><br \/>\n<span class=\"wpcf7-form-control-wrap\" data-name=\"acceptance-996\"><span class=\"wpcf7-form-control wpcf7-acceptance\"><span class=\"wpcf7-list-item\"><label><input type=\"checkbox\" name=\"acceptance-996\" value=\"1\" aria-invalid=\"false\" \/><span class=\"wpcf7-list-item-label\">Ho letto e accetto i <a href=\"https:\/\/www.villabissiniga.com\/it\/privacy-policy\/\" target=\"_blank\">Termini e condizioni e l'Informativa sulla privacy<\/a><\/span><\/label><\/span><\/span><\/span><br \/>\n<span class=\"wpcf7-form-control-wrap\" data-name=\"acceptance-996\"><span class=\"wpcf7-form-control wpcf7-acceptance\"><span class=\"wpcf7-list-item\"><label><input type=\"checkbox\" name=\"acceptance-996\" value=\"1\" aria-invalid=\"false\" \/><span class=\"wpcf7-list-item-label\">Sar\u00f2 felice di ricevere offerte esclusive e le ultime informazioni da Agrituismo Villa Bissiniga via e-mail. Tratteremo sempre le tue informazioni personali con la massima cura e non le venderemo mai ad altre societ\u00e0 per scopi di marketing.<\/span><\/label><\/span><\/span><\/span><br \/>\n<input class=\"wpcf7-form-control wpcf7-submit has-spinner\" type=\"submit\" value=\"INVIA RICHIESTA\" \/>\n\t\t\t<\/p>\n\t\t<\/div>\n\t<\/div>\n<\/div><p style=\"display: none !important;\" class=\"akismet-fields-container\" data-prefix=\"_wpcf7_ak_\"><label>&#916;<textarea name=\"_wpcf7_ak_hp_textarea\" cols=\"45\" rows=\"8\" maxlength=\"100\"><\/textarea><\/label><input type=\"hidden\" id=\"ak_js_1\" name=\"_wpcf7_ak_js\" value=\"150\"\/><script>document.getElementById( \"ak_js_1\" ).setAttribute( \"value\", ( new Date() ).getTime() );<\/script><\/p><div class=\"wpcf7-response-output\" aria-hidden=\"true\"><\/div>\n<\/form>\n<\/div>\n[\/vc_column_inner][vc_column_inner width=&#8221;1\/5&#8243;][\/vc_column_inner][\/vc_row_inner][cms_space space_lg=&#8221;80&#8243; space_md=&#8221;80&#8243; space_sm=&#8221;60&#8243; space_xs=&#8221;60&#8243;][\/vc_column][\/vc_row]<\/p>\n<\/div>","protected":false},"excerpt":{"rendered":"<p>[vc_row][vc_column][cms_space space_lg=&#8221;115&#8243; space_md=&#8221;115&#8243; space_sm=&#8221;80&#8243; space_xs=&#8221;60&#8243;][vc_row_inner][vc_column_inner width=&#8221;1\/2&#8243; animation_column=&#8221;none&#8221;][vc_single_image image=&#8221;7932&#8243; img_size=&#8221;971&#215;750&#8243; css_animation=&#8221;fadeInLeft&#8221; css=&#8221;&#8221;][cms_space space_lg=&#8221;0&#8243; space_md=&#8221;0&#8243; space_sm=&#8221;20&#8243; space_xs=&#8221;20&#8243;][\/vc_column_inner][vc_column_inner width=&#8221;1\/2&#8243; animation_column=&#8221;fadeInRight&#8221;][cms_heading text=&#8221;Eine zauberhafte Atmosph\u00e4re&#8221; font_size=&#8221;30px&#8221; font_size_md=&#8221;30px&#8221; font_size_sm=&#8221;30px&#8221; font_size_xs=&#8221;30px&#8221; font_weight=&#8221;700&#8243; text_color=&#8221;#a4170d&#8221; sub_font_size=&#8221;24px&#8221; sub_color=&#8221;#222222&#8243; sub_line_height=&#8221;24px&#8221; sub_margin_bottom=&#8221;37px&#8221; cms_template=&#8221;cms_heading.php&#8221; margin_top=&#8221;-8px&#8221; sub_title=&#8221;F\u00fcr Deinen besonderen Tag&#8221; margin_bottom=&#8221;35px&#8221;][cms_fancybox feature_image=&#8221;6351&#8243; job_color=&#8221;#000000&#8243; description_color=&#8221;#666666&#8243; cms_template=&#8221;cms_fancybox&#8211;layout2.php&#8221; title=&#8221;FRANCESCA&#8221; job_title=&#8221;CMO Marketing &amp; P.R&#8221; description=&#8221;Verwandle Deine Hochzeitstr\u00e4ume in Wirklichkeit in Villa Bissiniga. Unsere [&hellip;]<\/p>\n","protected":false},"author":2,"featured_media":0,"parent":0,"menu_order":0,"comment_status":"closed","ping_status":"closed","template":"","meta":{"footnotes":""},"class_list":["post-8412","page","type-page","status-publish","hentry"],"yoast_head":"<!-- This site is optimized with the Yoast SEO plugin v23.6 - https:\/\/yoast.com\/wordpress\/plugins\/seo\/ -->\n<title>Einzigartige Events am Gardasee - Agriturismo Villa Bissiniga I Sal\u00f2 del Garda<\/title>\n<meta name=\"description\" content=\"Sind Sie es leid, schlecht organisierte Veranstaltungen in heruntergekommenen Umgebungen? Planen Sie Ihr n\u00e4chstes besonderes Event mit uns. Lehnen Sie sich zur\u00fcck und entspannen Sie, w\u00e4hrend wir den Rest \u00fcbernehmen.\" \/>\n<meta name=\"robots\" content=\"index, follow, max-snippet:-1, max-image-preview:large, max-video-preview:-1\" \/>\n<link rel=\"canonical\" href=\"https:\/\/www.villabissiniga.com\/de\/hochzeit\/\" \/>\n<meta property=\"og:locale\" content=\"de_DE\" \/>\n<meta property=\"og:type\" content=\"article\" \/>\n<meta property=\"og:title\" content=\"Einzigartige Events am Gardasee - Agriturismo Villa Bissiniga I Sal\u00f2 del Garda\" \/>\n<meta property=\"og:description\" content=\"Sind Sie es leid, schlecht organisierte Veranstaltungen in heruntergekommenen Umgebungen? Planen Sie Ihr n\u00e4chstes besonderes Event mit uns. Lehnen Sie sich zur\u00fcck und entspannen Sie, w\u00e4hrend wir den Rest \u00fcbernehmen.\" \/>\n<meta property=\"og:url\" content=\"https:\/\/www.villabissiniga.com\/de\/hochzeit\/\" \/>\n<meta property=\"og:site_name\" content=\"Agriturismo Villa Bissiniga I Sal\u00f2 del Garda\" \/>\n<meta property=\"article:publisher\" content=\"https:\/\/www.facebook.com\/AgriturismoVillaBissiniga\/\" \/>\n<meta property=\"article:modified_time\" content=\"2024-12-16T11:34:06+00:00\" \/>\n<meta name=\"twitter:card\" content=\"summary_large_image\" \/>\n<meta name=\"twitter:label1\" content=\"Gesch\u00e4tzte Lesezeit\" \/>\n\t<meta name=\"twitter:data1\" content=\"2\u00a0Minuten\" \/>\n<script type=\"application\/ld+json\" class=\"yoast-schema-graph\">{\"@context\":\"https:\/\/schema.org\",\"@graph\":[{\"@type\":\"WebPage\",\"@id\":\"https:\/\/www.villabissiniga.com\/de\/hochzeit\/\",\"url\":\"https:\/\/www.villabissiniga.com\/de\/hochzeit\/\",\"name\":\"Einzigartige Events am Gardasee - Agriturismo Villa Bissiniga I Sal\u00f2 del Garda\",\"isPartOf\":{\"@id\":\"https:\/\/www.villabissiniga.com\/de\/#website\"},\"datePublished\":\"2024-12-14T16:08:30+00:00\",\"dateModified\":\"2024-12-16T11:34:06+00:00\",\"description\":\"Sind Sie es leid, schlecht organisierte Veranstaltungen in heruntergekommenen Umgebungen? Planen Sie Ihr n\u00e4chstes besonderes Event mit uns. Lehnen Sie sich zur\u00fcck und entspannen Sie, w\u00e4hrend wir den Rest \u00fcbernehmen.\",\"breadcrumb\":{\"@id\":\"https:\/\/www.villabissiniga.com\/de\/hochzeit\/#breadcrumb\"},\"inLanguage\":\"de\",\"potentialAction\":[{\"@type\":\"ReadAction\",\"target\":[\"https:\/\/www.villabissiniga.com\/de\/hochzeit\/\"]}]},{\"@type\":\"BreadcrumbList\",\"@id\":\"https:\/\/www.villabissiniga.com\/de\/hochzeit\/#breadcrumb\",\"itemListElement\":[{\"@type\":\"ListItem\",\"position\":1,\"name\":\"Home\",\"item\":\"https:\/\/www.villabissiniga.com\/de\/\"},{\"@type\":\"ListItem\",\"position\":2,\"name\":\"Hochzeit\"}]},{\"@type\":\"WebSite\",\"@id\":\"https:\/\/www.villabissiniga.com\/de\/#website\",\"url\":\"https:\/\/www.villabissiniga.com\/de\/\",\"name\":\"Agriturismo Villa Bissiniga I Sal\u00f2 del Garda\",\"description\":\"Farmhouse Villa Bed and Breakfast on Lake Garda, Italy\",\"publisher\":{\"@id\":\"https:\/\/www.villabissiniga.com\/de\/#organization\"},\"potentialAction\":[{\"@type\":\"SearchAction\",\"target\":{\"@type\":\"EntryPoint\",\"urlTemplate\":\"https:\/\/www.villabissiniga.com\/de\/?s={search_term_string}\"},\"query-input\":{\"@type\":\"PropertyValueSpecification\",\"valueRequired\":true,\"valueName\":\"search_term_string\"}}],\"inLanguage\":\"de\"},{\"@type\":\"Organization\",\"@id\":\"https:\/\/www.villabissiniga.com\/de\/#organization\",\"name\":\"Agriturismo Villa Bissiniga\",\"url\":\"https:\/\/www.villabissiniga.com\/de\/\",\"logo\":{\"@type\":\"ImageObject\",\"inLanguage\":\"de\",\"@id\":\"https:\/\/www.villabissiniga.com\/de\/#\/schema\/logo\/image\/\",\"url\":\"https:\/\/www.villabissiniga.com\/wp-content\/uploads\/2019\/05\/logo_bissinia_dark-1.png\",\"contentUrl\":\"https:\/\/www.villabissiniga.com\/wp-content\/uploads\/2019\/05\/logo_bissinia_dark-1.png\",\"width\":575,\"height\":184,\"caption\":\"Agriturismo Villa Bissiniga\"},\"image\":{\"@id\":\"https:\/\/www.villabissiniga.com\/de\/#\/schema\/logo\/image\/\"},\"sameAs\":[\"https:\/\/www.facebook.com\/AgriturismoVillaBissiniga\/\",\"https:\/\/www.instagram.com\/villabissiniga\/?hl=it\"]}]}<\/script>\n<!-- \/ Yoast SEO plugin. -->","yoast_head_json":{"title":"Einzigartige Events am Gardasee - Agriturismo Villa Bissiniga I Sal\u00f2 del Garda","description":"Sind Sie es leid, schlecht organisierte Veranstaltungen in heruntergekommenen Umgebungen? Planen Sie Ihr n\u00e4chstes besonderes Event mit uns. Lehnen Sie sich zur\u00fcck und entspannen Sie, w\u00e4hrend wir den Rest \u00fcbernehmen.","robots":{"index":"index","follow":"follow","max-snippet":"max-snippet:-1","max-image-preview":"max-image-preview:large","max-video-preview":"max-video-preview:-1"},"canonical":"https:\/\/www.villabissiniga.com\/de\/hochzeit\/","og_locale":"de_DE","og_type":"article","og_title":"Einzigartige Events am Gardasee - Agriturismo Villa Bissiniga I Sal\u00f2 del Garda","og_description":"Sind Sie es leid, schlecht organisierte Veranstaltungen in heruntergekommenen Umgebungen? Planen Sie Ihr n\u00e4chstes besonderes Event mit uns. Lehnen Sie sich zur\u00fcck und entspannen Sie, w\u00e4hrend wir den Rest \u00fcbernehmen.","og_url":"https:\/\/www.villabissiniga.com\/de\/hochzeit\/","og_site_name":"Agriturismo Villa Bissiniga I Sal\u00f2 del Garda","article_publisher":"https:\/\/www.facebook.com\/AgriturismoVillaBissiniga\/","article_modified_time":"2024-12-16T11:34:06+00:00","twitter_card":"summary_large_image","twitter_misc":{"Gesch\u00e4tzte Lesezeit":"2\u00a0Minuten"},"schema":{"@context":"https:\/\/schema.org","@graph":[{"@type":"WebPage","@id":"https:\/\/www.villabissiniga.com\/de\/hochzeit\/","url":"https:\/\/www.villabissiniga.com\/de\/hochzeit\/","name":"Einzigartige Events am Gardasee - Agriturismo Villa Bissiniga I Sal\u00f2 del Garda","isPartOf":{"@id":"https:\/\/www.villabissiniga.com\/de\/#website"},"datePublished":"2024-12-14T16:08:30+00:00","dateModified":"2024-12-16T11:34:06+00:00","description":"Sind Sie es leid, schlecht organisierte Veranstaltungen in heruntergekommenen Umgebungen? Planen Sie Ihr n\u00e4chstes besonderes Event mit uns. Lehnen Sie sich zur\u00fcck und entspannen Sie, w\u00e4hrend wir den Rest \u00fcbernehmen.","breadcrumb":{"@id":"https:\/\/www.villabissiniga.com\/de\/hochzeit\/#breadcrumb"},"inLanguage":"de","potentialAction":[{"@type":"ReadAction","target":["https:\/\/www.villabissiniga.com\/de\/hochzeit\/"]}]},{"@type":"BreadcrumbList","@id":"https:\/\/www.villabissiniga.com\/de\/hochzeit\/#breadcrumb","itemListElement":[{"@type":"ListItem","position":1,"name":"Home","item":"https:\/\/www.villabissiniga.com\/de\/"},{"@type":"ListItem","position":2,"name":"Hochzeit"}]},{"@type":"WebSite","@id":"https:\/\/www.villabissiniga.com\/de\/#website","url":"https:\/\/www.villabissiniga.com\/de\/","name":"Agriturismo Villa Bissiniga I Sal\u00f2 del Garda","description":"Farmhouse Villa Bed and Breakfast on Lake Garda, Italy","publisher":{"@id":"https:\/\/www.villabissiniga.com\/de\/#organization"},"potentialAction":[{"@type":"SearchAction","target":{"@type":"EntryPoint","urlTemplate":"https:\/\/www.villabissiniga.com\/de\/?s={search_term_string}"},"query-input":{"@type":"PropertyValueSpecification","valueRequired":true,"valueName":"search_term_string"}}],"inLanguage":"de"},{"@type":"Organization","@id":"https:\/\/www.villabissiniga.com\/de\/#organization","name":"Agriturismo Villa Bissiniga","url":"https:\/\/www.villabissiniga.com\/de\/","logo":{"@type":"ImageObject","inLanguage":"de","@id":"https:\/\/www.villabissiniga.com\/de\/#\/schema\/logo\/image\/","url":"https:\/\/www.villabissiniga.com\/wp-content\/uploads\/2019\/05\/logo_bissinia_dark-1.png","contentUrl":"https:\/\/www.villabissiniga.com\/wp-content\/uploads\/2019\/05\/logo_bissinia_dark-1.png","width":575,"height":184,"caption":"Agriturismo Villa Bissiniga"},"image":{"@id":"https:\/\/www.villabissiniga.com\/de\/#\/schema\/logo\/image\/"},"sameAs":["https:\/\/www.facebook.com\/AgriturismoVillaBissiniga\/","https:\/\/www.instagram.com\/villabissiniga\/?hl=it"]}]}},"_links":{"self":[{"href":"https:\/\/www.villabissiniga.com\/de\/wp-json\/wp\/v2\/pages\/8412"}],"collection":[{"href":"https:\/\/www.villabissiniga.com\/de\/wp-json\/wp\/v2\/pages"}],"about":[{"href":"https:\/\/www.villabissiniga.com\/de\/wp-json\/wp\/v2\/types\/page"}],"author":[{"embeddable":true,"href":"https:\/\/www.villabissiniga.com\/de\/wp-json\/wp\/v2\/users\/2"}],"replies":[{"embeddable":true,"href":"https:\/\/www.villabissiniga.com\/de\/wp-json\/wp\/v2\/comments?post=8412"}],"version-history":[{"count":5,"href":"https:\/\/www.villabissiniga.com\/de\/wp-json\/wp\/v2\/pages\/8412\/revisions"}],"predecessor-version":[{"id":8453,"href":"https:\/\/www.villabissiniga.com\/de\/wp-json\/wp\/v2\/pages\/8412\/revisions\/8453"}],"wp:attachment":[{"href":"https:\/\/www.villabissiniga.com\/de\/wp-json\/wp\/v2\/media?parent=8412"}],"curies":[{"name":"wp","href":"https:\/\/api.w.org\/{rel}","templated":true}]}}