{"id":4042,"date":"2019-11-11T09:18:15","date_gmt":"2019-11-11T09:18:15","guid":{"rendered":"http:\/\/www.villabissiniga.com\/blog\/"},"modified":"2020-02-05T09:50:02","modified_gmt":"2020-02-05T09:50:02","slug":"blog","status":"publish","type":"page","link":"https:\/\/www.villabissiniga.com\/it\/blog\/","title":{"rendered":"Blog"},"content":{"rendered":"","protected":false},"excerpt":{"rendered":"","protected":false},"author":2,"featured_media":0,"parent":0,"menu_order":0,"comment_status":"closed","ping_status":"closed","template":"template-parts\/blog-standard.php","meta":{"footnotes":""},"class_list":["post-4042","page","type-page","status-publish","hentry"],"yoast_head":"<!-- This site is optimized with the Yoast SEO plugin v23.6 - https:\/\/yoast.com\/wordpress\/plugins\/seo\/ -->\n<title>Blog - Agriturismo Villa Bissiniga I Bed&amp;Breakfast a Sal\u00f2 del Garda<\/title>\n<meta name=\"description\" content=\"Villa Bissiniga \u00e8 il luogo perfetto sul Lago di Garda per una breve fuga dalla citt\u00e0, per i tuoi eventi speciali (matrimoni, compleanni, anniversari, incontri d&#039;affari). Tieniti aggiornato con le nostre ultime novit\u00e0.\" \/>\n<meta name=\"robots\" content=\"index, follow, max-snippet:-1, max-image-preview:large, max-video-preview:-1\" \/>\n<link rel=\"canonical\" href=\"https:\/\/www.villabissiniga.com\/it\/blog\/\" \/>\n<meta property=\"og:locale\" content=\"it_IT\" \/>\n<meta property=\"og:type\" content=\"article\" \/>\n<meta property=\"og:title\" content=\"Blog - Agriturismo Villa Bissiniga I Bed&amp;Breakfast a Sal\u00f2 del Garda\" \/>\n<meta property=\"og:description\" content=\"Villa Bissiniga \u00e8 il luogo perfetto sul Lago di Garda per una breve fuga dalla citt\u00e0, per i tuoi eventi speciali (matrimoni, compleanni, anniversari, incontri d&#039;affari). Tieniti aggiornato con le nostre ultime novit\u00e0.\" \/>\n<meta property=\"og:url\" content=\"https:\/\/www.villabissiniga.com\/it\/blog\/\" \/>\n<meta property=\"og:site_name\" content=\"Agriturismo Villa Bissiniga I Bed&amp;Breakfast a Sal\u00f2 del Garda\" \/>\n<meta property=\"article:publisher\" content=\"https:\/\/www.facebook.com\/AgriturismoVillaBissiniga\/\" \/>\n<meta property=\"article:modified_time\" content=\"2020-02-05T09:50:02+00:00\" \/>\n<meta name=\"twitter:card\" content=\"summary_large_image\" \/>\n<script type=\"application\/ld+json\" class=\"yoast-schema-graph\">{\"@context\":\"https:\/\/schema.org\",\"@graph\":[{\"@type\":\"WebPage\",\"@id\":\"https:\/\/www.villabissiniga.com\/it\/blog\/\",\"url\":\"https:\/\/www.villabissiniga.com\/it\/blog\/\",\"name\":\"Blog - Agriturismo Villa Bissiniga I Bed&amp;Breakfast a Sal\u00f2 del Garda\",\"isPartOf\":{\"@id\":\"https:\/\/www.villabissiniga.com\/it\/#website\"},\"datePublished\":\"2019-11-11T09:18:15+00:00\",\"dateModified\":\"2020-02-05T09:50:02+00:00\",\"description\":\"Villa Bissiniga \u00e8 il luogo perfetto sul Lago di Garda per una breve fuga dalla citt\u00e0, per i tuoi eventi speciali (matrimoni, compleanni, anniversari, incontri d'affari). Tieniti aggiornato con le nostre ultime novit\u00e0.\",\"breadcrumb\":{\"@id\":\"https:\/\/www.villabissiniga.com\/it\/blog\/#breadcrumb\"},\"inLanguage\":\"it-IT\",\"potentialAction\":[{\"@type\":\"ReadAction\",\"target\":[\"https:\/\/www.villabissiniga.com\/it\/blog\/\"]}]},{\"@type\":\"BreadcrumbList\",\"@id\":\"https:\/\/www.villabissiniga.com\/it\/blog\/#breadcrumb\",\"itemListElement\":[{\"@type\":\"ListItem\",\"position\":1,\"name\":\"Home\",\"item\":\"https:\/\/www.villabissiniga.com\/it\/\"},{\"@type\":\"ListItem\",\"position\":2,\"name\":\"Blog\"}]},{\"@type\":\"WebSite\",\"@id\":\"https:\/\/www.villabissiniga.com\/it\/#website\",\"url\":\"https:\/\/www.villabissiniga.com\/it\/\",\"name\":\"Agriturismo Villa Bissiniga I Bed&amp;Breakfast a Sal\u00f2 del Garda\",\"description\":\"Agriturismo Villa Bissiniga - Bed and Breakfast on Lake Garda, Italy\",\"publisher\":{\"@id\":\"https:\/\/www.villabissiniga.com\/it\/#organization\"},\"potentialAction\":[{\"@type\":\"SearchAction\",\"target\":{\"@type\":\"EntryPoint\",\"urlTemplate\":\"https:\/\/www.villabissiniga.com\/it\/?s={search_term_string}\"},\"query-input\":{\"@type\":\"PropertyValueSpecification\",\"valueRequired\":true,\"valueName\":\"search_term_string\"}}],\"inLanguage\":\"it-IT\"},{\"@type\":\"Organization\",\"@id\":\"https:\/\/www.villabissiniga.com\/it\/#organization\",\"name\":\"Agriturismo Villa Bissiniga\",\"url\":\"https:\/\/www.villabissiniga.com\/it\/\",\"logo\":{\"@type\":\"ImageObject\",\"inLanguage\":\"it-IT\",\"@id\":\"https:\/\/www.villabissiniga.com\/it\/#\/schema\/logo\/image\/\",\"url\":\"https:\/\/www.villabissiniga.com\/wp-content\/uploads\/2019\/05\/logo_bissinia_dark-1.png\",\"contentUrl\":\"https:\/\/www.villabissiniga.com\/wp-content\/uploads\/2019\/05\/logo_bissinia_dark-1.png\",\"width\":575,\"height\":184,\"caption\":\"Agriturismo Villa Bissiniga\"},\"image\":{\"@id\":\"https:\/\/www.villabissiniga.com\/it\/#\/schema\/logo\/image\/\"},\"sameAs\":[\"https:\/\/www.facebook.com\/AgriturismoVillaBissiniga\/\",\"https:\/\/www.instagram.com\/villabissiniga\/?hl=it\"]}]}<\/script>\n<!-- \/ Yoast SEO plugin. -->","yoast_head_json":{"title":"Blog - Agriturismo Villa Bissiniga I Bed&amp;Breakfast a Sal\u00f2 del Garda","description":"Villa Bissiniga \u00e8 il luogo perfetto sul Lago di Garda per una breve fuga dalla citt\u00e0, per i tuoi eventi speciali (matrimoni, compleanni, anniversari, incontri d'affari). Tieniti aggiornato con le nostre ultime novit\u00e0.","robots":{"index":"index","follow":"follow","max-snippet":"max-snippet:-1","max-image-preview":"max-image-preview:large","max-video-preview":"max-video-preview:-1"},"canonical":"https:\/\/www.villabissiniga.com\/it\/blog\/","og_locale":"it_IT","og_type":"article","og_title":"Blog - Agriturismo Villa Bissiniga I Bed&amp;Breakfast a Sal\u00f2 del Garda","og_description":"Villa Bissiniga \u00e8 il luogo perfetto sul Lago di Garda per una breve fuga dalla citt\u00e0, per i tuoi eventi speciali (matrimoni, compleanni, anniversari, incontri d'affari). Tieniti aggiornato con le nostre ultime novit\u00e0.","og_url":"https:\/\/www.villabissiniga.com\/it\/blog\/","og_site_name":"Agriturismo Villa Bissiniga I Bed&amp;Breakfast a Sal\u00f2 del Garda","article_publisher":"https:\/\/www.facebook.com\/AgriturismoVillaBissiniga\/","article_modified_time":"2020-02-05T09:50:02+00:00","twitter_card":"summary_large_image","schema":{"@context":"https:\/\/schema.org","@graph":[{"@type":"WebPage","@id":"https:\/\/www.villabissiniga.com\/it\/blog\/","url":"https:\/\/www.villabissiniga.com\/it\/blog\/","name":"Blog - Agriturismo Villa Bissiniga I Bed&amp;Breakfast a Sal\u00f2 del Garda","isPartOf":{"@id":"https:\/\/www.villabissiniga.com\/it\/#website"},"datePublished":"2019-11-11T09:18:15+00:00","dateModified":"2020-02-05T09:50:02+00:00","description":"Villa Bissiniga \u00e8 il luogo perfetto sul Lago di Garda per una breve fuga dalla citt\u00e0, per i tuoi eventi speciali (matrimoni, compleanni, anniversari, incontri d'affari). Tieniti aggiornato con le nostre ultime novit\u00e0.","breadcrumb":{"@id":"https:\/\/www.villabissiniga.com\/it\/blog\/#breadcrumb"},"inLanguage":"it-IT","potentialAction":[{"@type":"ReadAction","target":["https:\/\/www.villabissiniga.com\/it\/blog\/"]}]},{"@type":"BreadcrumbList","@id":"https:\/\/www.villabissiniga.com\/it\/blog\/#breadcrumb","itemListElement":[{"@type":"ListItem","position":1,"name":"Home","item":"https:\/\/www.villabissiniga.com\/it\/"},{"@type":"ListItem","position":2,"name":"Blog"}]},{"@type":"WebSite","@id":"https:\/\/www.villabissiniga.com\/it\/#website","url":"https:\/\/www.villabissiniga.com\/it\/","name":"Agriturismo Villa Bissiniga I Bed&amp;Breakfast a Sal\u00f2 del Garda","description":"Agriturismo Villa Bissiniga - Bed and Breakfast on Lake Garda, Italy","publisher":{"@id":"https:\/\/www.villabissiniga.com\/it\/#organization"},"potentialAction":[{"@type":"SearchAction","target":{"@type":"EntryPoint","urlTemplate":"https:\/\/www.villabissiniga.com\/it\/?s={search_term_string}"},"query-input":{"@type":"PropertyValueSpecification","valueRequired":true,"valueName":"search_term_string"}}],"inLanguage":"it-IT"},{"@type":"Organization","@id":"https:\/\/www.villabissiniga.com\/it\/#organization","name":"Agriturismo Villa Bissiniga","url":"https:\/\/www.villabissiniga.com\/it\/","logo":{"@type":"ImageObject","inLanguage":"it-IT","@id":"https:\/\/www.villabissiniga.com\/it\/#\/schema\/logo\/image\/","url":"https:\/\/www.villabissiniga.com\/wp-content\/uploads\/2019\/05\/logo_bissinia_dark-1.png","contentUrl":"https:\/\/www.villabissiniga.com\/wp-content\/uploads\/2019\/05\/logo_bissinia_dark-1.png","width":575,"height":184,"caption":"Agriturismo Villa Bissiniga"},"image":{"@id":"https:\/\/www.villabissiniga.com\/it\/#\/schema\/logo\/image\/"},"sameAs":["https:\/\/www.facebook.com\/AgriturismoVillaBissiniga\/","https:\/\/www.instagram.com\/villabissiniga\/?hl=it"]}]}},"_links":{"self":[{"href":"https:\/\/www.villabissiniga.com\/it\/wp-json\/wp\/v2\/pages\/4042"}],"collection":[{"href":"https:\/\/www.villabissiniga.com\/it\/wp-json\/wp\/v2\/pages"}],"about":[{"href":"https:\/\/www.villabissiniga.com\/it\/wp-json\/wp\/v2\/types\/page"}],"author":[{"embeddable":true,"href":"https:\/\/www.villabissiniga.com\/it\/wp-json\/wp\/v2\/users\/2"}],"replies":[{"embeddable":true,"href":"https:\/\/www.villabissiniga.com\/it\/wp-json\/wp\/v2\/comments?post=4042"}],"version-history":[{"count":1,"href":"https:\/\/www.villabissiniga.com\/it\/wp-json\/wp\/v2\/pages\/4042\/revisions"}],"predecessor-version":[{"id":4208,"href":"https:\/\/www.villabissiniga.com\/it\/wp-json\/wp\/v2\/pages\/4042\/revisions\/4208"}],"wp:attachment":[{"href":"https:\/\/www.villabissiniga.com\/it\/wp-json\/wp\/v2\/media?parent=4042"}],"curies":[{"name":"wp","href":"https:\/\/api.w.org\/{rel}","templated":true}]}}