{"id":4064,"date":"2019-11-11T09:23:04","date_gmt":"2019-11-11T09:23:04","guid":{"rendered":"http:\/\/www.villabissiniga.com\/salo\/"},"modified":"2024-10-25T09:12:41","modified_gmt":"2024-10-25T09:12:41","slug":"salo-del-garda","status":"publish","type":"page","link":"https:\/\/www.villabissiniga.com\/it\/salo-del-garda\/","title":{"rendered":"Salo del garda"},"content":{"rendered":"<div class=\"wpb-content-wrapper\"><p>[vc_row][vc_column][vc_video link=&#8221;https:\/\/www.youtube.com\/watch?v=dh9alKcADvQ&#8221;][\/vc_column][\/vc_row][vc_row][vc_column][vc_column_text]Posto sulla sponda bresciana a sud-ovest del Lago di Garda, Sal\u00f2 \u00e8 il primo comune della Riviera dei Limoni. Famosa per il clima mite del Lago di Garda, per l\u2019originale vegetazione di cipressi, ulivi ed oleandri, \u00e8 una localit\u00e0 turistica di portata internazionale da pi\u00f9 di cent\u2019anni.<\/p>\n<p><strong>In auto:<\/strong> Sal\u00f2 \u00e8 raggiungibile con L\u2019autostrada A4 uscendo al casello di Brescia Est per poi proseguire con la tangenziale fino a destinazione.<\/p>\n<p><strong>In treno:<\/strong> Sal\u00f2 per il treno si appoggia a Brescia o Desenzano.<\/p>\n<p><strong>Cosa vedere a Sal\u00f2:<\/strong><\/p>\n<p>Sul bellissimo Lungolago di Sal\u00f2, all&#8217; altezza dell&#8217; imbarcadero, si notano &#8220;Il Palazzo della Magnifica Patria&#8221; ed &#8220;il Palazzo del Podest\u00e0&#8221;, che testimoniano la nobile storia della citt\u00e0. I Palazzi oggi ospitano gli uffici comunali, dove nell&#8217; atrio si possono ammirare gli affreschi di Angelo Landi e, sotto il portico che collega i due palazzi, antichi stemmi e lapidi commemorative.<\/p>\n<p>Sal\u00f2 \u00e8 posta su un incantevole golfo ai piedi del monte S. Bartolomeo (m. 568) ed \u00e8 la &#8220;capitale&#8221; dell&#8217; Alto Garda bresciano. Da non perdere una visita alle deliziose chiese di Madonna del Rio e il Duomo di Sant&#8217; Annunziata.<\/p>\n<p>Il centro storico, compreso tra piazza Carmine, la &#8220;Fossa&#8221; e il lungolago, \u00e8 un fitto susseguirsi di strade, vicoli e piazzette con dimore signorili, eleganti negozi, ristoranti e bar.<\/p>\n<p>Numerosi sono gli alberghi, anche di ottimo livello, gli affittacamere, le trattorie e ristoranti tipici ed i locali notturni per divertirsi la sera, soprattutto d&#8217; estate, come la Conca d&#8217; Oro o Borgo Fossa.<\/p>\n<p><strong>Cosa fare a Sal\u00f2:<\/strong><\/p>\n<p>Molto frequentato, specialmente dai turisti stranieri, \u00e8 il mercato del sabato mattina, che copre una grande area. Sal\u00f2 offre gite in battello alle caratteristiche localit\u00e0 del Garda ed una lunga spiaggia posta proprio di fronte alla citt\u00e0, sull&#8217; altro lato del piccolo golfo, permette tuffi e bagni. Da Sal\u00f2 si possono fare anche delle bellissime passeggiate percorrendo a piedi o in bicicletta sentieri e piste ciclabili. Una Scuola di Vela punteggia il lago di piccole barchette manovrate da velisti in erba ed una passeggiata, costruita in legno sull&#8217; acqua, borda tutto il Golfo di Sal\u00f2 ed invita ad una lunga camminata salutare. Da qualche anno Sal\u00f2 si \u00e8 arricchita del prestigioso\u00a0museo MU.SA\u00a0che ospita eventi e mostre di gran richiamo.<\/p>\n<p><strong>Cosa vedere nei dintorni:<\/strong><\/p>\n<p>I paesi pi\u00f9 famosi del Lago di Garda sono a due passi, come Gardone Riviera con il suo Vittoriale ed il Giardino Botanico Hruska. Da visitare assolutamente Manerba con la Rocca, il pi\u00f9 bel balcone sul lago, mentre Desenzano, Peschiera e la collana di piccoli porti fra Moniga e Toscolano Maderno sono i posti ideale per lo shopping e le vacanze d&#8217; estate.<\/p>\n<p>I famosi Centri Commerciali delle &#8220;Vele&#8221;; di Desenzano e il &#8220;Leone&#8221; di Lonato sono due punti di riferimento piacevoli ed interessanti da visitare per fare spese. Per far felici bambini e ragazzi, una visita al vicino parco avventura Il Rimbalzello, oltre che un&#8217; escursione ai famosi parchi a tema Gardaland e Movieland, oltre ad altri diversi parchi acquatici e di animali sempre in zona.[\/vc_column_text][\/vc_column][\/vc_row]<\/p>\n<\/div>","protected":false},"excerpt":{"rendered":"<p>[vc_row][vc_column][vc_video link=&#8221;https:\/\/www.youtube.com\/watch?v=dh9alKcADvQ&#8221;][\/vc_column][\/vc_row][vc_row][vc_column][vc_column_text]Posto sulla sponda bresciana a sud-ovest del Lago di Garda, Sal\u00f2 \u00e8 il primo comune della Riviera dei Limoni. Famosa per il clima mite del Lago di Garda, per l\u2019originale vegetazione di cipressi, ulivi ed oleandri, \u00e8 una localit\u00e0 turistica di portata internazionale da pi\u00f9 di cent\u2019anni. In auto: Sal\u00f2 \u00e8 raggiungibile con L\u2019autostrada [&hellip;]<\/p>\n","protected":false},"author":2,"featured_media":0,"parent":0,"menu_order":0,"comment_status":"closed","ping_status":"closed","template":"","meta":{"footnotes":""},"class_list":["post-4064","page","type-page","status-publish","hentry"],"yoast_head":"<!-- This site is optimized with the Yoast SEO plugin v23.6 - https:\/\/yoast.com\/wordpress\/plugins\/seo\/ -->\n<title>Salo del garda - Agriturismo Villa Bissiniga I Bed&amp;Breakfast a Sal\u00f2 del Garda<\/title>\n<meta name=\"robots\" content=\"index, follow, max-snippet:-1, max-image-preview:large, max-video-preview:-1\" \/>\n<link rel=\"canonical\" href=\"https:\/\/www.villabissiniga.com\/it\/salo-del-garda\/\" \/>\n<meta property=\"og:locale\" content=\"it_IT\" \/>\n<meta property=\"og:type\" content=\"article\" \/>\n<meta property=\"og:title\" content=\"Salo del garda - Agriturismo Villa Bissiniga I Bed&amp;Breakfast a Sal\u00f2 del Garda\" \/>\n<meta property=\"og:description\" content=\"[vc_row][vc_column][vc_video link=&#8221;https:\/\/www.youtube.com\/watch?v=dh9alKcADvQ&#8221;][\/vc_column][\/vc_row][vc_row][vc_column][vc_column_text]Posto sulla sponda bresciana a sud-ovest del Lago di Garda, Sal\u00f2 \u00e8 il primo comune della Riviera dei Limoni. Famosa per il clima mite del Lago di Garda, per l\u2019originale vegetazione di cipressi, ulivi ed oleandri, \u00e8 una localit\u00e0 turistica di portata internazionale da pi\u00f9 di cent\u2019anni. In auto: Sal\u00f2 \u00e8 raggiungibile con L\u2019autostrada [&hellip;]\" \/>\n<meta property=\"og:url\" content=\"https:\/\/www.villabissiniga.com\/it\/salo-del-garda\/\" \/>\n<meta property=\"og:site_name\" content=\"Agriturismo Villa Bissiniga I Bed&amp;Breakfast a Sal\u00f2 del Garda\" \/>\n<meta property=\"article:publisher\" content=\"https:\/\/www.facebook.com\/AgriturismoVillaBissiniga\/\" \/>\n<meta property=\"article:modified_time\" content=\"2024-10-25T09:12:41+00:00\" \/>\n<meta name=\"twitter:card\" content=\"summary_large_image\" \/>\n<meta name=\"twitter:label1\" content=\"Tempo di lettura stimato\" \/>\n\t<meta name=\"twitter:data1\" content=\"3 minuti\" \/>\n<script type=\"application\/ld+json\" class=\"yoast-schema-graph\">{\"@context\":\"https:\/\/schema.org\",\"@graph\":[{\"@type\":\"WebPage\",\"@id\":\"https:\/\/www.villabissiniga.com\/it\/salo-del-garda\/\",\"url\":\"https:\/\/www.villabissiniga.com\/it\/salo-del-garda\/\",\"name\":\"Salo del garda - Agriturismo Villa Bissiniga I Bed&amp;Breakfast a Sal\u00f2 del Garda\",\"isPartOf\":{\"@id\":\"https:\/\/www.villabissiniga.com\/it\/#website\"},\"datePublished\":\"2019-11-11T09:23:04+00:00\",\"dateModified\":\"2024-10-25T09:12:41+00:00\",\"breadcrumb\":{\"@id\":\"https:\/\/www.villabissiniga.com\/it\/salo-del-garda\/#breadcrumb\"},\"inLanguage\":\"it-IT\",\"potentialAction\":[{\"@type\":\"ReadAction\",\"target\":[\"https:\/\/www.villabissiniga.com\/it\/salo-del-garda\/\"]}]},{\"@type\":\"BreadcrumbList\",\"@id\":\"https:\/\/www.villabissiniga.com\/it\/salo-del-garda\/#breadcrumb\",\"itemListElement\":[{\"@type\":\"ListItem\",\"position\":1,\"name\":\"Home\",\"item\":\"https:\/\/www.villabissiniga.com\/it\/\"},{\"@type\":\"ListItem\",\"position\":2,\"name\":\"Salo del garda\"}]},{\"@type\":\"WebSite\",\"@id\":\"https:\/\/www.villabissiniga.com\/it\/#website\",\"url\":\"https:\/\/www.villabissiniga.com\/it\/\",\"name\":\"Agriturismo Villa Bissiniga I Bed&amp;Breakfast a Sal\u00f2 del Garda\",\"description\":\"Agriturismo Villa Bissiniga - Bed and Breakfast on Lake Garda, Italy\",\"publisher\":{\"@id\":\"https:\/\/www.villabissiniga.com\/it\/#organization\"},\"potentialAction\":[{\"@type\":\"SearchAction\",\"target\":{\"@type\":\"EntryPoint\",\"urlTemplate\":\"https:\/\/www.villabissiniga.com\/it\/?s={search_term_string}\"},\"query-input\":{\"@type\":\"PropertyValueSpecification\",\"valueRequired\":true,\"valueName\":\"search_term_string\"}}],\"inLanguage\":\"it-IT\"},{\"@type\":\"Organization\",\"@id\":\"https:\/\/www.villabissiniga.com\/it\/#organization\",\"name\":\"Agriturismo Villa Bissiniga\",\"url\":\"https:\/\/www.villabissiniga.com\/it\/\",\"logo\":{\"@type\":\"ImageObject\",\"inLanguage\":\"it-IT\",\"@id\":\"https:\/\/www.villabissiniga.com\/it\/#\/schema\/logo\/image\/\",\"url\":\"https:\/\/www.villabissiniga.com\/wp-content\/uploads\/2019\/05\/logo_bissinia_dark-1.png\",\"contentUrl\":\"https:\/\/www.villabissiniga.com\/wp-content\/uploads\/2019\/05\/logo_bissinia_dark-1.png\",\"width\":575,\"height\":184,\"caption\":\"Agriturismo Villa Bissiniga\"},\"image\":{\"@id\":\"https:\/\/www.villabissiniga.com\/it\/#\/schema\/logo\/image\/\"},\"sameAs\":[\"https:\/\/www.facebook.com\/AgriturismoVillaBissiniga\/\",\"https:\/\/www.instagram.com\/villabissiniga\/?hl=it\"]}]}<\/script>\n<!-- \/ Yoast SEO plugin. -->","yoast_head_json":{"title":"Salo del garda - Agriturismo Villa Bissiniga I Bed&amp;Breakfast a Sal\u00f2 del Garda","robots":{"index":"index","follow":"follow","max-snippet":"max-snippet:-1","max-image-preview":"max-image-preview:large","max-video-preview":"max-video-preview:-1"},"canonical":"https:\/\/www.villabissiniga.com\/it\/salo-del-garda\/","og_locale":"it_IT","og_type":"article","og_title":"Salo del garda - Agriturismo Villa Bissiniga I Bed&amp;Breakfast a Sal\u00f2 del Garda","og_description":"[vc_row][vc_column][vc_video link=&#8221;https:\/\/www.youtube.com\/watch?v=dh9alKcADvQ&#8221;][\/vc_column][\/vc_row][vc_row][vc_column][vc_column_text]Posto sulla sponda bresciana a sud-ovest del Lago di Garda, Sal\u00f2 \u00e8 il primo comune della Riviera dei Limoni. Famosa per il clima mite del Lago di Garda, per l\u2019originale vegetazione di cipressi, ulivi ed oleandri, \u00e8 una localit\u00e0 turistica di portata internazionale da pi\u00f9 di cent\u2019anni. In auto: Sal\u00f2 \u00e8 raggiungibile con L\u2019autostrada [&hellip;]","og_url":"https:\/\/www.villabissiniga.com\/it\/salo-del-garda\/","og_site_name":"Agriturismo Villa Bissiniga I Bed&amp;Breakfast a Sal\u00f2 del Garda","article_publisher":"https:\/\/www.facebook.com\/AgriturismoVillaBissiniga\/","article_modified_time":"2024-10-25T09:12:41+00:00","twitter_card":"summary_large_image","twitter_misc":{"Tempo di lettura stimato":"3 minuti"},"schema":{"@context":"https:\/\/schema.org","@graph":[{"@type":"WebPage","@id":"https:\/\/www.villabissiniga.com\/it\/salo-del-garda\/","url":"https:\/\/www.villabissiniga.com\/it\/salo-del-garda\/","name":"Salo del garda - Agriturismo Villa Bissiniga I Bed&amp;Breakfast a Sal\u00f2 del Garda","isPartOf":{"@id":"https:\/\/www.villabissiniga.com\/it\/#website"},"datePublished":"2019-11-11T09:23:04+00:00","dateModified":"2024-10-25T09:12:41+00:00","breadcrumb":{"@id":"https:\/\/www.villabissiniga.com\/it\/salo-del-garda\/#breadcrumb"},"inLanguage":"it-IT","potentialAction":[{"@type":"ReadAction","target":["https:\/\/www.villabissiniga.com\/it\/salo-del-garda\/"]}]},{"@type":"BreadcrumbList","@id":"https:\/\/www.villabissiniga.com\/it\/salo-del-garda\/#breadcrumb","itemListElement":[{"@type":"ListItem","position":1,"name":"Home","item":"https:\/\/www.villabissiniga.com\/it\/"},{"@type":"ListItem","position":2,"name":"Salo del garda"}]},{"@type":"WebSite","@id":"https:\/\/www.villabissiniga.com\/it\/#website","url":"https:\/\/www.villabissiniga.com\/it\/","name":"Agriturismo Villa Bissiniga I Bed&amp;Breakfast a Sal\u00f2 del Garda","description":"Agriturismo Villa Bissiniga - Bed and Breakfast on Lake Garda, Italy","publisher":{"@id":"https:\/\/www.villabissiniga.com\/it\/#organization"},"potentialAction":[{"@type":"SearchAction","target":{"@type":"EntryPoint","urlTemplate":"https:\/\/www.villabissiniga.com\/it\/?s={search_term_string}"},"query-input":{"@type":"PropertyValueSpecification","valueRequired":true,"valueName":"search_term_string"}}],"inLanguage":"it-IT"},{"@type":"Organization","@id":"https:\/\/www.villabissiniga.com\/it\/#organization","name":"Agriturismo Villa Bissiniga","url":"https:\/\/www.villabissiniga.com\/it\/","logo":{"@type":"ImageObject","inLanguage":"it-IT","@id":"https:\/\/www.villabissiniga.com\/it\/#\/schema\/logo\/image\/","url":"https:\/\/www.villabissiniga.com\/wp-content\/uploads\/2019\/05\/logo_bissinia_dark-1.png","contentUrl":"https:\/\/www.villabissiniga.com\/wp-content\/uploads\/2019\/05\/logo_bissinia_dark-1.png","width":575,"height":184,"caption":"Agriturismo Villa Bissiniga"},"image":{"@id":"https:\/\/www.villabissiniga.com\/it\/#\/schema\/logo\/image\/"},"sameAs":["https:\/\/www.facebook.com\/AgriturismoVillaBissiniga\/","https:\/\/www.instagram.com\/villabissiniga\/?hl=it"]}]}},"_links":{"self":[{"href":"https:\/\/www.villabissiniga.com\/it\/wp-json\/wp\/v2\/pages\/4064"}],"collection":[{"href":"https:\/\/www.villabissiniga.com\/it\/wp-json\/wp\/v2\/pages"}],"about":[{"href":"https:\/\/www.villabissiniga.com\/it\/wp-json\/wp\/v2\/types\/page"}],"author":[{"embeddable":true,"href":"https:\/\/www.villabissiniga.com\/it\/wp-json\/wp\/v2\/users\/2"}],"replies":[{"embeddable":true,"href":"https:\/\/www.villabissiniga.com\/it\/wp-json\/wp\/v2\/comments?post=4064"}],"version-history":[{"count":6,"href":"https:\/\/www.villabissiniga.com\/it\/wp-json\/wp\/v2\/pages\/4064\/revisions"}],"predecessor-version":[{"id":8098,"href":"https:\/\/www.villabissiniga.com\/it\/wp-json\/wp\/v2\/pages\/4064\/revisions\/8098"}],"wp:attachment":[{"href":"https:\/\/www.villabissiniga.com\/it\/wp-json\/wp\/v2\/media?parent=4064"}],"curies":[{"name":"wp","href":"https:\/\/api.w.org\/{rel}","templated":true}]}}