{"id":8119,"date":"2024-10-24T19:29:30","date_gmt":"2024-10-24T19:29:30","guid":{"rendered":"https:\/\/www.villabissiniga.com\/osteria-bissiniga\/"},"modified":"2026-02-18T15:52:10","modified_gmt":"2026-02-18T15:52:10","slug":"osteria-bissiniga","status":"publish","type":"page","link":"https:\/\/www.villabissiniga.com\/it\/osteria-bissiniga\/","title":{"rendered":"Osteria Bissiniga"},"content":{"rendered":"<div class=\"wpb-content-wrapper\"><p>[vc_section css=&#8221;.vc_custom_1729193081752{margin-top: 5% !important;margin-bottom: 20px !important;}&#8221;][vc_row][vc_column width=&#8221;1\/2&#8243;][vc_raw_html css=&#8221;&#8221;]CiAgICAgICAgICBbd3B2ciBpZD0iNzc4NSJdCiAgICAgICAg[\/vc_raw_html][\/vc_column][vc_column width=&#8221;1\/2&#8243;][vc_column_text css=&#8221;&#8221;]Immersa nelle incantevoli colline di Sal\u00f2 a Renzano, l&#8217;Osteria Villa Bissiniga \u00e8 una gemma nascosta che cattura il cuore della cucina rustica italiana e dell&#8217;ospitalit\u00e0. Questo incantevole bistrot offre un mix unico di sapori tradizionali e stile moderno, sullo sfondo mozzafiato di Sal\u00f2, sul Lago di Garda.<\/p>\n<p>Non appena entri nell&#8217;Osteria Villa Bissiniga, vieni immediatamente avvolto da un&#8217;atmosfera di caldo fascino rustico. L&#8217;accogliente interno, con i suoi soffitti curvi in \u200b\u200bmattoni e le luci soffuse, crea un ambiente intimo perfetto per assaporare cibo delizioso e buona compagnia.<\/p>\n<p>Ma sono i posti a sedere all&#8217;aperto a rubare davvero la scena all&#8217;interno dei terreni di Villa Bissiniga: immagina di fare un aperitivo sotto le stelle, con i dolci venti serali delle montagne del Lago di Garda come colonna sonora.<\/p>\n<p>Al centro della filosofia culinaria di Villa Bissiniga c&#8217;\u00e8 il suo impegno per gli ingredienti dalla fattoria alla tavola. Ogni piatto racconta una storia del terroir locale, con antipasti di stagione che esplodono con i sapori delle fattorie e dei giardini vicini. La pasta fatta in casa, un vero lavoro d&#8217;amore, \u00e8 una testimonianza della dedizione all&#8217;autentica cucina italiana.[\/vc_column_text][\/vc_column][\/vc_row][\/vc_section][vc_row css=&#8221;.vc_custom_1729096744519{margin-top: 20px !important;margin-bottom: 20px !important;background-color: #e8e8e8 !important;}&#8221;][vc_column width=&#8221;1\/4&#8243; cms_column_offset=&#8221;col-offset-left&#8221;][\/vc_column][vc_column width=&#8221;1\/2&#8243; css=&#8221;.vc_custom_1729096833575{padding-bottom: 10px !important;}&#8221;][vc_column_text css=&#8221;&#8221;]<\/p>\n<p style=\"text-align: center;\">Prenota subito la tua location e intraprendi un&#8217;esperienza culinaria con vista sulla Baia di Sal\u00f2 sul Lago di Garda!<\/p>\n<p>[\/vc_column_text][cms_button button_text=&#8221;Chiama ora &#8230;&#8221; button_link=&#8221;url:tel%3A%2B39%20348%20810%205020|title:Contact%20Us&#8221; font_weight=&#8221;400&#8243; button_align=&#8221;center&#8221; button_align_md=&#8221;center&#8221; button_align_sm=&#8221;center&#8221; button_align_xs=&#8221;center&#8221; icon_fontawesome=&#8221;fas fa-phone-volume&#8221; padding_top=&#8221;5 px&#8221; padding_bottom=&#8221;5 px&#8221;][\/vc_column][vc_column width=&#8221;1\/4&#8243;][\/vc_column][\/vc_row][vc_row][vc_column width=&#8221;1\/2&#8243;][vc_column_text css=&#8221;&#8221;]Accompagna il tuo pasto con una selezione dalla carta dei vini dell\u2019agriturismo, attentamente curata per completare il menu e mettere in mostra il meglio dei vigneti della propriet\u00e0.<\/p>\n<p>Mentre il sole tramonta sul Lago di Garda, l&#8217;Osteria Villa Bissiniga si trasforma in un vivace centro di intrattenimento. La musica dal vivo riempie l&#8217;aria, creando l&#8217;atmosfera perfetta per gustare un aperitivo con gli amici.<\/p>\n<p>Sorseggia cocktail sapientemente preparati o vini Villa Bissiniga come il rinomato Ros\u00e8 Bollicine e sgranocchia deliziosi snack mentre ti immergi nell&#8217;atmosfera vivace.<\/p>\n<p>Che tu stia pianificando una cena romantica per due o cercando di organizzare un evento privato memorabile,<\/p>\n<p>l&#8217;Osteria Villa Bissiniga offre l&#8217;ambiente perfetto. La posizione storica del bistrot aggiunge un tocco di eleganza senza tempo a qualsiasi occasione, rendendolo un luogo ideale per celebrazioni di ogni tipo di evento. Scopri tu stesso la magia di Villa Bissiniga. Vieni per il cibo, resta per i panorami e parti con ricordi indimenticabili della rustica ospitalit\u00e0 italiana al suo meglio[\/vc_column_text][\/vc_column][vc_column width=&#8221;1\/2&#8243;][vc_raw_html css=&#8221;&#8221;]CiAgICAgICAgICBbd3B2ciBpZD0iNzc4NyJdCiAgICAgICAg[\/vc_raw_html][\/vc_column][\/vc_row][vc_row][vc_column][\/vc_column][\/vc_row]<\/p>\n<\/div>","protected":false},"excerpt":{"rendered":"<p>[vc_section css=&#8221;.vc_custom_1729193081752{margin-top: 5% !important;margin-bottom: 20px !important;}&#8221;][vc_row][vc_column width=&#8221;1\/2&#8243;][vc_raw_html css=&#8221;&#8221;]CiAgICAgICAgICBbd3B2ciBpZD0iNzc4NSJdCiAgICAgICAg[\/vc_raw_html][\/vc_column][vc_column width=&#8221;1\/2&#8243;][vc_column_text css=&#8221;&#8221;]Immersa nelle incantevoli colline di Sal\u00f2 a Renzano, l&#8217;Osteria Villa Bissiniga \u00e8 una gemma nascosta che cattura il cuore della cucina rustica italiana e dell&#8217;ospitalit\u00e0. Questo incantevole bistrot offre un mix unico di sapori tradizionali e stile moderno, sullo sfondo mozzafiato di Sal\u00f2, sul Lago di [&hellip;]<\/p>\n","protected":false},"author":2,"featured_media":0,"parent":0,"menu_order":0,"comment_status":"closed","ping_status":"closed","template":"","meta":{"footnotes":""},"class_list":["post-8119","page","type-page","status-publish","hentry"],"yoast_head":"<!-- This site is optimized with the Yoast SEO plugin v23.6 - https:\/\/yoast.com\/wordpress\/plugins\/seo\/ -->\n<title>Osteria Bissiniga - Agriturismo Villa Bissiniga I Bed&amp;Breakfast a Sal\u00f2 del Garda<\/title>\n<meta name=\"description\" content=\"\u00c8 difficile rendere giustizia al nostro Relais Farmhouse con una breve descrizione. Se stai cercando un&#039;esperienza unica e rilassante sul Lago di Garda, vieni a trovarci ora.\" \/>\n<meta name=\"robots\" content=\"index, follow, max-snippet:-1, max-image-preview:large, max-video-preview:-1\" \/>\n<link rel=\"canonical\" href=\"https:\/\/www.villabissiniga.com\/it\/osteria-bissiniga\/\" \/>\n<meta property=\"og:locale\" content=\"it_IT\" \/>\n<meta property=\"og:type\" content=\"article\" \/>\n<meta property=\"og:title\" content=\"Osteria Bissiniga - Agriturismo Villa Bissiniga I Bed&amp;Breakfast a Sal\u00f2 del Garda\" \/>\n<meta property=\"og:description\" content=\"\u00c8 difficile rendere giustizia al nostro Relais Farmhouse con una breve descrizione. Se stai cercando un&#039;esperienza unica e rilassante sul Lago di Garda, vieni a trovarci ora.\" \/>\n<meta property=\"og:url\" content=\"https:\/\/www.villabissiniga.com\/it\/osteria-bissiniga\/\" \/>\n<meta property=\"og:site_name\" content=\"Agriturismo Villa Bissiniga I Bed&amp;Breakfast a Sal\u00f2 del Garda\" \/>\n<meta property=\"article:publisher\" content=\"https:\/\/www.facebook.com\/AgriturismoVillaBissiniga\/\" \/>\n<meta property=\"article:modified_time\" content=\"2026-02-18T15:52:10+00:00\" \/>\n<meta name=\"twitter:card\" content=\"summary_large_image\" \/>\n<meta name=\"twitter:label1\" content=\"Tempo di lettura stimato\" \/>\n\t<meta name=\"twitter:data1\" content=\"3 minuti\" \/>\n<script type=\"application\/ld+json\" class=\"yoast-schema-graph\">{\"@context\":\"https:\/\/schema.org\",\"@graph\":[{\"@type\":\"WebPage\",\"@id\":\"https:\/\/www.villabissiniga.com\/it\/osteria-bissiniga\/\",\"url\":\"https:\/\/www.villabissiniga.com\/it\/osteria-bissiniga\/\",\"name\":\"Osteria Bissiniga - Agriturismo Villa Bissiniga I Bed&amp;Breakfast a Sal\u00f2 del Garda\",\"isPartOf\":{\"@id\":\"https:\/\/www.villabissiniga.com\/it\/#website\"},\"datePublished\":\"2024-10-24T19:29:30+00:00\",\"dateModified\":\"2026-02-18T15:52:10+00:00\",\"description\":\"\u00c8 difficile rendere giustizia al nostro Relais Farmhouse con una breve descrizione. Se stai cercando un'esperienza unica e rilassante sul Lago di Garda, vieni a trovarci ora.\",\"breadcrumb\":{\"@id\":\"https:\/\/www.villabissiniga.com\/it\/osteria-bissiniga\/#breadcrumb\"},\"inLanguage\":\"it-IT\",\"potentialAction\":[{\"@type\":\"ReadAction\",\"target\":[\"https:\/\/www.villabissiniga.com\/it\/osteria-bissiniga\/\"]}]},{\"@type\":\"BreadcrumbList\",\"@id\":\"https:\/\/www.villabissiniga.com\/it\/osteria-bissiniga\/#breadcrumb\",\"itemListElement\":[{\"@type\":\"ListItem\",\"position\":1,\"name\":\"Home\",\"item\":\"https:\/\/www.villabissiniga.com\/it\/\"},{\"@type\":\"ListItem\",\"position\":2,\"name\":\"Osteria Bissiniga\"}]},{\"@type\":\"WebSite\",\"@id\":\"https:\/\/www.villabissiniga.com\/it\/#website\",\"url\":\"https:\/\/www.villabissiniga.com\/it\/\",\"name\":\"Agriturismo Villa Bissiniga I Bed&amp;Breakfast a Sal\u00f2 del Garda\",\"description\":\"Agriturismo Villa Bissiniga - Bed and Breakfast on Lake Garda, Italy\",\"publisher\":{\"@id\":\"https:\/\/www.villabissiniga.com\/it\/#organization\"},\"potentialAction\":[{\"@type\":\"SearchAction\",\"target\":{\"@type\":\"EntryPoint\",\"urlTemplate\":\"https:\/\/www.villabissiniga.com\/it\/?s={search_term_string}\"},\"query-input\":{\"@type\":\"PropertyValueSpecification\",\"valueRequired\":true,\"valueName\":\"search_term_string\"}}],\"inLanguage\":\"it-IT\"},{\"@type\":\"Organization\",\"@id\":\"https:\/\/www.villabissiniga.com\/it\/#organization\",\"name\":\"Agriturismo Villa Bissiniga\",\"url\":\"https:\/\/www.villabissiniga.com\/it\/\",\"logo\":{\"@type\":\"ImageObject\",\"inLanguage\":\"it-IT\",\"@id\":\"https:\/\/www.villabissiniga.com\/it\/#\/schema\/logo\/image\/\",\"url\":\"https:\/\/www.villabissiniga.com\/wp-content\/uploads\/2019\/05\/logo_bissinia_dark-1.png\",\"contentUrl\":\"https:\/\/www.villabissiniga.com\/wp-content\/uploads\/2019\/05\/logo_bissinia_dark-1.png\",\"width\":575,\"height\":184,\"caption\":\"Agriturismo Villa Bissiniga\"},\"image\":{\"@id\":\"https:\/\/www.villabissiniga.com\/it\/#\/schema\/logo\/image\/\"},\"sameAs\":[\"https:\/\/www.facebook.com\/AgriturismoVillaBissiniga\/\",\"https:\/\/www.instagram.com\/villabissiniga\/?hl=it\"]}]}<\/script>\n<!-- \/ Yoast SEO plugin. -->","yoast_head_json":{"title":"Osteria Bissiniga - Agriturismo Villa Bissiniga I Bed&amp;Breakfast a Sal\u00f2 del Garda","description":"\u00c8 difficile rendere giustizia al nostro Relais Farmhouse con una breve descrizione. Se stai cercando un'esperienza unica e rilassante sul Lago di Garda, vieni a trovarci ora.","robots":{"index":"index","follow":"follow","max-snippet":"max-snippet:-1","max-image-preview":"max-image-preview:large","max-video-preview":"max-video-preview:-1"},"canonical":"https:\/\/www.villabissiniga.com\/it\/osteria-bissiniga\/","og_locale":"it_IT","og_type":"article","og_title":"Osteria Bissiniga - Agriturismo Villa Bissiniga I Bed&amp;Breakfast a Sal\u00f2 del Garda","og_description":"\u00c8 difficile rendere giustizia al nostro Relais Farmhouse con una breve descrizione. Se stai cercando un'esperienza unica e rilassante sul Lago di Garda, vieni a trovarci ora.","og_url":"https:\/\/www.villabissiniga.com\/it\/osteria-bissiniga\/","og_site_name":"Agriturismo Villa Bissiniga I Bed&amp;Breakfast a Sal\u00f2 del Garda","article_publisher":"https:\/\/www.facebook.com\/AgriturismoVillaBissiniga\/","article_modified_time":"2026-02-18T15:52:10+00:00","twitter_card":"summary_large_image","twitter_misc":{"Tempo di lettura stimato":"3 minuti"},"schema":{"@context":"https:\/\/schema.org","@graph":[{"@type":"WebPage","@id":"https:\/\/www.villabissiniga.com\/it\/osteria-bissiniga\/","url":"https:\/\/www.villabissiniga.com\/it\/osteria-bissiniga\/","name":"Osteria Bissiniga - Agriturismo Villa Bissiniga I Bed&amp;Breakfast a Sal\u00f2 del Garda","isPartOf":{"@id":"https:\/\/www.villabissiniga.com\/it\/#website"},"datePublished":"2024-10-24T19:29:30+00:00","dateModified":"2026-02-18T15:52:10+00:00","description":"\u00c8 difficile rendere giustizia al nostro Relais Farmhouse con una breve descrizione. Se stai cercando un'esperienza unica e rilassante sul Lago di Garda, vieni a trovarci ora.","breadcrumb":{"@id":"https:\/\/www.villabissiniga.com\/it\/osteria-bissiniga\/#breadcrumb"},"inLanguage":"it-IT","potentialAction":[{"@type":"ReadAction","target":["https:\/\/www.villabissiniga.com\/it\/osteria-bissiniga\/"]}]},{"@type":"BreadcrumbList","@id":"https:\/\/www.villabissiniga.com\/it\/osteria-bissiniga\/#breadcrumb","itemListElement":[{"@type":"ListItem","position":1,"name":"Home","item":"https:\/\/www.villabissiniga.com\/it\/"},{"@type":"ListItem","position":2,"name":"Osteria Bissiniga"}]},{"@type":"WebSite","@id":"https:\/\/www.villabissiniga.com\/it\/#website","url":"https:\/\/www.villabissiniga.com\/it\/","name":"Agriturismo Villa Bissiniga I Bed&amp;Breakfast a Sal\u00f2 del Garda","description":"Agriturismo Villa Bissiniga - Bed and Breakfast on Lake Garda, Italy","publisher":{"@id":"https:\/\/www.villabissiniga.com\/it\/#organization"},"potentialAction":[{"@type":"SearchAction","target":{"@type":"EntryPoint","urlTemplate":"https:\/\/www.villabissiniga.com\/it\/?s={search_term_string}"},"query-input":{"@type":"PropertyValueSpecification","valueRequired":true,"valueName":"search_term_string"}}],"inLanguage":"it-IT"},{"@type":"Organization","@id":"https:\/\/www.villabissiniga.com\/it\/#organization","name":"Agriturismo Villa Bissiniga","url":"https:\/\/www.villabissiniga.com\/it\/","logo":{"@type":"ImageObject","inLanguage":"it-IT","@id":"https:\/\/www.villabissiniga.com\/it\/#\/schema\/logo\/image\/","url":"https:\/\/www.villabissiniga.com\/wp-content\/uploads\/2019\/05\/logo_bissinia_dark-1.png","contentUrl":"https:\/\/www.villabissiniga.com\/wp-content\/uploads\/2019\/05\/logo_bissinia_dark-1.png","width":575,"height":184,"caption":"Agriturismo Villa Bissiniga"},"image":{"@id":"https:\/\/www.villabissiniga.com\/it\/#\/schema\/logo\/image\/"},"sameAs":["https:\/\/www.facebook.com\/AgriturismoVillaBissiniga\/","https:\/\/www.instagram.com\/villabissiniga\/?hl=it"]}]}},"_links":{"self":[{"href":"https:\/\/www.villabissiniga.com\/it\/wp-json\/wp\/v2\/pages\/8119"}],"collection":[{"href":"https:\/\/www.villabissiniga.com\/it\/wp-json\/wp\/v2\/pages"}],"about":[{"href":"https:\/\/www.villabissiniga.com\/it\/wp-json\/wp\/v2\/types\/page"}],"author":[{"embeddable":true,"href":"https:\/\/www.villabissiniga.com\/it\/wp-json\/wp\/v2\/users\/2"}],"replies":[{"embeddable":true,"href":"https:\/\/www.villabissiniga.com\/it\/wp-json\/wp\/v2\/comments?post=8119"}],"version-history":[{"count":7,"href":"https:\/\/www.villabissiniga.com\/it\/wp-json\/wp\/v2\/pages\/8119\/revisions"}],"predecessor-version":[{"id":8767,"href":"https:\/\/www.villabissiniga.com\/it\/wp-json\/wp\/v2\/pages\/8119\/revisions\/8767"}],"wp:attachment":[{"href":"https:\/\/www.villabissiniga.com\/it\/wp-json\/wp\/v2\/media?parent=8119"}],"curies":[{"name":"wp","href":"https:\/\/api.w.org\/{rel}","templated":true}]}}